{"id":1212,"date":"2020-07-08T12:34:21","date_gmt":"2020-07-08T15:34:21","guid":{"rendered":"https:\/\/loja.daniellebeatrizmakeup.com.br\/index.php\/produto\/import-placeholder-for-1069\/"},"modified":"2023-12-06T05:15:50","modified_gmt":"2023-12-06T08:15:50","slug":"paleta-de-sombras-colorful-luisance","status":"publish","type":"product","link":"https:\/\/daniellebeatrizmakeup.com.br\/loja\/paleta-de-sombras-colorful-luisance\/","title":{"rendered":"Paleta de Sombras Colorful Luisance"},"content":{"rendered":"<p>A Paleta de Sombras Colorful da <a href=\"https:\/\/daniellebeatrizmakeup.com.br\/loja\/luisance\/\">Luisance<\/a> possui 25 cores de sombra para olhos com acabamento matte e perolado, excelente pigmenta\u00e7\u00e3o e super f\u00e1ceis de esfumar. Combine sombras neutras, com tons rosados ou cores mais quentes, como corais e marrons avermelhados. Aqueles tons curingas tamb\u00e9m est\u00e3o presentes na paleta: cinzas, beges e chumbo. Tudo isso em um estojo de sombras de tamanho perfeito para ter no seu kit de beleza di\u00e1rio ou profissional!<\/p>\n<p>Estojo de sombras ultra coloridas com 25 tons incr\u00edveis.<\/p>\n<p>Composto por 17 sombras matte e 8 sombras peroladas.<\/p>\n","protected":false},"excerpt":{"rendered":"<p>A Paleta de Sombras Colorful da Luisance possui 25 cores de sombra para olhos com acabamento matte e perolado, excelente pigmenta\u00e7\u00e3o e super f\u00e1ceis de esfumar. Combine sombras neutras, com tons rosados ou cores mais quentes, como corais e marrons avermelhados. Aqueles tons curingas tamb\u00e9m est\u00e3o presentes na paleta: cinzas, beges e chumbo. Tudo isso em um estojo de sombras de tamanho perfeito para ter no seu kit de beleza di\u00e1rio ou profissional!<\/p>\n","protected":false},"featured_media":1426,"comment_status":"open","ping_status":"closed","template":"","meta":{"_mbp_gutenberg_autopost":false},"product_brand":[],"product_cat":[124,79,326],"product_tag":[800,84,85,94,95,93,92],"woo-feed-brand":[],"class_list":{"0":"post-1212","1":"product","2":"type-product","3":"status-publish","4":"has-post-thumbnail","6":"product_cat-luisance","7":"product_cat-olhos","8":"product_cat-paleta-de-sombras","9":"product_tag-luisance","10":"product_tag-matte","11":"product_tag-nude","12":"product_tag-olhos-coloridos","13":"product_tag-olhos-neutros","14":"product_tag-paleta-de-sombra","15":"product_tag-sombra","17":"first","18":"outofstock","19":"shipping-taxable","20":"purchasable","21":"product-type-simple"},"yoast_head":"<!-- This site is optimized with the Yoast SEO plugin v26.6 - https:\/\/yoast.com\/wordpress\/plugins\/seo\/ -->\n<title>Paleta de Sombras Colorful Luisance - Loja DB Makeup<\/title>\n<meta name=\"description\" content=\"Paleta de Sombras Colorful da Luisance 25 cores de sombra para olhos com acabamento matte e perolado, pigmentada e super f\u00e1ceis de esfumar.\" \/>\n<meta name=\"robots\" content=\"index, follow, max-snippet:-1, max-image-preview:large, max-video-preview:-1\" \/>\n<link rel=\"canonical\" href=\"https:\/\/daniellebeatrizmakeup.com.br\/loja\/paleta-de-sombras-colorful-luisance\/\" \/>\n<meta property=\"og:locale\" content=\"pt_BR\" \/>\n<meta property=\"og:type\" content=\"article\" \/>\n<meta property=\"og:title\" content=\"Paleta de Sombras Colorful Luisance - Loja DB Makeup\" \/>\n<meta property=\"og:description\" content=\"Paleta de Sombras Colorful da Luisance 25 cores de sombra para olhos com acabamento matte e perolado, pigmentada e super f\u00e1ceis de esfumar.\" \/>\n<meta property=\"og:url\" content=\"https:\/\/daniellebeatrizmakeup.com.br\/loja\/paleta-de-sombras-colorful-luisance\/\" \/>\n<meta property=\"og:site_name\" content=\"Loja DB Makeup\" \/>\n<meta property=\"article:publisher\" content=\"https:\/\/www.facebook.com\/daniellebeatrizmakeup\" \/>\n<meta property=\"article:modified_time\" content=\"2023-12-06T08:15:50+00:00\" \/>\n<meta property=\"og:image\" content=\"https:\/\/daniellebeatrizmakeup.com.br\/loja\/wp-content\/uploads\/2020\/07\/paleta-de-sombras-25-cores-colorful-luisance-1.jpg\" \/>\n\t<meta property=\"og:image:width\" content=\"500\" \/>\n\t<meta property=\"og:image:height\" content=\"500\" \/>\n\t<meta property=\"og:image:type\" content=\"image\/jpeg\" \/>\n<meta name=\"twitter:card\" content=\"summary_large_image\" \/>\n<meta name=\"twitter:site\" content=\"@danibetriz\" \/>\n<meta name=\"twitter:label1\" content=\"Est. tempo de leitura\" \/>\n\t<meta name=\"twitter:data1\" content=\"1 minuto\" \/>\n<script type=\"application\/ld+json\" class=\"yoast-schema-graph\">{\"@context\":\"https:\/\/schema.org\",\"@graph\":[{\"@type\":\"WebPage\",\"@id\":\"https:\/\/daniellebeatrizmakeup.com.br\/loja\/paleta-de-sombras-colorful-luisance\/\",\"url\":\"https:\/\/daniellebeatrizmakeup.com.br\/loja\/paleta-de-sombras-colorful-luisance\/\",\"name\":\"Paleta de Sombras Colorful Luisance - Loja DB Makeup\",\"isPartOf\":{\"@id\":\"https:\/\/daniellebeatrizmakeup.com.br\/loja\/#website\"},\"primaryImageOfPage\":{\"@id\":\"https:\/\/daniellebeatrizmakeup.com.br\/loja\/paleta-de-sombras-colorful-luisance\/#primaryimage\"},\"image\":{\"@id\":\"https:\/\/daniellebeatrizmakeup.com.br\/loja\/paleta-de-sombras-colorful-luisance\/#primaryimage\"},\"thumbnailUrl\":\"https:\/\/daniellebeatrizmakeup.com.br\/loja\/wp-content\/uploads\/2020\/07\/paleta-de-sombras-25-cores-colorful-luisance-1.jpg\",\"datePublished\":\"2020-07-08T15:34:21+00:00\",\"dateModified\":\"2023-12-06T08:15:50+00:00\",\"description\":\"Paleta de Sombras Colorful da Luisance 25 cores de sombra para olhos com acabamento matte e perolado, pigmentada e super f\u00e1ceis de esfumar.\",\"breadcrumb\":{\"@id\":\"https:\/\/daniellebeatrizmakeup.com.br\/loja\/paleta-de-sombras-colorful-luisance\/#breadcrumb\"},\"inLanguage\":\"pt-BR\",\"potentialAction\":[{\"@type\":\"ReadAction\",\"target\":[\"https:\/\/daniellebeatrizmakeup.com.br\/loja\/paleta-de-sombras-colorful-luisance\/\"]}]},{\"@type\":\"ImageObject\",\"inLanguage\":\"pt-BR\",\"@id\":\"https:\/\/daniellebeatrizmakeup.com.br\/loja\/paleta-de-sombras-colorful-luisance\/#primaryimage\",\"url\":\"https:\/\/daniellebeatrizmakeup.com.br\/loja\/wp-content\/uploads\/2020\/07\/paleta-de-sombras-25-cores-colorful-luisance-1.jpg\",\"contentUrl\":\"https:\/\/daniellebeatrizmakeup.com.br\/loja\/wp-content\/uploads\/2020\/07\/paleta-de-sombras-25-cores-colorful-luisance-1.jpg\",\"width\":500,\"height\":500,\"caption\":\"Paleta de Sombras Colorful Luisance\"},{\"@type\":\"BreadcrumbList\",\"@id\":\"https:\/\/daniellebeatrizmakeup.com.br\/loja\/paleta-de-sombras-colorful-luisance\/#breadcrumb\",\"itemListElement\":[{\"@type\":\"ListItem\",\"position\":1,\"name\":\"In\u00edcio\",\"item\":\"https:\/\/daniellebeatrizmakeup.com.br\/loja\/\"},{\"@type\":\"ListItem\",\"position\":2,\"name\":\"Todos\",\"item\":\"https:\/\/daniellebeatrizmakeup.com.br\/loja\/todos\/\"},{\"@type\":\"ListItem\",\"position\":3,\"name\":\"Paleta de Sombras Colorful Luisance\"}]},{\"@type\":\"WebSite\",\"@id\":\"https:\/\/daniellebeatrizmakeup.com.br\/loja\/#website\",\"url\":\"https:\/\/daniellebeatrizmakeup.com.br\/loja\/\",\"name\":\"Loja DB Makeup\",\"description\":\"A melhor loja de maquiagem para real\u00e7ar a sua beleza\",\"publisher\":{\"@id\":\"https:\/\/daniellebeatrizmakeup.com.br\/loja\/#organization\"},\"potentialAction\":[{\"@type\":\"SearchAction\",\"target\":{\"@type\":\"EntryPoint\",\"urlTemplate\":\"https:\/\/daniellebeatrizmakeup.com.br\/loja\/?s={search_term_string}\"},\"query-input\":{\"@type\":\"PropertyValueSpecification\",\"valueRequired\":true,\"valueName\":\"search_term_string\"}}],\"inLanguage\":\"pt-BR\"},{\"@type\":\"Organization\",\"@id\":\"https:\/\/daniellebeatrizmakeup.com.br\/loja\/#organization\",\"name\":\"Danielle Beatriz Makeup\",\"url\":\"https:\/\/daniellebeatrizmakeup.com.br\/loja\/\",\"logo\":{\"@type\":\"ImageObject\",\"inLanguage\":\"pt-BR\",\"@id\":\"https:\/\/daniellebeatrizmakeup.com.br\/loja\/#\/schema\/logo\/image\/\",\"url\":\"https:\/\/daniellebeatrizmakeup.com.br\/loja\/wp-content\/uploads\/2020\/10\/logo-loja-db-makeup.png\",\"contentUrl\":\"https:\/\/daniellebeatrizmakeup.com.br\/loja\/wp-content\/uploads\/2020\/10\/logo-loja-db-makeup.png\",\"width\":500,\"height\":110,\"caption\":\"Danielle Beatriz Makeup\"},\"image\":{\"@id\":\"https:\/\/daniellebeatrizmakeup.com.br\/loja\/#\/schema\/logo\/image\/\"},\"sameAs\":[\"https:\/\/www.facebook.com\/daniellebeatrizmakeup\",\"https:\/\/x.com\/danibetriz\",\"https:\/\/www.instagram.com\/daniellebeatrizmakeup\",\"https:\/\/pinterest.com\/daniellebeatrizmakeup\",\"https:\/\/www.youtube.com\/DanielleBeatriz\"]}]}<\/script>\n<!-- \/ Yoast SEO plugin. -->","yoast_head_json":{"title":"Paleta de Sombras Colorful Luisance - Loja DB Makeup","description":"Paleta de Sombras Colorful da Luisance 25 cores de sombra para olhos com acabamento matte e perolado, pigmentada e super f\u00e1ceis de esfumar.","robots":{"index":"index","follow":"follow","max-snippet":"max-snippet:-1","max-image-preview":"max-image-preview:large","max-video-preview":"max-video-preview:-1"},"canonical":"https:\/\/daniellebeatrizmakeup.com.br\/loja\/paleta-de-sombras-colorful-luisance\/","og_locale":"pt_BR","og_type":"article","og_title":"Paleta de Sombras Colorful Luisance - Loja DB Makeup","og_description":"Paleta de Sombras Colorful da Luisance 25 cores de sombra para olhos com acabamento matte e perolado, pigmentada e super f\u00e1ceis de esfumar.","og_url":"https:\/\/daniellebeatrizmakeup.com.br\/loja\/paleta-de-sombras-colorful-luisance\/","og_site_name":"Loja DB Makeup","article_publisher":"https:\/\/www.facebook.com\/daniellebeatrizmakeup","article_modified_time":"2023-12-06T08:15:50+00:00","og_image":[{"width":500,"height":500,"url":"https:\/\/daniellebeatrizmakeup.com.br\/loja\/wp-content\/uploads\/2020\/07\/paleta-de-sombras-25-cores-colorful-luisance-1.jpg","type":"image\/jpeg"}],"twitter_card":"summary_large_image","twitter_site":"@danibetriz","twitter_misc":{"Est. tempo de leitura":"1 minuto"},"schema":{"@context":"https:\/\/schema.org","@graph":[{"@type":"WebPage","@id":"https:\/\/daniellebeatrizmakeup.com.br\/loja\/paleta-de-sombras-colorful-luisance\/","url":"https:\/\/daniellebeatrizmakeup.com.br\/loja\/paleta-de-sombras-colorful-luisance\/","name":"Paleta de Sombras Colorful Luisance - Loja DB Makeup","isPartOf":{"@id":"https:\/\/daniellebeatrizmakeup.com.br\/loja\/#website"},"primaryImageOfPage":{"@id":"https:\/\/daniellebeatrizmakeup.com.br\/loja\/paleta-de-sombras-colorful-luisance\/#primaryimage"},"image":{"@id":"https:\/\/daniellebeatrizmakeup.com.br\/loja\/paleta-de-sombras-colorful-luisance\/#primaryimage"},"thumbnailUrl":"https:\/\/daniellebeatrizmakeup.com.br\/loja\/wp-content\/uploads\/2020\/07\/paleta-de-sombras-25-cores-colorful-luisance-1.jpg","datePublished":"2020-07-08T15:34:21+00:00","dateModified":"2023-12-06T08:15:50+00:00","description":"Paleta de Sombras Colorful da Luisance 25 cores de sombra para olhos com acabamento matte e perolado, pigmentada e super f\u00e1ceis de esfumar.","breadcrumb":{"@id":"https:\/\/daniellebeatrizmakeup.com.br\/loja\/paleta-de-sombras-colorful-luisance\/#breadcrumb"},"inLanguage":"pt-BR","potentialAction":[{"@type":"ReadAction","target":["https:\/\/daniellebeatrizmakeup.com.br\/loja\/paleta-de-sombras-colorful-luisance\/"]}]},{"@type":"ImageObject","inLanguage":"pt-BR","@id":"https:\/\/daniellebeatrizmakeup.com.br\/loja\/paleta-de-sombras-colorful-luisance\/#primaryimage","url":"https:\/\/daniellebeatrizmakeup.com.br\/loja\/wp-content\/uploads\/2020\/07\/paleta-de-sombras-25-cores-colorful-luisance-1.jpg","contentUrl":"https:\/\/daniellebeatrizmakeup.com.br\/loja\/wp-content\/uploads\/2020\/07\/paleta-de-sombras-25-cores-colorful-luisance-1.jpg","width":500,"height":500,"caption":"Paleta de Sombras Colorful Luisance"},{"@type":"BreadcrumbList","@id":"https:\/\/daniellebeatrizmakeup.com.br\/loja\/paleta-de-sombras-colorful-luisance\/#breadcrumb","itemListElement":[{"@type":"ListItem","position":1,"name":"In\u00edcio","item":"https:\/\/daniellebeatrizmakeup.com.br\/loja\/"},{"@type":"ListItem","position":2,"name":"Todos","item":"https:\/\/daniellebeatrizmakeup.com.br\/loja\/todos\/"},{"@type":"ListItem","position":3,"name":"Paleta de Sombras Colorful Luisance"}]},{"@type":"WebSite","@id":"https:\/\/daniellebeatrizmakeup.com.br\/loja\/#website","url":"https:\/\/daniellebeatrizmakeup.com.br\/loja\/","name":"Loja DB Makeup","description":"A melhor loja de maquiagem para real\u00e7ar a sua beleza","publisher":{"@id":"https:\/\/daniellebeatrizmakeup.com.br\/loja\/#organization"},"potentialAction":[{"@type":"SearchAction","target":{"@type":"EntryPoint","urlTemplate":"https:\/\/daniellebeatrizmakeup.com.br\/loja\/?s={search_term_string}"},"query-input":{"@type":"PropertyValueSpecification","valueRequired":true,"valueName":"search_term_string"}}],"inLanguage":"pt-BR"},{"@type":"Organization","@id":"https:\/\/daniellebeatrizmakeup.com.br\/loja\/#organization","name":"Danielle Beatriz Makeup","url":"https:\/\/daniellebeatrizmakeup.com.br\/loja\/","logo":{"@type":"ImageObject","inLanguage":"pt-BR","@id":"https:\/\/daniellebeatrizmakeup.com.br\/loja\/#\/schema\/logo\/image\/","url":"https:\/\/daniellebeatrizmakeup.com.br\/loja\/wp-content\/uploads\/2020\/10\/logo-loja-db-makeup.png","contentUrl":"https:\/\/daniellebeatrizmakeup.com.br\/loja\/wp-content\/uploads\/2020\/10\/logo-loja-db-makeup.png","width":500,"height":110,"caption":"Danielle Beatriz Makeup"},"image":{"@id":"https:\/\/daniellebeatrizmakeup.com.br\/loja\/#\/schema\/logo\/image\/"},"sameAs":["https:\/\/www.facebook.com\/daniellebeatrizmakeup","https:\/\/x.com\/danibetriz","https:\/\/www.instagram.com\/daniellebeatrizmakeup","https:\/\/pinterest.com\/daniellebeatrizmakeup","https:\/\/www.youtube.com\/DanielleBeatriz"]}]}},"jetpack_sharing_enabled":true,"_links":{"self":[{"href":"https:\/\/daniellebeatrizmakeup.com.br\/loja\/wp-json\/wp\/v2\/product\/1212","targetHints":{"allow":["GET"]}}],"collection":[{"href":"https:\/\/daniellebeatrizmakeup.com.br\/loja\/wp-json\/wp\/v2\/product"}],"about":[{"href":"https:\/\/daniellebeatrizmakeup.com.br\/loja\/wp-json\/wp\/v2\/types\/product"}],"replies":[{"embeddable":true,"href":"https:\/\/daniellebeatrizmakeup.com.br\/loja\/wp-json\/wp\/v2\/comments?post=1212"}],"version-history":[{"count":5,"href":"https:\/\/daniellebeatrizmakeup.com.br\/loja\/wp-json\/wp\/v2\/product\/1212\/revisions"}],"predecessor-version":[{"id":56833,"href":"https:\/\/daniellebeatrizmakeup.com.br\/loja\/wp-json\/wp\/v2\/product\/1212\/revisions\/56833"}],"wp:featuredmedia":[{"embeddable":true,"href":"https:\/\/daniellebeatrizmakeup.com.br\/loja\/wp-json\/wp\/v2\/media\/1426"}],"wp:attachment":[{"href":"https:\/\/daniellebeatrizmakeup.com.br\/loja\/wp-json\/wp\/v2\/media?parent=1212"}],"wp:term":[{"taxonomy":"product_brand","embeddable":true,"href":"https:\/\/daniellebeatrizmakeup.com.br\/loja\/wp-json\/wp\/v2\/product_brand?post=1212"},{"taxonomy":"product_cat","embeddable":true,"href":"https:\/\/daniellebeatrizmakeup.com.br\/loja\/wp-json\/wp\/v2\/product_cat?post=1212"},{"taxonomy":"product_tag","embeddable":true,"href":"https:\/\/daniellebeatrizmakeup.com.br\/loja\/wp-json\/wp\/v2\/product_tag?post=1212"},{"taxonomy":"woo-feed-brand","embeddable":true,"href":"https:\/\/daniellebeatrizmakeup.com.br\/loja\/wp-json\/wp\/v2\/woo-feed-brand?post=1212"}],"curies":[{"name":"wp","href":"https:\/\/api.w.org\/{rel}","templated":true}]}}