{"id":1210,"date":"2020-07-08T12:34:21","date_gmt":"2020-07-08T15:34:21","guid":{"rendered":"https:\/\/loja.daniellebeatrizmakeup.com.br\/index.php\/produto\/import-placeholder-for-1067\/"},"modified":"2025-05-03T07:38:31","modified_gmt":"2025-05-03T10:38:31","slug":"kit-de-pinceis-pausa-para-feminices","status":"publish","type":"product","link":"https:\/\/daniellebeatrizmakeup.com.br\/loja\/kit-de-pinceis-pausa-para-feminices\/","title":{"rendered":"Kit de Pinc\u00e9is Pausa para Feminices"},"content":{"rendered":"<p>O <a href=\"https:\/\/daniellebeatrizmakeup.com.br\/loja\/kit-pinceis\/\">Kit<\/a> de <a href=\"https:\/\/www.instagram.com\/p\/Bfvwi8Vl4_O\/\">Pinc\u00e9is Pausa para Feminices<\/a> \u00e9 completo e ainda conta com a qualidade da Maria Margarida. Possui 13 pinc\u00e9is de qualidade profissional especialmente pra voc\u00ea que ama um produto lindo de se ver e perfeito de se usar. \u00c9 um \u00f3timo kit de pinc\u00e9is para uso profissional e para voc\u00ea que ama se automaquiar.<\/p>\n<p>Os pinc\u00e9is tem o cabo de madeira e cerdas entre sint\u00e9ticas, naturais e duo fiber. E ainda inclui essa N\u00e9cessaire linda!<\/p>\n<h2>Conhe\u00e7a um pouco de cada pincel desse Kit de Pinc\u00e9is Pausa para Feminices<\/h2>\n<p><strong>PPF10 &#8211; BASE TOPO RETO:<\/strong> Possui um formato de pincel plano com cerdas muito macias e densas. Feito com cerdas sint\u00e9ticas, proporciona um acabamento de alta defini\u00e7\u00e3o, uniforme, com base l\u00edquida ou cremosa.<\/p>\n<p><strong>PPF11 &#8211; BLUSH CHANFRADO:<\/strong> Apresenta um formato chanfrado com cerdas naturais e macias. Use este pincel com produtos em p\u00f3, como blush ou bronzer nas ma\u00e7\u00e3s do rosto.<\/p>\n<p><strong>PPF12 &#8211; PINCEL CORRETIVO:<\/strong> Possui uma cabe\u00e7a de pincel pequena, densa e c\u00f4nica. Feita com cerdas sint\u00e9ticas, este pincel foi criado para imitar as pontas dos dedos. \u00c9 excelente para aplicar corretivo nas \u00e1reas arredondadas do rosto, nariz e olhos, sem qualquer absor\u00e7\u00e3o do produto.<\/p>\n<p><strong>PPF13 &#8211; PINCEL DE ESFUMAR:<\/strong> Possui cerdas naturais com uma ponta c\u00f4nica. Use este pincel para esfumar os olhos de forma suave aplicando o produto e o misturando de forma leve e precisa. Perfeito para produtos em p\u00f3.<\/p>\n<p><strong>PPF14 &#8211; PINCEL P\u00d3 GRANDE:<\/strong> Apresenta um topo fofo, grande e redondo, usado para uma aplica\u00e7\u00e3o difusa de produtos em p\u00f3 em todo o rosto. Este pincel multifuncional \u00e9 perfeito para a finaliza\u00e7\u00e3o da maquiagem.<\/p>\n<p><strong>PPF15 &#8211; PINCEL PARA SOMBRA CURTO:<\/strong> Apresenta um topo curto e suave, ideal para aplica\u00e7\u00e3o de sombra. Oferece excelente controle ao aplicar cor a \u00e1reas muito pequenas do olho.<\/p>\n<p><strong>PPF16 &#8211; PINCEL PARA SOMBRA:<\/strong> Apresenta um topo macio e denso, feito com cerdas naturais e bordas ligeiramente arredondadas. Pincel elaborado para melhor aplica\u00e7\u00e3o de sombra com maior densidade.<\/p>\n<p><strong>PPF17 &#8211; PINCEL L\u00c1PIS:<\/strong> Apresenta uma ponta macia e c\u00f4nica. Desenvolvido com cerdas naturais e formato pontiagudo \u00e9 ideal para marcar o c\u00f4ncavo de maneira precisa. Perfeito para produtos em p\u00f3!<\/p>\n<p><strong>PPF18 &#8211; CONTORNO REDONDO:<\/strong> Possui cerdas densas e formato arredondado. A forma arredondada \u00e9 ideal para o contorno controlado das ma\u00e7\u00e3s do rosto e a linha da mand\u00edbula com produtos em p\u00f3.<\/p>\n<p><strong>PPF19 &#8211; MINI PINCEL DE ESFUMAR:<\/strong> Apresenta um topo mini com cerdas naturais macias e formato arredondado. Melhor para misturar cor no vinco com precis\u00e3o, mantendo sombra em pequenas \u00e1reas concentradas, dando ainda um efeito difuso.<\/p>\n<p><strong>PPF20 &#8211; PINCEL DE ESFUMAR EL\u00cdPTICO:<\/strong> Apresenta um topo de escova ligeiramente firme e arredondado para mistura universal de produtos. Funciona bem para suavizar linhas e bordas intensas e \u00e9 excelente para esfumar cores na p\u00e1lpebra.<\/p>\n<p><strong>PPF21 &#8211; PINCEL PARA COBERTURA DUO FIBER:<\/strong> Possui uma mistura de cerdas, sendo elas sint\u00e9ticas e naturais, com topo plana arejado. Este pincel funciona melhor com p\u00f3, creme e produtos l\u00edquidos sobre a pele para um acabamento bem misturado e leve.<\/p>\n<p><strong>PPF22 &#8211; PINCEL DELINEADOR CHANFRADO:<\/strong> Possui uma borda longa, ligeiramente inclinada, mais utilizado com produtos em gel, em p\u00f3 ou l\u00edquidos. \u00c9 especialmente \u00fatil para alisar as linhas de l\u00e1pis aplicadas aos c\u00edlios superiores ou inferiores. A borda longa permite a precis\u00e3o e a nitidez das linhas ao longo da linha superior.<\/p>\n<p><strong>** Pinc\u00e9is tamb\u00e9m vendidos separadamente. **<\/strong><\/p>\n<p>Dicas de Cuidados:<\/p>\n<ul>\n<li>Manter a higieniza\u00e7\u00e3o dos pinc\u00e9is com produtos adequados, para que as cerdas continuem sempre macias e livres de fungos e bact\u00e9rias.<\/li>\n<li>Lavar com sab\u00e3o neutro, e deixar secar na posi\u00e7\u00e3o horizontal, evitando molhar o cabo.<\/li>\n<\/ul>\n","protected":false},"excerpt":{"rendered":"<p>O Kit de Pinc\u00e9is Pausa para Feminices \u00e9 completo e ainda conta com a qualidade da Maria Margarida. Possui 13 pinc\u00e9is de qualidade profissional especialmente pra voc\u00ea que ama um produto lindo de se ver e perfeito de se usar. \u00c9 um \u00f3timo kit de pinc\u00e9is para uso profissional e para voc\u00ea que ama se automaquiar.<\/p>\n","protected":false},"featured_media":1377,"comment_status":"open","ping_status":"closed","template":"","meta":{"_mbp_gutenberg_autopost":false},"product_brand":[],"product_cat":[314,73,126,133],"product_tag":[140,147,137,156,146,145,138,197,143,144,139],"woo-feed-brand":[],"class_list":{"0":"post-1210","1":"product","2":"type-product","3":"status-publish","4":"has-post-thumbnail","6":"product_cat-kit-pinceis","7":"product_cat-maria-margarida","8":"product_cat-pausa-para-feminices","9":"product_cat-pinceis","10":"product_tag-acessorio","11":"product_tag-conjunto-de-pinceis","12":"product_tag-estojo","13":"product_tag-kit","14":"product_tag-kit-de-pinceis","15":"product_tag-maria-margarida","16":"product_tag-necessaire","17":"product_tag-pausa-para-feminices","18":"product_tag-pincel","19":"product_tag-pincel-de-maquiagem","20":"product_tag-porta-pinceis","21":"yith_product_brand-maria-margarida","22":"yith_product_brand-pausa-para-feminices","24":"first","25":"outofstock","26":"shipping-taxable","27":"purchasable","28":"product-type-simple"},"yoast_head":"<!-- This site is optimized with the Yoast SEO plugin v27.3 - https:\/\/yoast.com\/product\/yoast-seo-wordpress\/ -->\n<title>Kit de Pinc\u00e9is Pausa para Feminices - Loja DB Makeup<\/title>\n<meta name=\"description\" content=\"O Kit de pinc\u00e9is completo Pausa para Feminices possui 13 pinc\u00e9is de qualidade profissional, \u00f3timo para uso profissional e para se automaquiar.\" \/>\n<meta name=\"robots\" content=\"index, follow, max-snippet:-1, max-image-preview:large, max-video-preview:-1\" \/>\n<link rel=\"canonical\" href=\"https:\/\/daniellebeatrizmakeup.com.br\/loja\/kit-de-pinceis-pausa-para-feminices\/\" \/>\n<meta property=\"og:locale\" content=\"pt_BR\" \/>\n<meta property=\"og:type\" content=\"article\" \/>\n<meta property=\"og:title\" content=\"Kit de Pinc\u00e9is Pausa para Feminices - Loja DB Makeup\" \/>\n<meta property=\"og:description\" content=\"O Kit de pinc\u00e9is completo Pausa para Feminices possui 13 pinc\u00e9is de qualidade profissional, \u00f3timo para uso profissional e para se automaquiar.\" \/>\n<meta property=\"og:url\" content=\"https:\/\/daniellebeatrizmakeup.com.br\/loja\/kit-de-pinceis-pausa-para-feminices\/\" \/>\n<meta property=\"og:site_name\" content=\"Loja DB Makeup\" \/>\n<meta property=\"article:publisher\" content=\"https:\/\/www.facebook.com\/daniellebeatrizmakeup\" \/>\n<meta property=\"article:modified_time\" content=\"2025-05-03T10:38:31+00:00\" \/>\n<meta property=\"og:image\" content=\"https:\/\/daniellebeatrizmakeup.com.br\/loja\/wp-content\/uploads\/2020\/07\/kit-completo-pausa-para-feminices-maria-margarida-1.jpg\" \/>\n\t<meta property=\"og:image:width\" content=\"400\" \/>\n\t<meta property=\"og:image:height\" content=\"400\" \/>\n\t<meta property=\"og:image:type\" content=\"image\/jpeg\" \/>\n<meta name=\"twitter:card\" content=\"summary_large_image\" \/>\n<meta name=\"twitter:site\" content=\"@danibetriz\" \/>\n<meta name=\"twitter:label1\" content=\"Est. tempo de leitura\" \/>\n\t<meta name=\"twitter:data1\" content=\"3 minutos\" \/>\n<script type=\"application\/ld+json\" class=\"yoast-schema-graph\">{\"@context\":\"https:\\\/\\\/schema.org\",\"@graph\":[{\"@type\":\"WebPage\",\"@id\":\"https:\\\/\\\/daniellebeatrizmakeup.com.br\\\/loja\\\/kit-de-pinceis-pausa-para-feminices\\\/\",\"url\":\"https:\\\/\\\/daniellebeatrizmakeup.com.br\\\/loja\\\/kit-de-pinceis-pausa-para-feminices\\\/\",\"name\":\"Kit de Pinc\u00e9is Pausa para Feminices - Loja DB Makeup\",\"isPartOf\":{\"@id\":\"https:\\\/\\\/daniellebeatrizmakeup.com.br\\\/loja\\\/#website\"},\"primaryImageOfPage\":{\"@id\":\"https:\\\/\\\/daniellebeatrizmakeup.com.br\\\/loja\\\/kit-de-pinceis-pausa-para-feminices\\\/#primaryimage\"},\"image\":{\"@id\":\"https:\\\/\\\/daniellebeatrizmakeup.com.br\\\/loja\\\/kit-de-pinceis-pausa-para-feminices\\\/#primaryimage\"},\"thumbnailUrl\":\"https:\\\/\\\/daniellebeatrizmakeup.com.br\\\/loja\\\/wp-content\\\/uploads\\\/2020\\\/07\\\/kit-completo-pausa-para-feminices-maria-margarida-1.jpg\",\"datePublished\":\"2020-07-08T15:34:21+00:00\",\"dateModified\":\"2025-05-03T10:38:31+00:00\",\"description\":\"O Kit de pinc\u00e9is completo Pausa para Feminices possui 13 pinc\u00e9is de qualidade profissional, \u00f3timo para uso profissional e para se automaquiar.\",\"breadcrumb\":{\"@id\":\"https:\\\/\\\/daniellebeatrizmakeup.com.br\\\/loja\\\/kit-de-pinceis-pausa-para-feminices\\\/#breadcrumb\"},\"inLanguage\":\"pt-BR\",\"potentialAction\":[{\"@type\":\"ReadAction\",\"target\":[\"https:\\\/\\\/daniellebeatrizmakeup.com.br\\\/loja\\\/kit-de-pinceis-pausa-para-feminices\\\/\"]}]},{\"@type\":\"ImageObject\",\"inLanguage\":\"pt-BR\",\"@id\":\"https:\\\/\\\/daniellebeatrizmakeup.com.br\\\/loja\\\/kit-de-pinceis-pausa-para-feminices\\\/#primaryimage\",\"url\":\"https:\\\/\\\/daniellebeatrizmakeup.com.br\\\/loja\\\/wp-content\\\/uploads\\\/2020\\\/07\\\/kit-completo-pausa-para-feminices-maria-margarida-1.jpg\",\"contentUrl\":\"https:\\\/\\\/daniellebeatrizmakeup.com.br\\\/loja\\\/wp-content\\\/uploads\\\/2020\\\/07\\\/kit-completo-pausa-para-feminices-maria-margarida-1.jpg\",\"width\":400,\"height\":400,\"caption\":\"Kit de Pinc\u00e9is Pausa Para Feminices\"},{\"@type\":\"BreadcrumbList\",\"@id\":\"https:\\\/\\\/daniellebeatrizmakeup.com.br\\\/loja\\\/kit-de-pinceis-pausa-para-feminices\\\/#breadcrumb\",\"itemListElement\":[{\"@type\":\"ListItem\",\"position\":1,\"name\":\"In\u00edcio\",\"item\":\"https:\\\/\\\/daniellebeatrizmakeup.com.br\\\/loja\\\/\"},{\"@type\":\"ListItem\",\"position\":2,\"name\":\"Todos\",\"item\":\"https:\\\/\\\/daniellebeatrizmakeup.com.br\\\/loja\\\/todos\\\/\"},{\"@type\":\"ListItem\",\"position\":3,\"name\":\"Kit de Pinc\u00e9is Pausa para Feminices\"}]},{\"@type\":\"WebSite\",\"@id\":\"https:\\\/\\\/daniellebeatrizmakeup.com.br\\\/loja\\\/#website\",\"url\":\"https:\\\/\\\/daniellebeatrizmakeup.com.br\\\/loja\\\/\",\"name\":\"Loja DB Makeup\",\"description\":\"A melhor loja de maquiagem para real\u00e7ar a sua beleza\",\"publisher\":{\"@id\":\"https:\\\/\\\/daniellebeatrizmakeup.com.br\\\/loja\\\/#organization\"},\"potentialAction\":[{\"@type\":\"SearchAction\",\"target\":{\"@type\":\"EntryPoint\",\"urlTemplate\":\"https:\\\/\\\/daniellebeatrizmakeup.com.br\\\/loja\\\/?s={search_term_string}\"},\"query-input\":{\"@type\":\"PropertyValueSpecification\",\"valueRequired\":true,\"valueName\":\"search_term_string\"}}],\"inLanguage\":\"pt-BR\"},{\"@type\":\"Organization\",\"@id\":\"https:\\\/\\\/daniellebeatrizmakeup.com.br\\\/loja\\\/#organization\",\"name\":\"Danielle Beatriz Makeup\",\"url\":\"https:\\\/\\\/daniellebeatrizmakeup.com.br\\\/loja\\\/\",\"logo\":{\"@type\":\"ImageObject\",\"inLanguage\":\"pt-BR\",\"@id\":\"https:\\\/\\\/daniellebeatrizmakeup.com.br\\\/loja\\\/#\\\/schema\\\/logo\\\/image\\\/\",\"url\":\"https:\\\/\\\/daniellebeatrizmakeup.com.br\\\/loja\\\/wp-content\\\/uploads\\\/2020\\\/10\\\/logo-loja-db-makeup.png\",\"contentUrl\":\"https:\\\/\\\/daniellebeatrizmakeup.com.br\\\/loja\\\/wp-content\\\/uploads\\\/2020\\\/10\\\/logo-loja-db-makeup.png\",\"width\":500,\"height\":110,\"caption\":\"Danielle Beatriz Makeup\"},\"image\":{\"@id\":\"https:\\\/\\\/daniellebeatrizmakeup.com.br\\\/loja\\\/#\\\/schema\\\/logo\\\/image\\\/\"},\"sameAs\":[\"https:\\\/\\\/www.facebook.com\\\/daniellebeatrizmakeup\",\"https:\\\/\\\/x.com\\\/danibetriz\",\"https:\\\/\\\/www.instagram.com\\\/daniellebeatrizmakeup\",\"https:\\\/\\\/pinterest.com\\\/daniellebeatrizmakeup\",\"https:\\\/\\\/www.youtube.com\\\/DanielleBeatriz\"]}]}<\/script>\n<!-- \/ Yoast SEO plugin. -->","yoast_head_json":{"title":"Kit de Pinc\u00e9is Pausa para Feminices - Loja DB Makeup","description":"O Kit de pinc\u00e9is completo Pausa para Feminices possui 13 pinc\u00e9is de qualidade profissional, \u00f3timo para uso profissional e para se automaquiar.","robots":{"index":"index","follow":"follow","max-snippet":"max-snippet:-1","max-image-preview":"max-image-preview:large","max-video-preview":"max-video-preview:-1"},"canonical":"https:\/\/daniellebeatrizmakeup.com.br\/loja\/kit-de-pinceis-pausa-para-feminices\/","og_locale":"pt_BR","og_type":"article","og_title":"Kit de Pinc\u00e9is Pausa para Feminices - Loja DB Makeup","og_description":"O Kit de pinc\u00e9is completo Pausa para Feminices possui 13 pinc\u00e9is de qualidade profissional, \u00f3timo para uso profissional e para se automaquiar.","og_url":"https:\/\/daniellebeatrizmakeup.com.br\/loja\/kit-de-pinceis-pausa-para-feminices\/","og_site_name":"Loja DB Makeup","article_publisher":"https:\/\/www.facebook.com\/daniellebeatrizmakeup","article_modified_time":"2025-05-03T10:38:31+00:00","og_image":[{"width":400,"height":400,"url":"https:\/\/daniellebeatrizmakeup.com.br\/loja\/wp-content\/uploads\/2020\/07\/kit-completo-pausa-para-feminices-maria-margarida-1.jpg","type":"image\/jpeg"}],"twitter_card":"summary_large_image","twitter_site":"@danibetriz","twitter_misc":{"Est. tempo de leitura":"3 minutos"},"schema":{"@context":"https:\/\/schema.org","@graph":[{"@type":"WebPage","@id":"https:\/\/daniellebeatrizmakeup.com.br\/loja\/kit-de-pinceis-pausa-para-feminices\/","url":"https:\/\/daniellebeatrizmakeup.com.br\/loja\/kit-de-pinceis-pausa-para-feminices\/","name":"Kit de Pinc\u00e9is Pausa para Feminices - Loja DB Makeup","isPartOf":{"@id":"https:\/\/daniellebeatrizmakeup.com.br\/loja\/#website"},"primaryImageOfPage":{"@id":"https:\/\/daniellebeatrizmakeup.com.br\/loja\/kit-de-pinceis-pausa-para-feminices\/#primaryimage"},"image":{"@id":"https:\/\/daniellebeatrizmakeup.com.br\/loja\/kit-de-pinceis-pausa-para-feminices\/#primaryimage"},"thumbnailUrl":"https:\/\/daniellebeatrizmakeup.com.br\/loja\/wp-content\/uploads\/2020\/07\/kit-completo-pausa-para-feminices-maria-margarida-1.jpg","datePublished":"2020-07-08T15:34:21+00:00","dateModified":"2025-05-03T10:38:31+00:00","description":"O Kit de pinc\u00e9is completo Pausa para Feminices possui 13 pinc\u00e9is de qualidade profissional, \u00f3timo para uso profissional e para se automaquiar.","breadcrumb":{"@id":"https:\/\/daniellebeatrizmakeup.com.br\/loja\/kit-de-pinceis-pausa-para-feminices\/#breadcrumb"},"inLanguage":"pt-BR","potentialAction":[{"@type":"ReadAction","target":["https:\/\/daniellebeatrizmakeup.com.br\/loja\/kit-de-pinceis-pausa-para-feminices\/"]}]},{"@type":"ImageObject","inLanguage":"pt-BR","@id":"https:\/\/daniellebeatrizmakeup.com.br\/loja\/kit-de-pinceis-pausa-para-feminices\/#primaryimage","url":"https:\/\/daniellebeatrizmakeup.com.br\/loja\/wp-content\/uploads\/2020\/07\/kit-completo-pausa-para-feminices-maria-margarida-1.jpg","contentUrl":"https:\/\/daniellebeatrizmakeup.com.br\/loja\/wp-content\/uploads\/2020\/07\/kit-completo-pausa-para-feminices-maria-margarida-1.jpg","width":400,"height":400,"caption":"Kit de Pinc\u00e9is Pausa Para Feminices"},{"@type":"BreadcrumbList","@id":"https:\/\/daniellebeatrizmakeup.com.br\/loja\/kit-de-pinceis-pausa-para-feminices\/#breadcrumb","itemListElement":[{"@type":"ListItem","position":1,"name":"In\u00edcio","item":"https:\/\/daniellebeatrizmakeup.com.br\/loja\/"},{"@type":"ListItem","position":2,"name":"Todos","item":"https:\/\/daniellebeatrizmakeup.com.br\/loja\/todos\/"},{"@type":"ListItem","position":3,"name":"Kit de Pinc\u00e9is Pausa para Feminices"}]},{"@type":"WebSite","@id":"https:\/\/daniellebeatrizmakeup.com.br\/loja\/#website","url":"https:\/\/daniellebeatrizmakeup.com.br\/loja\/","name":"Loja DB Makeup","description":"A melhor loja de maquiagem para real\u00e7ar a sua beleza","publisher":{"@id":"https:\/\/daniellebeatrizmakeup.com.br\/loja\/#organization"},"potentialAction":[{"@type":"SearchAction","target":{"@type":"EntryPoint","urlTemplate":"https:\/\/daniellebeatrizmakeup.com.br\/loja\/?s={search_term_string}"},"query-input":{"@type":"PropertyValueSpecification","valueRequired":true,"valueName":"search_term_string"}}],"inLanguage":"pt-BR"},{"@type":"Organization","@id":"https:\/\/daniellebeatrizmakeup.com.br\/loja\/#organization","name":"Danielle Beatriz Makeup","url":"https:\/\/daniellebeatrizmakeup.com.br\/loja\/","logo":{"@type":"ImageObject","inLanguage":"pt-BR","@id":"https:\/\/daniellebeatrizmakeup.com.br\/loja\/#\/schema\/logo\/image\/","url":"https:\/\/daniellebeatrizmakeup.com.br\/loja\/wp-content\/uploads\/2020\/10\/logo-loja-db-makeup.png","contentUrl":"https:\/\/daniellebeatrizmakeup.com.br\/loja\/wp-content\/uploads\/2020\/10\/logo-loja-db-makeup.png","width":500,"height":110,"caption":"Danielle Beatriz Makeup"},"image":{"@id":"https:\/\/daniellebeatrizmakeup.com.br\/loja\/#\/schema\/logo\/image\/"},"sameAs":["https:\/\/www.facebook.com\/daniellebeatrizmakeup","https:\/\/x.com\/danibetriz","https:\/\/www.instagram.com\/daniellebeatrizmakeup","https:\/\/pinterest.com\/daniellebeatrizmakeup","https:\/\/www.youtube.com\/DanielleBeatriz"]}]}},"jetpack_sharing_enabled":true,"_links":{"self":[{"href":"https:\/\/daniellebeatrizmakeup.com.br\/loja\/wp-json\/wp\/v2\/product\/1210","targetHints":{"allow":["GET"]}}],"collection":[{"href":"https:\/\/daniellebeatrizmakeup.com.br\/loja\/wp-json\/wp\/v2\/product"}],"about":[{"href":"https:\/\/daniellebeatrizmakeup.com.br\/loja\/wp-json\/wp\/v2\/types\/product"}],"replies":[{"embeddable":true,"href":"https:\/\/daniellebeatrizmakeup.com.br\/loja\/wp-json\/wp\/v2\/comments?post=1210"}],"version-history":[{"count":2,"href":"https:\/\/daniellebeatrizmakeup.com.br\/loja\/wp-json\/wp\/v2\/product\/1210\/revisions"}],"predecessor-version":[{"id":54455,"href":"https:\/\/daniellebeatrizmakeup.com.br\/loja\/wp-json\/wp\/v2\/product\/1210\/revisions\/54455"}],"wp:featuredmedia":[{"embeddable":true,"href":"https:\/\/daniellebeatrizmakeup.com.br\/loja\/wp-json\/wp\/v2\/media\/1377"}],"wp:attachment":[{"href":"https:\/\/daniellebeatrizmakeup.com.br\/loja\/wp-json\/wp\/v2\/media?parent=1210"}],"wp:term":[{"taxonomy":"product_brand","embeddable":true,"href":"https:\/\/daniellebeatrizmakeup.com.br\/loja\/wp-json\/wp\/v2\/product_brand?post=1210"},{"taxonomy":"product_cat","embeddable":true,"href":"https:\/\/daniellebeatrizmakeup.com.br\/loja\/wp-json\/wp\/v2\/product_cat?post=1210"},{"taxonomy":"product_tag","embeddable":true,"href":"https:\/\/daniellebeatrizmakeup.com.br\/loja\/wp-json\/wp\/v2\/product_tag?post=1210"},{"taxonomy":"woo-feed-brand","embeddable":true,"href":"https:\/\/daniellebeatrizmakeup.com.br\/loja\/wp-json\/wp\/v2\/woo-feed-brand?post=1210"}],"curies":[{"name":"wp","href":"https:\/\/api.w.org\/{rel}","templated":true}]}}