{"id":1207,"date":"2020-07-08T12:34:21","date_gmt":"2020-07-08T15:34:21","guid":{"rendered":"https:\/\/loja.daniellebeatrizmakeup.com.br\/index.php\/produto\/import-placeholder-for-1064\/"},"modified":"2024-12-17T00:56:26","modified_gmt":"2024-12-17T03:56:26","slug":"kit-de-pinceis-oval-rose-expert-maria-margarida","status":"publish","type":"product","link":"https:\/\/daniellebeatrizmakeup.com.br\/loja\/kit-de-pinceis-oval-rose-expert-maria-margarida\/","title":{"rendered":"Kit de Pinc\u00e9is Oval Ros\u00e9 Expert Maria Margarida"},"content":{"rendered":"<p>O <a href=\"https:\/\/www.instagram.com\/p\/BeVP-GkFieD\/\">Kit de Pinc\u00e9is Oval Ros\u00e9 Expert<\/a> da <a href=\"https:\/\/daniellebeatrizmakeup.com.br\/loja\/maria-margarida\/\">Maria Margarida<\/a> \u00e9 composto por 5 pinc\u00e9is de qualidade profissional, feitos com cerdas sint\u00e9ticas extremamente densas e macias resultando em uma aplica\u00e7\u00e3o de produto perfeita.<\/p>\n<p>EB1 &#8211; Pincel Ros\u00e9 Corretivo e Sombra<\/p>\n<p>EB2 &#8211; Pincel Ros\u00e9 Pequenos Detalhes &#8211; Delineador, Sobrancelha<\/p>\n<p>EB3 &#8211; Pincel Ros\u00e9 Blush<\/p>\n<p>EB4 &#8211; Pincel Ros\u00e9 Base<\/p>\n<p>EB5 &#8211; Pincel Ros\u00e9 Iluminador e Contorno<\/p>\n<p>Elaborado com cerdas sint\u00e9ticas de alt\u00edssima qualidade! Kit vegano e cruelty free!<\/p>\n<p>Cuidados:<\/p>\n<ul>\n<li>Manter a higieniza\u00e7\u00e3o dos pinc\u00e9is com produtos adequados, para que as cerdas continuem sempre macias e livres de fungos e bact\u00e9rias.<\/li>\n<li>Dica: Lavar com sab\u00e3o neutro, e deixar secar na posi\u00e7\u00e3o horizontal, evitando molhar o cabo.<\/li>\n<\/ul>\n","protected":false},"excerpt":{"rendered":"<p>O Kit de Pinc\u00e9is Oval Ros\u00e9 Expert da Maria Margarida \u00e9 composto por 5 pinc\u00e9is de qualidade profissional, feitos com cerdas sint\u00e9ticas extremamente densas e macias resultando em uma aplica\u00e7\u00e3o de produto perfeita.<\/p>\n","protected":false},"featured_media":1365,"comment_status":"open","ping_status":"closed","template":"","meta":{"_mbp_gutenberg_autopost":false},"product_brand":[],"product_cat":[314,73,133],"product_tag":[140,147,156,146,145,143,144],"woo-feed-brand":[],"class_list":{"0":"post-1207","1":"product","2":"type-product","3":"status-publish","4":"has-post-thumbnail","6":"product_cat-kit-pinceis","7":"product_cat-maria-margarida","8":"product_cat-pinceis","9":"product_tag-acessorio","10":"product_tag-conjunto-de-pinceis","11":"product_tag-kit","12":"product_tag-kit-de-pinceis","13":"product_tag-maria-margarida","14":"product_tag-pincel","15":"product_tag-pincel-de-maquiagem","16":"yith_product_brand-maria-margarida","18":"first","19":"instock","20":"shipping-taxable","21":"purchasable","22":"product-type-simple"},"yoast_head":"<!-- This site is optimized with the Yoast SEO plugin v27.3 - https:\/\/yoast.com\/product\/yoast-seo-wordpress\/ -->\n<title>Kit de Pinc\u00e9is Oval Ros\u00e9 Expert Maria Margarida - Loja DB Makeup<\/title>\n<meta name=\"description\" content=\"O Kit de Pinc\u00e9is Oval Ros\u00e9 Expert \u00e9 composto por 5 pinc\u00e9is de qualidade profissional, com cerdas sint\u00e9ticas extremamente densas e macias.\" \/>\n<meta name=\"robots\" content=\"index, follow, max-snippet:-1, max-image-preview:large, max-video-preview:-1\" \/>\n<link rel=\"canonical\" href=\"https:\/\/daniellebeatrizmakeup.com.br\/loja\/kit-de-pinceis-oval-rose-expert-maria-margarida\/\" \/>\n<meta property=\"og:locale\" content=\"pt_BR\" \/>\n<meta property=\"og:type\" content=\"article\" \/>\n<meta property=\"og:title\" content=\"Kit de Pinc\u00e9is Oval Ros\u00e9 Expert Maria Margarida - Loja DB Makeup\" \/>\n<meta property=\"og:description\" content=\"O Kit de Pinc\u00e9is Oval Ros\u00e9 Expert \u00e9 composto por 5 pinc\u00e9is de qualidade profissional, com cerdas sint\u00e9ticas extremamente densas e macias.\" \/>\n<meta property=\"og:url\" content=\"https:\/\/daniellebeatrizmakeup.com.br\/loja\/kit-de-pinceis-oval-rose-expert-maria-margarida\/\" \/>\n<meta property=\"og:site_name\" content=\"Loja DB Makeup\" \/>\n<meta property=\"article:publisher\" content=\"https:\/\/www.facebook.com\/daniellebeatrizmakeup\" \/>\n<meta property=\"article:modified_time\" content=\"2024-12-17T03:56:26+00:00\" \/>\n<meta property=\"og:image\" content=\"https:\/\/daniellebeatrizmakeup.com.br\/loja\/wp-content\/uploads\/2020\/07\/eb10-kit-de-pinceis-oval-rose-expert-maria-margarida-1-e1732865049306.jpg\" \/>\n\t<meta property=\"og:image:width\" content=\"278\" \/>\n\t<meta property=\"og:image:height\" content=\"371\" \/>\n\t<meta property=\"og:image:type\" content=\"image\/jpeg\" \/>\n<meta name=\"twitter:card\" content=\"summary_large_image\" \/>\n<meta name=\"twitter:site\" content=\"@danibetriz\" \/>\n<meta name=\"twitter:label1\" content=\"Est. tempo de leitura\" \/>\n\t<meta name=\"twitter:data1\" content=\"1 minuto\" \/>\n<script type=\"application\/ld+json\" class=\"yoast-schema-graph\">{\"@context\":\"https:\\\/\\\/schema.org\",\"@graph\":[{\"@type\":\"WebPage\",\"@id\":\"https:\\\/\\\/daniellebeatrizmakeup.com.br\\\/loja\\\/kit-de-pinceis-oval-rose-expert-maria-margarida\\\/\",\"url\":\"https:\\\/\\\/daniellebeatrizmakeup.com.br\\\/loja\\\/kit-de-pinceis-oval-rose-expert-maria-margarida\\\/\",\"name\":\"Kit de Pinc\u00e9is Oval Ros\u00e9 Expert Maria Margarida - Loja DB Makeup\",\"isPartOf\":{\"@id\":\"https:\\\/\\\/daniellebeatrizmakeup.com.br\\\/loja\\\/#website\"},\"primaryImageOfPage\":{\"@id\":\"https:\\\/\\\/daniellebeatrizmakeup.com.br\\\/loja\\\/kit-de-pinceis-oval-rose-expert-maria-margarida\\\/#primaryimage\"},\"image\":{\"@id\":\"https:\\\/\\\/daniellebeatrizmakeup.com.br\\\/loja\\\/kit-de-pinceis-oval-rose-expert-maria-margarida\\\/#primaryimage\"},\"thumbnailUrl\":\"https:\\\/\\\/daniellebeatrizmakeup.com.br\\\/loja\\\/wp-content\\\/uploads\\\/2020\\\/07\\\/eb10-kit-de-pinceis-oval-rose-expert-maria-margarida-1-e1732865049306.jpg\",\"datePublished\":\"2020-07-08T15:34:21+00:00\",\"dateModified\":\"2024-12-17T03:56:26+00:00\",\"description\":\"O Kit de Pinc\u00e9is Oval Ros\u00e9 Expert \u00e9 composto por 5 pinc\u00e9is de qualidade profissional, com cerdas sint\u00e9ticas extremamente densas e macias.\",\"breadcrumb\":{\"@id\":\"https:\\\/\\\/daniellebeatrizmakeup.com.br\\\/loja\\\/kit-de-pinceis-oval-rose-expert-maria-margarida\\\/#breadcrumb\"},\"inLanguage\":\"pt-BR\",\"potentialAction\":[{\"@type\":\"ReadAction\",\"target\":[\"https:\\\/\\\/daniellebeatrizmakeup.com.br\\\/loja\\\/kit-de-pinceis-oval-rose-expert-maria-margarida\\\/\"]}]},{\"@type\":\"ImageObject\",\"inLanguage\":\"pt-BR\",\"@id\":\"https:\\\/\\\/daniellebeatrizmakeup.com.br\\\/loja\\\/kit-de-pinceis-oval-rose-expert-maria-margarida\\\/#primaryimage\",\"url\":\"https:\\\/\\\/daniellebeatrizmakeup.com.br\\\/loja\\\/wp-content\\\/uploads\\\/2020\\\/07\\\/eb10-kit-de-pinceis-oval-rose-expert-maria-margarida-1-e1732865049306.jpg\",\"contentUrl\":\"https:\\\/\\\/daniellebeatrizmakeup.com.br\\\/loja\\\/wp-content\\\/uploads\\\/2020\\\/07\\\/eb10-kit-de-pinceis-oval-rose-expert-maria-margarida-1-e1732865049306.jpg\",\"width\":278,\"height\":371,\"caption\":\"Kit de Pinc\u00e9is Oval Ros\u00e9 Expert Maria Margarida\"},{\"@type\":\"BreadcrumbList\",\"@id\":\"https:\\\/\\\/daniellebeatrizmakeup.com.br\\\/loja\\\/kit-de-pinceis-oval-rose-expert-maria-margarida\\\/#breadcrumb\",\"itemListElement\":[{\"@type\":\"ListItem\",\"position\":1,\"name\":\"In\u00edcio\",\"item\":\"https:\\\/\\\/daniellebeatrizmakeup.com.br\\\/loja\\\/\"},{\"@type\":\"ListItem\",\"position\":2,\"name\":\"Todos\",\"item\":\"https:\\\/\\\/daniellebeatrizmakeup.com.br\\\/loja\\\/todos\\\/\"},{\"@type\":\"ListItem\",\"position\":3,\"name\":\"Kit de Pinc\u00e9is Oval Ros\u00e9 Expert Maria Margarida\"}]},{\"@type\":\"WebSite\",\"@id\":\"https:\\\/\\\/daniellebeatrizmakeup.com.br\\\/loja\\\/#website\",\"url\":\"https:\\\/\\\/daniellebeatrizmakeup.com.br\\\/loja\\\/\",\"name\":\"Loja DB Makeup\",\"description\":\"A melhor loja de maquiagem para real\u00e7ar a sua beleza\",\"publisher\":{\"@id\":\"https:\\\/\\\/daniellebeatrizmakeup.com.br\\\/loja\\\/#organization\"},\"potentialAction\":[{\"@type\":\"SearchAction\",\"target\":{\"@type\":\"EntryPoint\",\"urlTemplate\":\"https:\\\/\\\/daniellebeatrizmakeup.com.br\\\/loja\\\/?s={search_term_string}\"},\"query-input\":{\"@type\":\"PropertyValueSpecification\",\"valueRequired\":true,\"valueName\":\"search_term_string\"}}],\"inLanguage\":\"pt-BR\"},{\"@type\":\"Organization\",\"@id\":\"https:\\\/\\\/daniellebeatrizmakeup.com.br\\\/loja\\\/#organization\",\"name\":\"Danielle Beatriz Makeup\",\"url\":\"https:\\\/\\\/daniellebeatrizmakeup.com.br\\\/loja\\\/\",\"logo\":{\"@type\":\"ImageObject\",\"inLanguage\":\"pt-BR\",\"@id\":\"https:\\\/\\\/daniellebeatrizmakeup.com.br\\\/loja\\\/#\\\/schema\\\/logo\\\/image\\\/\",\"url\":\"https:\\\/\\\/daniellebeatrizmakeup.com.br\\\/loja\\\/wp-content\\\/uploads\\\/2020\\\/10\\\/logo-loja-db-makeup.png\",\"contentUrl\":\"https:\\\/\\\/daniellebeatrizmakeup.com.br\\\/loja\\\/wp-content\\\/uploads\\\/2020\\\/10\\\/logo-loja-db-makeup.png\",\"width\":500,\"height\":110,\"caption\":\"Danielle Beatriz Makeup\"},\"image\":{\"@id\":\"https:\\\/\\\/daniellebeatrizmakeup.com.br\\\/loja\\\/#\\\/schema\\\/logo\\\/image\\\/\"},\"sameAs\":[\"https:\\\/\\\/www.facebook.com\\\/daniellebeatrizmakeup\",\"https:\\\/\\\/x.com\\\/danibetriz\",\"https:\\\/\\\/www.instagram.com\\\/daniellebeatrizmakeup\",\"https:\\\/\\\/pinterest.com\\\/daniellebeatrizmakeup\",\"https:\\\/\\\/www.youtube.com\\\/DanielleBeatriz\"]}]}<\/script>\n<!-- \/ Yoast SEO plugin. -->","yoast_head_json":{"title":"Kit de Pinc\u00e9is Oval Ros\u00e9 Expert Maria Margarida - Loja DB Makeup","description":"O Kit de Pinc\u00e9is Oval Ros\u00e9 Expert \u00e9 composto por 5 pinc\u00e9is de qualidade profissional, com cerdas sint\u00e9ticas extremamente densas e macias.","robots":{"index":"index","follow":"follow","max-snippet":"max-snippet:-1","max-image-preview":"max-image-preview:large","max-video-preview":"max-video-preview:-1"},"canonical":"https:\/\/daniellebeatrizmakeup.com.br\/loja\/kit-de-pinceis-oval-rose-expert-maria-margarida\/","og_locale":"pt_BR","og_type":"article","og_title":"Kit de Pinc\u00e9is Oval Ros\u00e9 Expert Maria Margarida - Loja DB Makeup","og_description":"O Kit de Pinc\u00e9is Oval Ros\u00e9 Expert \u00e9 composto por 5 pinc\u00e9is de qualidade profissional, com cerdas sint\u00e9ticas extremamente densas e macias.","og_url":"https:\/\/daniellebeatrizmakeup.com.br\/loja\/kit-de-pinceis-oval-rose-expert-maria-margarida\/","og_site_name":"Loja DB Makeup","article_publisher":"https:\/\/www.facebook.com\/daniellebeatrizmakeup","article_modified_time":"2024-12-17T03:56:26+00:00","og_image":[{"width":278,"height":371,"url":"https:\/\/daniellebeatrizmakeup.com.br\/loja\/wp-content\/uploads\/2020\/07\/eb10-kit-de-pinceis-oval-rose-expert-maria-margarida-1-e1732865049306.jpg","type":"image\/jpeg"}],"twitter_card":"summary_large_image","twitter_site":"@danibetriz","twitter_misc":{"Est. tempo de leitura":"1 minuto"},"schema":{"@context":"https:\/\/schema.org","@graph":[{"@type":"WebPage","@id":"https:\/\/daniellebeatrizmakeup.com.br\/loja\/kit-de-pinceis-oval-rose-expert-maria-margarida\/","url":"https:\/\/daniellebeatrizmakeup.com.br\/loja\/kit-de-pinceis-oval-rose-expert-maria-margarida\/","name":"Kit de Pinc\u00e9is Oval Ros\u00e9 Expert Maria Margarida - Loja DB Makeup","isPartOf":{"@id":"https:\/\/daniellebeatrizmakeup.com.br\/loja\/#website"},"primaryImageOfPage":{"@id":"https:\/\/daniellebeatrizmakeup.com.br\/loja\/kit-de-pinceis-oval-rose-expert-maria-margarida\/#primaryimage"},"image":{"@id":"https:\/\/daniellebeatrizmakeup.com.br\/loja\/kit-de-pinceis-oval-rose-expert-maria-margarida\/#primaryimage"},"thumbnailUrl":"https:\/\/daniellebeatrizmakeup.com.br\/loja\/wp-content\/uploads\/2020\/07\/eb10-kit-de-pinceis-oval-rose-expert-maria-margarida-1-e1732865049306.jpg","datePublished":"2020-07-08T15:34:21+00:00","dateModified":"2024-12-17T03:56:26+00:00","description":"O Kit de Pinc\u00e9is Oval Ros\u00e9 Expert \u00e9 composto por 5 pinc\u00e9is de qualidade profissional, com cerdas sint\u00e9ticas extremamente densas e macias.","breadcrumb":{"@id":"https:\/\/daniellebeatrizmakeup.com.br\/loja\/kit-de-pinceis-oval-rose-expert-maria-margarida\/#breadcrumb"},"inLanguage":"pt-BR","potentialAction":[{"@type":"ReadAction","target":["https:\/\/daniellebeatrizmakeup.com.br\/loja\/kit-de-pinceis-oval-rose-expert-maria-margarida\/"]}]},{"@type":"ImageObject","inLanguage":"pt-BR","@id":"https:\/\/daniellebeatrizmakeup.com.br\/loja\/kit-de-pinceis-oval-rose-expert-maria-margarida\/#primaryimage","url":"https:\/\/daniellebeatrizmakeup.com.br\/loja\/wp-content\/uploads\/2020\/07\/eb10-kit-de-pinceis-oval-rose-expert-maria-margarida-1-e1732865049306.jpg","contentUrl":"https:\/\/daniellebeatrizmakeup.com.br\/loja\/wp-content\/uploads\/2020\/07\/eb10-kit-de-pinceis-oval-rose-expert-maria-margarida-1-e1732865049306.jpg","width":278,"height":371,"caption":"Kit de Pinc\u00e9is Oval Ros\u00e9 Expert Maria Margarida"},{"@type":"BreadcrumbList","@id":"https:\/\/daniellebeatrizmakeup.com.br\/loja\/kit-de-pinceis-oval-rose-expert-maria-margarida\/#breadcrumb","itemListElement":[{"@type":"ListItem","position":1,"name":"In\u00edcio","item":"https:\/\/daniellebeatrizmakeup.com.br\/loja\/"},{"@type":"ListItem","position":2,"name":"Todos","item":"https:\/\/daniellebeatrizmakeup.com.br\/loja\/todos\/"},{"@type":"ListItem","position":3,"name":"Kit de Pinc\u00e9is Oval Ros\u00e9 Expert Maria Margarida"}]},{"@type":"WebSite","@id":"https:\/\/daniellebeatrizmakeup.com.br\/loja\/#website","url":"https:\/\/daniellebeatrizmakeup.com.br\/loja\/","name":"Loja DB Makeup","description":"A melhor loja de maquiagem para real\u00e7ar a sua beleza","publisher":{"@id":"https:\/\/daniellebeatrizmakeup.com.br\/loja\/#organization"},"potentialAction":[{"@type":"SearchAction","target":{"@type":"EntryPoint","urlTemplate":"https:\/\/daniellebeatrizmakeup.com.br\/loja\/?s={search_term_string}"},"query-input":{"@type":"PropertyValueSpecification","valueRequired":true,"valueName":"search_term_string"}}],"inLanguage":"pt-BR"},{"@type":"Organization","@id":"https:\/\/daniellebeatrizmakeup.com.br\/loja\/#organization","name":"Danielle Beatriz Makeup","url":"https:\/\/daniellebeatrizmakeup.com.br\/loja\/","logo":{"@type":"ImageObject","inLanguage":"pt-BR","@id":"https:\/\/daniellebeatrizmakeup.com.br\/loja\/#\/schema\/logo\/image\/","url":"https:\/\/daniellebeatrizmakeup.com.br\/loja\/wp-content\/uploads\/2020\/10\/logo-loja-db-makeup.png","contentUrl":"https:\/\/daniellebeatrizmakeup.com.br\/loja\/wp-content\/uploads\/2020\/10\/logo-loja-db-makeup.png","width":500,"height":110,"caption":"Danielle Beatriz Makeup"},"image":{"@id":"https:\/\/daniellebeatrizmakeup.com.br\/loja\/#\/schema\/logo\/image\/"},"sameAs":["https:\/\/www.facebook.com\/daniellebeatrizmakeup","https:\/\/x.com\/danibetriz","https:\/\/www.instagram.com\/daniellebeatrizmakeup","https:\/\/pinterest.com\/daniellebeatrizmakeup","https:\/\/www.youtube.com\/DanielleBeatriz"]}]}},"jetpack_sharing_enabled":true,"_links":{"self":[{"href":"https:\/\/daniellebeatrizmakeup.com.br\/loja\/wp-json\/wp\/v2\/product\/1207","targetHints":{"allow":["GET"]}}],"collection":[{"href":"https:\/\/daniellebeatrizmakeup.com.br\/loja\/wp-json\/wp\/v2\/product"}],"about":[{"href":"https:\/\/daniellebeatrizmakeup.com.br\/loja\/wp-json\/wp\/v2\/types\/product"}],"replies":[{"embeddable":true,"href":"https:\/\/daniellebeatrizmakeup.com.br\/loja\/wp-json\/wp\/v2\/comments?post=1207"}],"version-history":[{"count":3,"href":"https:\/\/daniellebeatrizmakeup.com.br\/loja\/wp-json\/wp\/v2\/product\/1207\/revisions"}],"predecessor-version":[{"id":57742,"href":"https:\/\/daniellebeatrizmakeup.com.br\/loja\/wp-json\/wp\/v2\/product\/1207\/revisions\/57742"}],"wp:featuredmedia":[{"embeddable":true,"href":"https:\/\/daniellebeatrizmakeup.com.br\/loja\/wp-json\/wp\/v2\/media\/1365"}],"wp:attachment":[{"href":"https:\/\/daniellebeatrizmakeup.com.br\/loja\/wp-json\/wp\/v2\/media?parent=1207"}],"wp:term":[{"taxonomy":"product_brand","embeddable":true,"href":"https:\/\/daniellebeatrizmakeup.com.br\/loja\/wp-json\/wp\/v2\/product_brand?post=1207"},{"taxonomy":"product_cat","embeddable":true,"href":"https:\/\/daniellebeatrizmakeup.com.br\/loja\/wp-json\/wp\/v2\/product_cat?post=1207"},{"taxonomy":"product_tag","embeddable":true,"href":"https:\/\/daniellebeatrizmakeup.com.br\/loja\/wp-json\/wp\/v2\/product_tag?post=1207"},{"taxonomy":"woo-feed-brand","embeddable":true,"href":"https:\/\/daniellebeatrizmakeup.com.br\/loja\/wp-json\/wp\/v2\/woo-feed-brand?post=1207"}],"curies":[{"name":"wp","href":"https:\/\/api.w.org\/{rel}","templated":true}]}}