{"id":1199,"date":"2020-07-08T12:34:21","date_gmt":"2020-07-08T15:34:21","guid":{"rendered":"https:\/\/loja.daniellebeatrizmakeup.com.br\/index.php\/produto\/import-placeholder-for-1056\/"},"modified":"2023-12-06T05:27:05","modified_gmt":"2023-12-06T08:27:05","slug":"pincel-esfumar-redondo-pausa-para-feminices","status":"publish","type":"product","link":"https:\/\/daniellebeatrizmakeup.com.br\/loja\/pincel-esfumar-redondo-pausa-para-feminices\/","title":{"rendered":"Pincel Esfumar Redondo Pausa para Feminices"},"content":{"rendered":"<p>O PPF13 \u00e9 um pincel de esfumar redondo que possui cerdas naturais com uma ponta c\u00f4nica. Use este pincel para esfumar os olhos de forma suave aplicando o produto e o misturando de forma leve e precisa. Perfeito para produtos em p\u00f3 e com a qualidade da <a href=\"https:\/\/daniellebeatrizmakeup.com.br\/loja\/maria-margarida\/\">Maria Margarida<\/a>.<\/p>\n<p>Caracter\u00edsticas: Cerdas naturais mais longas e ligeiramente firmes<\/p>\n<p>Fun\u00e7\u00e3o: Aplica\u00e7\u00e3o controlada da cor do vinco.<\/p>\n<p>Uso Recomendado: Usando apenas a ponta da escova para pegar a cor, aplicar o produto diretamente sobre o vinco e varrer. O efeito \u00e9 misturado, mas definido.<\/p>\n<p>Tipo de cerda: Natural (pelo de cabra)<\/p>\n<p>Tamanho: Comprimento (15,8cm), Comprimento Cerdas (1,9cm), Largura Cerdas (0,6cm).<\/p>\n<p>Dicas de Cuidados:<\/p>\n<ul>\n<li>Manter a <a href=\"https:\/\/www.instagram.com\/p\/CIywbg7BIWy\/\">higieniza\u00e7\u00e3o<\/a> dos pinc\u00e9is com produtos adequados, para que as cerdas continuem sempre macias e livres de fungos e bact\u00e9rias.<\/li>\n<li>Com as cerdas para baixo lavar com sab\u00e3o neutro, e deixar secar na posi\u00e7\u00e3o horizontal, evitando molhar o cabo.<\/li>\n<\/ul>\n","protected":false},"excerpt":{"rendered":"<p>O PPF13 \u00e9 um pincel de esfumar redondo que possui cerdas naturais com uma ponta c\u00f4nica. Use este pincel para esfumar os olhos de forma suave aplicando o produto e o misturando de forma leve e precisa. Perfeito para produtos em p\u00f3 e com a qualidade da Maria Margarida.<\/p>\n","protected":false},"featured_media":1376,"comment_status":"open","ping_status":"closed","template":"","meta":{"_mbp_gutenberg_autopost":false},"product_brand":[],"product_cat":[313,560,73,312,126,133],"product_tag":[140,145,197,143,144,152,164],"woo-feed-brand":[],"class_list":{"0":"post-1199","1":"product","2":"type-product","3":"status-publish","4":"has-post-thumbnail","6":"product_cat-pincel-individual","7":"product_cat-maquiagem-final-de-ano","8":"product_cat-maria-margarida","9":"product_cat-pincel-para-olhos","10":"product_cat-pausa-para-feminices","11":"product_cat-pinceis","12":"product_tag-acessorio","13":"product_tag-maria-margarida","14":"product_tag-pausa-para-feminices","15":"product_tag-pincel","16":"product_tag-pincel-de-maquiagem","17":"product_tag-pincel-esfumar","18":"product_tag-pincel-unitario","19":"yith_product_brand-maria-margarida","20":"yith_product_brand-pausa-para-feminices","22":"first","23":"outofstock","24":"shipping-taxable","25":"purchasable","26":"product-type-simple"},"yoast_head":"<!-- This site is optimized with the Yoast SEO plugin v27.5 - https:\/\/yoast.com\/product\/yoast-seo-wordpress\/ -->\n<title>Pincel Esfumar Redondo Pausa para Feminices - Loja DB Makeup<\/title>\n<meta name=\"description\" content=\"O Pincel Esfumar Redondo da Pausa para Feminices ajuda a esfumar os olhos aplicando o produto e o misturando de forma leve e precisa.\" \/>\n<meta name=\"robots\" content=\"index, follow, max-snippet:-1, max-image-preview:large, max-video-preview:-1\" \/>\n<link rel=\"canonical\" href=\"https:\/\/daniellebeatrizmakeup.com.br\/loja\/pincel-esfumar-redondo-pausa-para-feminices\/\" \/>\n<meta property=\"og:locale\" content=\"pt_BR\" \/>\n<meta property=\"og:type\" content=\"article\" \/>\n<meta property=\"og:title\" content=\"Pincel Esfumar Redondo Pausa para Feminices - Loja DB Makeup\" \/>\n<meta property=\"og:description\" content=\"O Pincel Esfumar Redondo da Pausa para Feminices ajuda a esfumar os olhos aplicando o produto e o misturando de forma leve e precisa.\" \/>\n<meta property=\"og:url\" content=\"https:\/\/daniellebeatrizmakeup.com.br\/loja\/pincel-esfumar-redondo-pausa-para-feminices\/\" \/>\n<meta property=\"og:site_name\" content=\"Loja DB Makeup\" \/>\n<meta property=\"article:publisher\" content=\"https:\/\/www.facebook.com\/daniellebeatrizmakeup\" \/>\n<meta property=\"article:modified_time\" content=\"2023-12-06T08:27:05+00:00\" \/>\n<meta property=\"og:image\" content=\"https:\/\/daniellebeatrizmakeup.com.br\/loja\/wp-content\/uploads\/2020\/07\/ppf13-pincel-pausa-para-feminices-de-esfumar-maria-margarida.jpg\" \/>\n\t<meta property=\"og:image:width\" content=\"1200\" \/>\n\t<meta property=\"og:image:height\" content=\"1200\" \/>\n\t<meta property=\"og:image:type\" content=\"image\/jpeg\" \/>\n<meta name=\"twitter:card\" content=\"summary_large_image\" \/>\n<meta name=\"twitter:site\" content=\"@danibetriz\" \/>\n<meta name=\"twitter:label1\" content=\"Est. tempo de leitura\" \/>\n\t<meta name=\"twitter:data1\" content=\"1 minuto\" \/>\n<script type=\"application\/ld+json\" class=\"yoast-schema-graph\">{\"@context\":\"https:\\\/\\\/schema.org\",\"@graph\":[{\"@type\":\"WebPage\",\"@id\":\"https:\\\/\\\/daniellebeatrizmakeup.com.br\\\/loja\\\/pincel-esfumar-redondo-pausa-para-feminices\\\/\",\"url\":\"https:\\\/\\\/daniellebeatrizmakeup.com.br\\\/loja\\\/pincel-esfumar-redondo-pausa-para-feminices\\\/\",\"name\":\"Pincel Esfumar Redondo Pausa para Feminices - Loja DB Makeup\",\"isPartOf\":{\"@id\":\"https:\\\/\\\/daniellebeatrizmakeup.com.br\\\/loja\\\/#website\"},\"primaryImageOfPage\":{\"@id\":\"https:\\\/\\\/daniellebeatrizmakeup.com.br\\\/loja\\\/pincel-esfumar-redondo-pausa-para-feminices\\\/#primaryimage\"},\"image\":{\"@id\":\"https:\\\/\\\/daniellebeatrizmakeup.com.br\\\/loja\\\/pincel-esfumar-redondo-pausa-para-feminices\\\/#primaryimage\"},\"thumbnailUrl\":\"https:\\\/\\\/daniellebeatrizmakeup.com.br\\\/loja\\\/wp-content\\\/uploads\\\/2020\\\/07\\\/ppf13-pincel-pausa-para-feminices-de-esfumar-maria-margarida.jpg\",\"datePublished\":\"2020-07-08T15:34:21+00:00\",\"dateModified\":\"2023-12-06T08:27:05+00:00\",\"description\":\"O Pincel Esfumar Redondo da Pausa para Feminices ajuda a esfumar os olhos aplicando o produto e o misturando de forma leve e precisa.\",\"breadcrumb\":{\"@id\":\"https:\\\/\\\/daniellebeatrizmakeup.com.br\\\/loja\\\/pincel-esfumar-redondo-pausa-para-feminices\\\/#breadcrumb\"},\"inLanguage\":\"pt-BR\",\"potentialAction\":[{\"@type\":\"ReadAction\",\"target\":[\"https:\\\/\\\/daniellebeatrizmakeup.com.br\\\/loja\\\/pincel-esfumar-redondo-pausa-para-feminices\\\/\"]}]},{\"@type\":\"ImageObject\",\"inLanguage\":\"pt-BR\",\"@id\":\"https:\\\/\\\/daniellebeatrizmakeup.com.br\\\/loja\\\/pincel-esfumar-redondo-pausa-para-feminices\\\/#primaryimage\",\"url\":\"https:\\\/\\\/daniellebeatrizmakeup.com.br\\\/loja\\\/wp-content\\\/uploads\\\/2020\\\/07\\\/ppf13-pincel-pausa-para-feminices-de-esfumar-maria-margarida.jpg\",\"contentUrl\":\"https:\\\/\\\/daniellebeatrizmakeup.com.br\\\/loja\\\/wp-content\\\/uploads\\\/2020\\\/07\\\/ppf13-pincel-pausa-para-feminices-de-esfumar-maria-margarida.jpg\",\"width\":1200,\"height\":1200,\"caption\":\"PPF13 Pincel Esfumar Pausa para Feminices\"},{\"@type\":\"BreadcrumbList\",\"@id\":\"https:\\\/\\\/daniellebeatrizmakeup.com.br\\\/loja\\\/pincel-esfumar-redondo-pausa-para-feminices\\\/#breadcrumb\",\"itemListElement\":[{\"@type\":\"ListItem\",\"position\":1,\"name\":\"In\u00edcio\",\"item\":\"https:\\\/\\\/daniellebeatrizmakeup.com.br\\\/loja\\\/\"},{\"@type\":\"ListItem\",\"position\":2,\"name\":\"Todos\",\"item\":\"https:\\\/\\\/daniellebeatrizmakeup.com.br\\\/loja\\\/todos\\\/\"},{\"@type\":\"ListItem\",\"position\":3,\"name\":\"Pincel Esfumar Redondo Pausa para Feminices\"}]},{\"@type\":\"WebSite\",\"@id\":\"https:\\\/\\\/daniellebeatrizmakeup.com.br\\\/loja\\\/#website\",\"url\":\"https:\\\/\\\/daniellebeatrizmakeup.com.br\\\/loja\\\/\",\"name\":\"Loja DB Makeup\",\"description\":\"A melhor loja de maquiagem para real\u00e7ar a sua beleza\",\"publisher\":{\"@id\":\"https:\\\/\\\/daniellebeatrizmakeup.com.br\\\/loja\\\/#organization\"},\"potentialAction\":[{\"@type\":\"SearchAction\",\"target\":{\"@type\":\"EntryPoint\",\"urlTemplate\":\"https:\\\/\\\/daniellebeatrizmakeup.com.br\\\/loja\\\/?s={search_term_string}\"},\"query-input\":{\"@type\":\"PropertyValueSpecification\",\"valueRequired\":true,\"valueName\":\"search_term_string\"}}],\"inLanguage\":\"pt-BR\"},{\"@type\":\"Organization\",\"@id\":\"https:\\\/\\\/daniellebeatrizmakeup.com.br\\\/loja\\\/#organization\",\"name\":\"Danielle Beatriz Makeup\",\"url\":\"https:\\\/\\\/daniellebeatrizmakeup.com.br\\\/loja\\\/\",\"logo\":{\"@type\":\"ImageObject\",\"inLanguage\":\"pt-BR\",\"@id\":\"https:\\\/\\\/daniellebeatrizmakeup.com.br\\\/loja\\\/#\\\/schema\\\/logo\\\/image\\\/\",\"url\":\"https:\\\/\\\/daniellebeatrizmakeup.com.br\\\/loja\\\/wp-content\\\/uploads\\\/2020\\\/10\\\/logo-loja-db-makeup.png\",\"contentUrl\":\"https:\\\/\\\/daniellebeatrizmakeup.com.br\\\/loja\\\/wp-content\\\/uploads\\\/2020\\\/10\\\/logo-loja-db-makeup.png\",\"width\":500,\"height\":110,\"caption\":\"Danielle Beatriz Makeup\"},\"image\":{\"@id\":\"https:\\\/\\\/daniellebeatrizmakeup.com.br\\\/loja\\\/#\\\/schema\\\/logo\\\/image\\\/\"},\"sameAs\":[\"https:\\\/\\\/www.facebook.com\\\/daniellebeatrizmakeup\",\"https:\\\/\\\/x.com\\\/danibetriz\",\"https:\\\/\\\/www.instagram.com\\\/daniellebeatrizmakeup\",\"https:\\\/\\\/pinterest.com\\\/daniellebeatrizmakeup\",\"https:\\\/\\\/www.youtube.com\\\/DanielleBeatriz\"]}]}<\/script>\n<!-- \/ Yoast SEO plugin. -->","yoast_head_json":{"title":"Pincel Esfumar Redondo Pausa para Feminices - Loja DB Makeup","description":"O Pincel Esfumar Redondo da Pausa para Feminices ajuda a esfumar os olhos aplicando o produto e o misturando de forma leve e precisa.","robots":{"index":"index","follow":"follow","max-snippet":"max-snippet:-1","max-image-preview":"max-image-preview:large","max-video-preview":"max-video-preview:-1"},"canonical":"https:\/\/daniellebeatrizmakeup.com.br\/loja\/pincel-esfumar-redondo-pausa-para-feminices\/","og_locale":"pt_BR","og_type":"article","og_title":"Pincel Esfumar Redondo Pausa para Feminices - Loja DB Makeup","og_description":"O Pincel Esfumar Redondo da Pausa para Feminices ajuda a esfumar os olhos aplicando o produto e o misturando de forma leve e precisa.","og_url":"https:\/\/daniellebeatrizmakeup.com.br\/loja\/pincel-esfumar-redondo-pausa-para-feminices\/","og_site_name":"Loja DB Makeup","article_publisher":"https:\/\/www.facebook.com\/daniellebeatrizmakeup","article_modified_time":"2023-12-06T08:27:05+00:00","og_image":[{"width":1200,"height":1200,"url":"https:\/\/daniellebeatrizmakeup.com.br\/loja\/wp-content\/uploads\/2020\/07\/ppf13-pincel-pausa-para-feminices-de-esfumar-maria-margarida.jpg","type":"image\/jpeg"}],"twitter_card":"summary_large_image","twitter_site":"@danibetriz","twitter_misc":{"Est. tempo de leitura":"1 minuto"},"schema":{"@context":"https:\/\/schema.org","@graph":[{"@type":"WebPage","@id":"https:\/\/daniellebeatrizmakeup.com.br\/loja\/pincel-esfumar-redondo-pausa-para-feminices\/","url":"https:\/\/daniellebeatrizmakeup.com.br\/loja\/pincel-esfumar-redondo-pausa-para-feminices\/","name":"Pincel Esfumar Redondo Pausa para Feminices - Loja DB Makeup","isPartOf":{"@id":"https:\/\/daniellebeatrizmakeup.com.br\/loja\/#website"},"primaryImageOfPage":{"@id":"https:\/\/daniellebeatrizmakeup.com.br\/loja\/pincel-esfumar-redondo-pausa-para-feminices\/#primaryimage"},"image":{"@id":"https:\/\/daniellebeatrizmakeup.com.br\/loja\/pincel-esfumar-redondo-pausa-para-feminices\/#primaryimage"},"thumbnailUrl":"https:\/\/daniellebeatrizmakeup.com.br\/loja\/wp-content\/uploads\/2020\/07\/ppf13-pincel-pausa-para-feminices-de-esfumar-maria-margarida.jpg","datePublished":"2020-07-08T15:34:21+00:00","dateModified":"2023-12-06T08:27:05+00:00","description":"O Pincel Esfumar Redondo da Pausa para Feminices ajuda a esfumar os olhos aplicando o produto e o misturando de forma leve e precisa.","breadcrumb":{"@id":"https:\/\/daniellebeatrizmakeup.com.br\/loja\/pincel-esfumar-redondo-pausa-para-feminices\/#breadcrumb"},"inLanguage":"pt-BR","potentialAction":[{"@type":"ReadAction","target":["https:\/\/daniellebeatrizmakeup.com.br\/loja\/pincel-esfumar-redondo-pausa-para-feminices\/"]}]},{"@type":"ImageObject","inLanguage":"pt-BR","@id":"https:\/\/daniellebeatrizmakeup.com.br\/loja\/pincel-esfumar-redondo-pausa-para-feminices\/#primaryimage","url":"https:\/\/daniellebeatrizmakeup.com.br\/loja\/wp-content\/uploads\/2020\/07\/ppf13-pincel-pausa-para-feminices-de-esfumar-maria-margarida.jpg","contentUrl":"https:\/\/daniellebeatrizmakeup.com.br\/loja\/wp-content\/uploads\/2020\/07\/ppf13-pincel-pausa-para-feminices-de-esfumar-maria-margarida.jpg","width":1200,"height":1200,"caption":"PPF13 Pincel Esfumar Pausa para Feminices"},{"@type":"BreadcrumbList","@id":"https:\/\/daniellebeatrizmakeup.com.br\/loja\/pincel-esfumar-redondo-pausa-para-feminices\/#breadcrumb","itemListElement":[{"@type":"ListItem","position":1,"name":"In\u00edcio","item":"https:\/\/daniellebeatrizmakeup.com.br\/loja\/"},{"@type":"ListItem","position":2,"name":"Todos","item":"https:\/\/daniellebeatrizmakeup.com.br\/loja\/todos\/"},{"@type":"ListItem","position":3,"name":"Pincel Esfumar Redondo Pausa para Feminices"}]},{"@type":"WebSite","@id":"https:\/\/daniellebeatrizmakeup.com.br\/loja\/#website","url":"https:\/\/daniellebeatrizmakeup.com.br\/loja\/","name":"Loja DB Makeup","description":"A melhor loja de maquiagem para real\u00e7ar a sua beleza","publisher":{"@id":"https:\/\/daniellebeatrizmakeup.com.br\/loja\/#organization"},"potentialAction":[{"@type":"SearchAction","target":{"@type":"EntryPoint","urlTemplate":"https:\/\/daniellebeatrizmakeup.com.br\/loja\/?s={search_term_string}"},"query-input":{"@type":"PropertyValueSpecification","valueRequired":true,"valueName":"search_term_string"}}],"inLanguage":"pt-BR"},{"@type":"Organization","@id":"https:\/\/daniellebeatrizmakeup.com.br\/loja\/#organization","name":"Danielle Beatriz Makeup","url":"https:\/\/daniellebeatrizmakeup.com.br\/loja\/","logo":{"@type":"ImageObject","inLanguage":"pt-BR","@id":"https:\/\/daniellebeatrizmakeup.com.br\/loja\/#\/schema\/logo\/image\/","url":"https:\/\/daniellebeatrizmakeup.com.br\/loja\/wp-content\/uploads\/2020\/10\/logo-loja-db-makeup.png","contentUrl":"https:\/\/daniellebeatrizmakeup.com.br\/loja\/wp-content\/uploads\/2020\/10\/logo-loja-db-makeup.png","width":500,"height":110,"caption":"Danielle Beatriz Makeup"},"image":{"@id":"https:\/\/daniellebeatrizmakeup.com.br\/loja\/#\/schema\/logo\/image\/"},"sameAs":["https:\/\/www.facebook.com\/daniellebeatrizmakeup","https:\/\/x.com\/danibetriz","https:\/\/www.instagram.com\/daniellebeatrizmakeup","https:\/\/pinterest.com\/daniellebeatrizmakeup","https:\/\/www.youtube.com\/DanielleBeatriz"]}]}},"jetpack_sharing_enabled":true,"_links":{"self":[{"href":"https:\/\/daniellebeatrizmakeup.com.br\/loja\/wp-json\/wp\/v2\/product\/1199","targetHints":{"allow":["GET"]}}],"collection":[{"href":"https:\/\/daniellebeatrizmakeup.com.br\/loja\/wp-json\/wp\/v2\/product"}],"about":[{"href":"https:\/\/daniellebeatrizmakeup.com.br\/loja\/wp-json\/wp\/v2\/types\/product"}],"replies":[{"embeddable":true,"href":"https:\/\/daniellebeatrizmakeup.com.br\/loja\/wp-json\/wp\/v2\/comments?post=1199"}],"version-history":[{"count":2,"href":"https:\/\/daniellebeatrizmakeup.com.br\/loja\/wp-json\/wp\/v2\/product\/1199\/revisions"}],"predecessor-version":[{"id":48523,"href":"https:\/\/daniellebeatrizmakeup.com.br\/loja\/wp-json\/wp\/v2\/product\/1199\/revisions\/48523"}],"wp:featuredmedia":[{"embeddable":true,"href":"https:\/\/daniellebeatrizmakeup.com.br\/loja\/wp-json\/wp\/v2\/media\/1376"}],"wp:attachment":[{"href":"https:\/\/daniellebeatrizmakeup.com.br\/loja\/wp-json\/wp\/v2\/media?parent=1199"}],"wp:term":[{"taxonomy":"product_brand","embeddable":true,"href":"https:\/\/daniellebeatrizmakeup.com.br\/loja\/wp-json\/wp\/v2\/product_brand?post=1199"},{"taxonomy":"product_cat","embeddable":true,"href":"https:\/\/daniellebeatrizmakeup.com.br\/loja\/wp-json\/wp\/v2\/product_cat?post=1199"},{"taxonomy":"product_tag","embeddable":true,"href":"https:\/\/daniellebeatrizmakeup.com.br\/loja\/wp-json\/wp\/v2\/product_tag?post=1199"},{"taxonomy":"woo-feed-brand","embeddable":true,"href":"https:\/\/daniellebeatrizmakeup.com.br\/loja\/wp-json\/wp\/v2\/woo-feed-brand?post=1199"}],"curies":[{"name":"wp","href":"https:\/\/api.w.org\/{rel}","templated":true}]}}