{"id":1198,"date":"2020-07-08T12:34:21","date_gmt":"2020-07-08T15:34:21","guid":{"rendered":"https:\/\/loja.daniellebeatrizmakeup.com.br\/index.php\/produto\/import-placeholder-for-1055\/"},"modified":"2024-12-03T00:00:13","modified_gmt":"2024-12-03T03:00:13","slug":"cilios-posticos-3d-reutilizavel-061","status":"publish","type":"product","link":"https:\/\/daniellebeatrizmakeup.com.br\/loja\/cilios-posticos-3d-reutilizavel-061\/","title":{"rendered":"C\u00edlios Posti\u00e7os 3D Reutiliz\u00e1vel 061"},"content":{"rendered":"<p>Os c\u00edlios s\u00e3o macios, confort\u00e1veis de usar, de alta qualidade e reutiliz\u00e1veis. A embalagem \u00e9 uma gra\u00e7a e facilita carregar os seus <a href=\"https:\/\/daniellebeatrizmakeup.com.br\/loja\/cilios-posticos\/\">c\u00edlios posti\u00e7os<\/a> para todo lugar.<\/p>\n<p>Cont\u00e9m: Um par c\u00edlios posti\u00e7os 3D.<\/p>\n<p>Estilo: C\u00edlios em camadas duplas.<\/p>\n<p>Dicas de utiliza\u00e7\u00e3o:<\/p>\n<ul>\n<li>N\u00e3o limpe os c\u00edlios com o removedor de maquiagem com \u00f3leo.<\/li>\n<li>Remova com cuidado os c\u00edlios do estojo com uma pin\u00e7a. Compare os c\u00edlios posti\u00e7os com o comprimento da linha do olho, apare ao comprimento e largura adequados. Adicione cola ao longo da raiz dos c\u00edlios posti\u00e7os. Segure o c\u00edlio na raiz de seus c\u00edlios naturais com um pouco de press\u00e3o. Se necess\u00e1rio, aplique sombra ou delineador para tornar mais natural.<\/li>\n<\/ul>\n","protected":false},"excerpt":{"rendered":"<p>Os c\u00edlios s\u00e3o macios, confort\u00e1veis de usar, de alta qualidade e reutiliz\u00e1veis. A embalagem \u00e9 uma gra\u00e7a e facilita carregar os seus c\u00edlios posti\u00e7os para todo lugar.<\/p>\n","protected":false},"featured_media":1546,"comment_status":"open","ping_status":"closed","template":"","meta":{"_mbp_gutenberg_autopost":false},"product_brand":[],"product_cat":[79,112],"product_tag":[160,158,157,159,161],"woo-feed-brand":[],"class_list":{"0":"post-1198","1":"product","2":"type-product","3":"status-publish","4":"has-post-thumbnail","6":"product_cat-olhos","7":"product_cat-cilios-posticos","8":"product_tag-cilios","9":"product_tag-cilios-3d","10":"product_tag-cilios-posticos","11":"product_tag-cilios-volumosos","12":"product_tag-posticos","14":"first","15":"instock","16":"shipping-taxable","17":"purchasable","18":"product-type-simple"},"yoast_head":"<!-- This site is optimized with the Yoast SEO plugin v26.6 - https:\/\/yoast.com\/wordpress\/plugins\/seo\/ -->\n<title>C\u00edlios Posti\u00e7os 3D Reutiliz\u00e1vel 061 - Loja DB Makeup<\/title>\n<meta name=\"description\" content=\"Os c\u00edlios s\u00e3o macios, confort\u00e1veis de usar, de alta qualidade e reutiliz\u00e1veis. A embalagem \u00e9 uma gra\u00e7a e facilita em levar para todo lugar.\" \/>\n<meta name=\"robots\" content=\"index, follow, max-snippet:-1, max-image-preview:large, max-video-preview:-1\" \/>\n<link rel=\"canonical\" href=\"https:\/\/daniellebeatrizmakeup.com.br\/loja\/cilios-posticos-3d-reutilizavel-061\/\" \/>\n<meta property=\"og:locale\" content=\"pt_BR\" \/>\n<meta property=\"og:type\" content=\"article\" \/>\n<meta property=\"og:title\" content=\"C\u00edlios Posti\u00e7os 3D Reutiliz\u00e1vel 061 - Loja DB Makeup\" \/>\n<meta property=\"og:description\" content=\"Os c\u00edlios s\u00e3o macios, confort\u00e1veis de usar, de alta qualidade e reutiliz\u00e1veis. A embalagem \u00e9 uma gra\u00e7a e facilita em levar para todo lugar.\" \/>\n<meta property=\"og:url\" content=\"https:\/\/daniellebeatrizmakeup.com.br\/loja\/cilios-posticos-3d-reutilizavel-061\/\" \/>\n<meta property=\"og:site_name\" content=\"Loja DB Makeup\" \/>\n<meta property=\"article:publisher\" content=\"https:\/\/www.facebook.com\/daniellebeatrizmakeup\" \/>\n<meta property=\"article:modified_time\" content=\"2024-12-03T03:00:13+00:00\" \/>\n<meta property=\"og:image\" content=\"https:\/\/daniellebeatrizmakeup.com.br\/loja\/wp-content\/uploads\/2020\/07\/cilios-posticos-reutilizavel-061-2.jpg\" \/>\n\t<meta property=\"og:image:width\" content=\"2268\" \/>\n\t<meta property=\"og:image:height\" content=\"2268\" \/>\n\t<meta property=\"og:image:type\" content=\"image\/jpeg\" \/>\n<meta name=\"twitter:card\" content=\"summary_large_image\" \/>\n<meta name=\"twitter:site\" content=\"@danibetriz\" \/>\n<meta name=\"twitter:label1\" content=\"Est. tempo de leitura\" \/>\n\t<meta name=\"twitter:data1\" content=\"1 minuto\" \/>\n<script type=\"application\/ld+json\" class=\"yoast-schema-graph\">{\"@context\":\"https:\/\/schema.org\",\"@graph\":[{\"@type\":\"WebPage\",\"@id\":\"https:\/\/daniellebeatrizmakeup.com.br\/loja\/cilios-posticos-3d-reutilizavel-061\/\",\"url\":\"https:\/\/daniellebeatrizmakeup.com.br\/loja\/cilios-posticos-3d-reutilizavel-061\/\",\"name\":\"C\u00edlios Posti\u00e7os 3D Reutiliz\u00e1vel 061 - Loja DB Makeup\",\"isPartOf\":{\"@id\":\"https:\/\/daniellebeatrizmakeup.com.br\/loja\/#website\"},\"primaryImageOfPage\":{\"@id\":\"https:\/\/daniellebeatrizmakeup.com.br\/loja\/cilios-posticos-3d-reutilizavel-061\/#primaryimage\"},\"image\":{\"@id\":\"https:\/\/daniellebeatrizmakeup.com.br\/loja\/cilios-posticos-3d-reutilizavel-061\/#primaryimage\"},\"thumbnailUrl\":\"https:\/\/daniellebeatrizmakeup.com.br\/loja\/wp-content\/uploads\/2020\/07\/cilios-posticos-reutilizavel-061-2.jpg\",\"datePublished\":\"2020-07-08T15:34:21+00:00\",\"dateModified\":\"2024-12-03T03:00:13+00:00\",\"description\":\"Os c\u00edlios s\u00e3o macios, confort\u00e1veis de usar, de alta qualidade e reutiliz\u00e1veis. A embalagem \u00e9 uma gra\u00e7a e facilita em levar para todo lugar.\",\"breadcrumb\":{\"@id\":\"https:\/\/daniellebeatrizmakeup.com.br\/loja\/cilios-posticos-3d-reutilizavel-061\/#breadcrumb\"},\"inLanguage\":\"pt-BR\",\"potentialAction\":[{\"@type\":\"ReadAction\",\"target\":[\"https:\/\/daniellebeatrizmakeup.com.br\/loja\/cilios-posticos-3d-reutilizavel-061\/\"]}]},{\"@type\":\"ImageObject\",\"inLanguage\":\"pt-BR\",\"@id\":\"https:\/\/daniellebeatrizmakeup.com.br\/loja\/cilios-posticos-3d-reutilizavel-061\/#primaryimage\",\"url\":\"https:\/\/daniellebeatrizmakeup.com.br\/loja\/wp-content\/uploads\/2020\/07\/cilios-posticos-reutilizavel-061-2.jpg\",\"contentUrl\":\"https:\/\/daniellebeatrizmakeup.com.br\/loja\/wp-content\/uploads\/2020\/07\/cilios-posticos-reutilizavel-061-2.jpg\",\"width\":2268,\"height\":2268,\"caption\":\"C\u00edlios Posti\u00e7os Reutiliz\u00e1veis 061\"},{\"@type\":\"BreadcrumbList\",\"@id\":\"https:\/\/daniellebeatrizmakeup.com.br\/loja\/cilios-posticos-3d-reutilizavel-061\/#breadcrumb\",\"itemListElement\":[{\"@type\":\"ListItem\",\"position\":1,\"name\":\"In\u00edcio\",\"item\":\"https:\/\/daniellebeatrizmakeup.com.br\/loja\/\"},{\"@type\":\"ListItem\",\"position\":2,\"name\":\"Todos\",\"item\":\"https:\/\/daniellebeatrizmakeup.com.br\/loja\/todos\/\"},{\"@type\":\"ListItem\",\"position\":3,\"name\":\"C\u00edlios Posti\u00e7os 3D Reutiliz\u00e1vel 061\"}]},{\"@type\":\"WebSite\",\"@id\":\"https:\/\/daniellebeatrizmakeup.com.br\/loja\/#website\",\"url\":\"https:\/\/daniellebeatrizmakeup.com.br\/loja\/\",\"name\":\"Loja DB Makeup\",\"description\":\"A melhor loja de maquiagem para real\u00e7ar a sua beleza\",\"publisher\":{\"@id\":\"https:\/\/daniellebeatrizmakeup.com.br\/loja\/#organization\"},\"potentialAction\":[{\"@type\":\"SearchAction\",\"target\":{\"@type\":\"EntryPoint\",\"urlTemplate\":\"https:\/\/daniellebeatrizmakeup.com.br\/loja\/?s={search_term_string}\"},\"query-input\":{\"@type\":\"PropertyValueSpecification\",\"valueRequired\":true,\"valueName\":\"search_term_string\"}}],\"inLanguage\":\"pt-BR\"},{\"@type\":\"Organization\",\"@id\":\"https:\/\/daniellebeatrizmakeup.com.br\/loja\/#organization\",\"name\":\"Danielle Beatriz Makeup\",\"url\":\"https:\/\/daniellebeatrizmakeup.com.br\/loja\/\",\"logo\":{\"@type\":\"ImageObject\",\"inLanguage\":\"pt-BR\",\"@id\":\"https:\/\/daniellebeatrizmakeup.com.br\/loja\/#\/schema\/logo\/image\/\",\"url\":\"https:\/\/daniellebeatrizmakeup.com.br\/loja\/wp-content\/uploads\/2020\/10\/logo-loja-db-makeup.png\",\"contentUrl\":\"https:\/\/daniellebeatrizmakeup.com.br\/loja\/wp-content\/uploads\/2020\/10\/logo-loja-db-makeup.png\",\"width\":500,\"height\":110,\"caption\":\"Danielle Beatriz Makeup\"},\"image\":{\"@id\":\"https:\/\/daniellebeatrizmakeup.com.br\/loja\/#\/schema\/logo\/image\/\"},\"sameAs\":[\"https:\/\/www.facebook.com\/daniellebeatrizmakeup\",\"https:\/\/x.com\/danibetriz\",\"https:\/\/www.instagram.com\/daniellebeatrizmakeup\",\"https:\/\/pinterest.com\/daniellebeatrizmakeup\",\"https:\/\/www.youtube.com\/DanielleBeatriz\"]}]}<\/script>\n<!-- \/ Yoast SEO plugin. -->","yoast_head_json":{"title":"C\u00edlios Posti\u00e7os 3D Reutiliz\u00e1vel 061 - Loja DB Makeup","description":"Os c\u00edlios s\u00e3o macios, confort\u00e1veis de usar, de alta qualidade e reutiliz\u00e1veis. A embalagem \u00e9 uma gra\u00e7a e facilita em levar para todo lugar.","robots":{"index":"index","follow":"follow","max-snippet":"max-snippet:-1","max-image-preview":"max-image-preview:large","max-video-preview":"max-video-preview:-1"},"canonical":"https:\/\/daniellebeatrizmakeup.com.br\/loja\/cilios-posticos-3d-reutilizavel-061\/","og_locale":"pt_BR","og_type":"article","og_title":"C\u00edlios Posti\u00e7os 3D Reutiliz\u00e1vel 061 - Loja DB Makeup","og_description":"Os c\u00edlios s\u00e3o macios, confort\u00e1veis de usar, de alta qualidade e reutiliz\u00e1veis. A embalagem \u00e9 uma gra\u00e7a e facilita em levar para todo lugar.","og_url":"https:\/\/daniellebeatrizmakeup.com.br\/loja\/cilios-posticos-3d-reutilizavel-061\/","og_site_name":"Loja DB Makeup","article_publisher":"https:\/\/www.facebook.com\/daniellebeatrizmakeup","article_modified_time":"2024-12-03T03:00:13+00:00","og_image":[{"width":2268,"height":2268,"url":"https:\/\/daniellebeatrizmakeup.com.br\/loja\/wp-content\/uploads\/2020\/07\/cilios-posticos-reutilizavel-061-2.jpg","type":"image\/jpeg"}],"twitter_card":"summary_large_image","twitter_site":"@danibetriz","twitter_misc":{"Est. tempo de leitura":"1 minuto"},"schema":{"@context":"https:\/\/schema.org","@graph":[{"@type":"WebPage","@id":"https:\/\/daniellebeatrizmakeup.com.br\/loja\/cilios-posticos-3d-reutilizavel-061\/","url":"https:\/\/daniellebeatrizmakeup.com.br\/loja\/cilios-posticos-3d-reutilizavel-061\/","name":"C\u00edlios Posti\u00e7os 3D Reutiliz\u00e1vel 061 - Loja DB Makeup","isPartOf":{"@id":"https:\/\/daniellebeatrizmakeup.com.br\/loja\/#website"},"primaryImageOfPage":{"@id":"https:\/\/daniellebeatrizmakeup.com.br\/loja\/cilios-posticos-3d-reutilizavel-061\/#primaryimage"},"image":{"@id":"https:\/\/daniellebeatrizmakeup.com.br\/loja\/cilios-posticos-3d-reutilizavel-061\/#primaryimage"},"thumbnailUrl":"https:\/\/daniellebeatrizmakeup.com.br\/loja\/wp-content\/uploads\/2020\/07\/cilios-posticos-reutilizavel-061-2.jpg","datePublished":"2020-07-08T15:34:21+00:00","dateModified":"2024-12-03T03:00:13+00:00","description":"Os c\u00edlios s\u00e3o macios, confort\u00e1veis de usar, de alta qualidade e reutiliz\u00e1veis. A embalagem \u00e9 uma gra\u00e7a e facilita em levar para todo lugar.","breadcrumb":{"@id":"https:\/\/daniellebeatrizmakeup.com.br\/loja\/cilios-posticos-3d-reutilizavel-061\/#breadcrumb"},"inLanguage":"pt-BR","potentialAction":[{"@type":"ReadAction","target":["https:\/\/daniellebeatrizmakeup.com.br\/loja\/cilios-posticos-3d-reutilizavel-061\/"]}]},{"@type":"ImageObject","inLanguage":"pt-BR","@id":"https:\/\/daniellebeatrizmakeup.com.br\/loja\/cilios-posticos-3d-reutilizavel-061\/#primaryimage","url":"https:\/\/daniellebeatrizmakeup.com.br\/loja\/wp-content\/uploads\/2020\/07\/cilios-posticos-reutilizavel-061-2.jpg","contentUrl":"https:\/\/daniellebeatrizmakeup.com.br\/loja\/wp-content\/uploads\/2020\/07\/cilios-posticos-reutilizavel-061-2.jpg","width":2268,"height":2268,"caption":"C\u00edlios Posti\u00e7os Reutiliz\u00e1veis 061"},{"@type":"BreadcrumbList","@id":"https:\/\/daniellebeatrizmakeup.com.br\/loja\/cilios-posticos-3d-reutilizavel-061\/#breadcrumb","itemListElement":[{"@type":"ListItem","position":1,"name":"In\u00edcio","item":"https:\/\/daniellebeatrizmakeup.com.br\/loja\/"},{"@type":"ListItem","position":2,"name":"Todos","item":"https:\/\/daniellebeatrizmakeup.com.br\/loja\/todos\/"},{"@type":"ListItem","position":3,"name":"C\u00edlios Posti\u00e7os 3D Reutiliz\u00e1vel 061"}]},{"@type":"WebSite","@id":"https:\/\/daniellebeatrizmakeup.com.br\/loja\/#website","url":"https:\/\/daniellebeatrizmakeup.com.br\/loja\/","name":"Loja DB Makeup","description":"A melhor loja de maquiagem para real\u00e7ar a sua beleza","publisher":{"@id":"https:\/\/daniellebeatrizmakeup.com.br\/loja\/#organization"},"potentialAction":[{"@type":"SearchAction","target":{"@type":"EntryPoint","urlTemplate":"https:\/\/daniellebeatrizmakeup.com.br\/loja\/?s={search_term_string}"},"query-input":{"@type":"PropertyValueSpecification","valueRequired":true,"valueName":"search_term_string"}}],"inLanguage":"pt-BR"},{"@type":"Organization","@id":"https:\/\/daniellebeatrizmakeup.com.br\/loja\/#organization","name":"Danielle Beatriz Makeup","url":"https:\/\/daniellebeatrizmakeup.com.br\/loja\/","logo":{"@type":"ImageObject","inLanguage":"pt-BR","@id":"https:\/\/daniellebeatrizmakeup.com.br\/loja\/#\/schema\/logo\/image\/","url":"https:\/\/daniellebeatrizmakeup.com.br\/loja\/wp-content\/uploads\/2020\/10\/logo-loja-db-makeup.png","contentUrl":"https:\/\/daniellebeatrizmakeup.com.br\/loja\/wp-content\/uploads\/2020\/10\/logo-loja-db-makeup.png","width":500,"height":110,"caption":"Danielle Beatriz Makeup"},"image":{"@id":"https:\/\/daniellebeatrizmakeup.com.br\/loja\/#\/schema\/logo\/image\/"},"sameAs":["https:\/\/www.facebook.com\/daniellebeatrizmakeup","https:\/\/x.com\/danibetriz","https:\/\/www.instagram.com\/daniellebeatrizmakeup","https:\/\/pinterest.com\/daniellebeatrizmakeup","https:\/\/www.youtube.com\/DanielleBeatriz"]}]}},"jetpack_sharing_enabled":true,"_links":{"self":[{"href":"https:\/\/daniellebeatrizmakeup.com.br\/loja\/wp-json\/wp\/v2\/product\/1198","targetHints":{"allow":["GET"]}}],"collection":[{"href":"https:\/\/daniellebeatrizmakeup.com.br\/loja\/wp-json\/wp\/v2\/product"}],"about":[{"href":"https:\/\/daniellebeatrizmakeup.com.br\/loja\/wp-json\/wp\/v2\/types\/product"}],"replies":[{"embeddable":true,"href":"https:\/\/daniellebeatrizmakeup.com.br\/loja\/wp-json\/wp\/v2\/comments?post=1198"}],"version-history":[{"count":4,"href":"https:\/\/daniellebeatrizmakeup.com.br\/loja\/wp-json\/wp\/v2\/product\/1198\/revisions"}],"predecessor-version":[{"id":55460,"href":"https:\/\/daniellebeatrizmakeup.com.br\/loja\/wp-json\/wp\/v2\/product\/1198\/revisions\/55460"}],"wp:featuredmedia":[{"embeddable":true,"href":"https:\/\/daniellebeatrizmakeup.com.br\/loja\/wp-json\/wp\/v2\/media\/1546"}],"wp:attachment":[{"href":"https:\/\/daniellebeatrizmakeup.com.br\/loja\/wp-json\/wp\/v2\/media?parent=1198"}],"wp:term":[{"taxonomy":"product_brand","embeddable":true,"href":"https:\/\/daniellebeatrizmakeup.com.br\/loja\/wp-json\/wp\/v2\/product_brand?post=1198"},{"taxonomy":"product_cat","embeddable":true,"href":"https:\/\/daniellebeatrizmakeup.com.br\/loja\/wp-json\/wp\/v2\/product_cat?post=1198"},{"taxonomy":"product_tag","embeddable":true,"href":"https:\/\/daniellebeatrizmakeup.com.br\/loja\/wp-json\/wp\/v2\/product_tag?post=1198"},{"taxonomy":"woo-feed-brand","embeddable":true,"href":"https:\/\/daniellebeatrizmakeup.com.br\/loja\/wp-json\/wp\/v2\/woo-feed-brand?post=1198"}],"curies":[{"name":"wp","href":"https:\/\/api.w.org\/{rel}","templated":true}]}}