{"id":1153,"date":"2020-07-08T12:34:09","date_gmt":"2020-07-08T15:34:09","guid":{"rendered":"https:\/\/loja.daniellebeatrizmakeup.com.br\/index.php\/produto\/import-placeholder-for-1010\/"},"modified":"2023-12-06T05:24:29","modified_gmt":"2023-12-06T08:24:29","slug":"sombra-individual-maria-margarida","status":"publish","type":"product","link":"https:\/\/daniellebeatrizmakeup.com.br\/loja\/sombra-individual-maria-margarida\/","title":{"rendered":"Sombra Unit\u00e1ria Maria Margarida"},"content":{"rendered":"<p>A Maria Margarida lan\u00e7ou sua cole\u00e7\u00e3o de sombras com cores super pigmentadas nos acabamentos matte, metalizado e cintilante. A <a href=\"https:\/\/www.instagram.com\/p\/CIRpBikDqFc\/\">Sombra Unit\u00e1ria<\/a>\u00a0da Maria Margaria pode ser colocada em <a href=\"https:\/\/daniellebeatrizmakeup.com.br\/loja\/paleta-magnetica-12-spots-maria-margarida\/\">paletas de \u00edm\u00e3<\/a>, como a da pr\u00f3pria marca que te possibilita colocar at\u00e9 12 sombras.<\/p>\n<p>*Obs.: Os swatches das sombras no bra\u00e7o foram feitos com o primer de olhos da <a href=\"https:\/\/daniellebeatrizmakeup.com.br\/loja\/consultora-mary-kay\/\">Mary Kay<\/a>.<\/p>\n<h2>Detalhes da Sombra Unit\u00e1ria da Maria Margarida<\/h2>\n<p>Os nomes das cores s\u00e3o em homenagem a mulheres que fizeram parte da hist\u00f3ria do nosso pa\u00eds. Confira um pouco da hist\u00f3ria de alguns nomes escolhidos para a Sombra Individual da Maria Margarida.<\/p>\n<p><em><strong>Alzira:<\/strong><\/em><strong>\u00a0<\/strong>Tom iluminador com fundo levemente champanhe, com acabamento cintilante. Alzira disputou em 1928, aos 32 anos, as elei\u00e7\u00f5es para prefeitura de Lajes, cidade do interior do Rio Grande do Norte, vencendo as elei\u00e7\u00f5es com 60% dos votos. Foi a primeira mulher da Am\u00e9rica Latina a assumir o governo de uma cidade.<\/p>\n<p><em><strong>Antonieta:<\/strong><\/em><strong>\u00a0<\/strong>Tom dourado acobreado intenso, com acabamento metalizado. Antonieta de Barros era uma Catarinense, filha de ex escravos. No in\u00edcio do s\u00e9culo 20, tornou-se jornalista, educadora e deputada. Foi a primeira Deputada Estadual Negra do pa\u00eds.<\/p>\n<p><em><strong>B\u00e1rbara:<\/strong><\/em><strong>\u00a0<\/strong>Tom iluminador ros\u00e9 gold, com acabamento metalizado. B\u00e1rbara Alencar foi uma Pernambucana que lutou pelos ideais Republicamos no s\u00e9culo XIX e ficou conhecida pela c\u00e9lebre frase &#8220;N\u00e3o quero ser rainha, quero ser Rei!&#8221;.<\/p>\n<p><em><strong>Bertha Lutz:<\/strong><\/em><strong>\u00a0<\/strong>Tom preto intenso, com acabamento matte. Super preto! Bertha Lutz teve participa\u00e7\u00e3o essencial no estabelecimento de direitos civis das mulheres como abertura do mercado de trabalho, direito ao voto, licen\u00e7a maternidade e muitos outros durante o in\u00edcio do s\u00e9culo XX.<\/p>\n<p><em><strong>Brites:<\/strong><\/em><strong>\u00a0<\/strong>Tom roxo profundo, com acabamento matte. Brites de Albuquerque foi a primeira governante das Am\u00e9ricas. Ap\u00f3s a morte de seu marido ela passou a governar a capitania de Pernambuco no s\u00e9culo XVI.<\/p>\n<p><em><strong>Carmen:<\/strong><\/em><strong>\u00a0<\/strong>Tom marrom neutro ideal para marcar o c\u00f4ncavo, com acabamento matte. Carmen Portinho foi uma importante sufragista brasileira. Entre muitas outras a\u00e7\u00f5es, ela criou, em 1937, a Associa\u00e7\u00e3o Brasileira de Engenheiras e Arquitetas (ABEA), visando impulsionar mulheres formadas a ingressar no mercado de trabalho.<\/p>\n<p><em><strong>Celina:<\/strong><\/em><strong>\u00a0<\/strong>Tom levemente lil\u00e1s ideal para aplicar na p\u00e1lpebra m\u00f3vel, com acabamento cintilante. Celina Viana, a primeira mulher a exercer seu direito a voto em 1928 na cidade de Mossor\u00f3, Rio Grande do Norte.<\/p>\n<p><em><strong>Dandara:<\/strong><\/em><strong>\u00a0<\/strong>Tom rosa escuro intenso, com acabamento matte. Dandara foi uma das l\u00edderes do Quilombo dos Palmares e essencial na luta contra a escravatura no Brasil.<\/p>\n<p><em><strong>Linda:<\/strong><\/em><strong>\u00a0<\/strong>Tom marrom neutro com fundo levemente rosado, com acabamento matte. Leolinda Daltro fundou o partido Republicano Feminino e foi essencial para o acesso feminino aos direitos civis.<\/p>\n<p><em><strong>Maria Am\u00e9lia<\/strong><strong>:<\/strong><\/em> Tom marrom acobreado, com acabamento metalizado. Maria Am\u00e9lia foi uma das fundadoras da Ave Libertas, associa\u00e7\u00e3o composta s\u00f3 de mulheres, que lutava contra a escravid\u00e3o durante o s\u00e9culo XIX. Costumavam arrecadar fundos para comprar alforrias de escravos.<\/p>\n<p><em><strong>Maria Quit\u00e9ria:<\/strong><\/em><strong>\u00a0<\/strong>Tom laranja intenso com fundo dourado, com acabamento matte e leves pigmentos dourados de fundo. Em 1822, Maria Quit\u00e9ria se alistou ao ex\u00e9rcito na luta pela independ\u00eancia do Brasil. Como mulheres era proibidas, ela se alistou disfar\u00e7ada de Soldado Medeiros. Quando foi descoberta, o comandante da sua unidade n\u00e3o deixou que ela fosse expulsa, pois, segundo ele, ela era muito eficiente e imprescind\u00edvel para sua unidade.<\/p>\n<p><em><strong>Marietta:<\/strong><\/em><strong>\u00a0<\/strong>Tom marrom terracota ideal para marcar o c\u00f4ncavo, com acabamento matte. Marietta Baderna foi uma bailarina italiana que, no s\u00e9culo XIX, misturava dan\u00e7as afro-brasileiras em suas apresenta\u00e7\u00f5es cl\u00e1ssicas. Seu sobrenome foi incorporado ao vocabul\u00e1rio brasileiro devido sua criatividade em misturar diversas matrizes culturais.<\/p>\n<p><em><strong>N\u00edsia:<\/strong><\/em><strong>\u00a0<\/strong>Tom marrom de fundo oliva com leves pigmentos dourados, com acabamento metalizado. N\u00edsia Floresta criou em 1838 uma escola para mulheres que tinha a revolucion\u00e1ria proposta de adicionar saberes, antes de considerados apenas masculinos, como ci\u00eancias, l\u00ednguas, hist\u00f3ria, entre outros. Tamb\u00e9m foi a primeira mulher a publicar artigos em jornais e livros.<\/p>\n<p><em><strong>Tereza:<\/strong><\/em><strong>\u00a0<\/strong>Tom iluminador branco, com acabamento cintilante. Tereza de Benguela foi l\u00edder quilombola durante o s\u00e9culo XVIII. Considerada uma rainha, Tereza comandou a estrutura pol\u00edtica, econ\u00f4mica e administrativa do quilombo.<\/p>\n","protected":false},"excerpt":{"rendered":"<p>A Maria Margarida lan\u00e7ou sua cole\u00e7\u00e3o de sombras com cores super pigmentadas nos acabamentos matte, metalizado e cintilante. A Sombra Unit\u00e1ria da Maria Margaria pode ser colocada em paletas de \u00edm\u00e3, como a da pr\u00f3pria marca que te possibilita colocar at\u00e9 12 sombras.<\/p>\n","protected":false},"featured_media":1433,"comment_status":"open","ping_status":"closed","template":"","meta":{"_mbp_gutenberg_autopost":false},"product_brand":[],"product_cat":[73,79,326,556],"product_tag":[145,94,95,93,114,92,227],"woo-feed-brand":[],"class_list":{"0":"post-1153","1":"product","2":"type-product","3":"status-publish","4":"has-post-thumbnail","6":"product_cat-maria-margarida","7":"product_cat-olhos","8":"product_cat-paleta-de-sombras","9":"product_cat-sombra-unitaria","10":"product_tag-maria-margarida","11":"product_tag-olhos-coloridos","12":"product_tag-olhos-neutros","13":"product_tag-paleta-de-sombra","14":"product_tag-paleta-de-sombras","15":"product_tag-sombra","16":"product_tag-sombra-unitaria","17":"pa_cor-ada","18":"pa_cor-alice","19":"pa_cor-alzira","20":"pa_cor-ana","21":"pa_cor-anita","22":"pa_cor-anne","23":"pa_cor-annete","24":"pa_cor-antonieta","25":"pa_cor-barbara","26":"pa_cor-bertha-lutz","27":"pa_cor-brites","28":"pa_cor-carmem","29":"pa_cor-carol","30":"pa_cor-catarina","31":"pa_cor-celina","32":"pa_cor-chica","33":"pa_cor-clara","34":"pa_cor-dandara","35":"pa_cor-dorothy","36":"pa_cor-ellen","37":"pa_cor-esperanca","38":"pa_cor-florence","39":"pa_cor-irene","40":"pa_cor-isabel","41":"pa_cor-joana","42":"pa_cor-juliana","43":"pa_cor-katherine","44":"pa_cor-linda","45":"pa_cor-maria-amelia","46":"pa_cor-maria-augusta","47":"pa_cor-maria-quiteria","48":"pa_cor-maria-rita","49":"pa_cor-marietta","50":"pa_cor-maya","51":"pa_cor-nisia","52":"pa_cor-rita","53":"pa_cor-rosita","54":"pa_cor-sarla","55":"pa_cor-tereza","56":"pa_cor-valentina","57":"pa_cor-victoria","58":"yith_product_brand-maria-margarida","60":"first","61":"outofstock","62":"sale","63":"shipping-taxable","64":"purchasable","65":"product-type-variable"},"yoast_head":"<!-- This site is optimized with the Yoast SEO plugin v27.3 - https:\/\/yoast.com\/product\/yoast-seo-wordpress\/ -->\n<title>Sombra Unit\u00e1ria Maria Margarida - Loja DB Makeup<\/title>\n<meta name=\"description\" content=\"A sombra individual da Maria Margarida \u00e9 uma cole\u00e7\u00e3o de cores super pigmentadas com acabamento matte, metalizado e cintilante.\" \/>\n<meta name=\"robots\" content=\"index, follow, max-snippet:-1, max-image-preview:large, max-video-preview:-1\" \/>\n<link rel=\"canonical\" href=\"https:\/\/daniellebeatrizmakeup.com.br\/loja\/sombra-individual-maria-margarida\/\" \/>\n<meta property=\"og:locale\" content=\"pt_BR\" \/>\n<meta property=\"og:type\" content=\"article\" \/>\n<meta property=\"og:title\" content=\"Sombra Unit\u00e1ria Maria Margarida - Loja DB Makeup\" \/>\n<meta property=\"og:description\" content=\"A sombra individual da Maria Margarida \u00e9 uma cole\u00e7\u00e3o de cores super pigmentadas com acabamento matte, metalizado e cintilante.\" \/>\n<meta property=\"og:url\" content=\"https:\/\/daniellebeatrizmakeup.com.br\/loja\/sombra-individual-maria-margarida\/\" \/>\n<meta property=\"og:site_name\" content=\"Loja DB Makeup\" \/>\n<meta property=\"article:publisher\" content=\"https:\/\/www.facebook.com\/daniellebeatrizmakeup\" \/>\n<meta property=\"article:modified_time\" content=\"2023-12-06T08:24:29+00:00\" \/>\n<meta property=\"og:image\" content=\"https:\/\/daniellebeatrizmakeup.com.br\/loja\/wp-content\/uploads\/2020\/07\/sombra-unitaria-maria-margarida.jpg\" \/>\n\t<meta property=\"og:image:width\" content=\"854\" \/>\n\t<meta property=\"og:image:height\" content=\"853\" \/>\n\t<meta property=\"og:image:type\" content=\"image\/jpeg\" \/>\n<meta name=\"twitter:card\" content=\"summary_large_image\" \/>\n<meta name=\"twitter:site\" content=\"@danibetriz\" \/>\n<meta name=\"twitter:label1\" content=\"Est. tempo de leitura\" \/>\n\t<meta name=\"twitter:data1\" content=\"4 minutos\" \/>\n<script type=\"application\/ld+json\" class=\"yoast-schema-graph\">{\"@context\":\"https:\\\/\\\/schema.org\",\"@graph\":[{\"@type\":\"WebPage\",\"@id\":\"https:\\\/\\\/daniellebeatrizmakeup.com.br\\\/loja\\\/sombra-individual-maria-margarida\\\/\",\"url\":\"https:\\\/\\\/daniellebeatrizmakeup.com.br\\\/loja\\\/sombra-individual-maria-margarida\\\/\",\"name\":\"Sombra Unit\u00e1ria Maria Margarida - Loja DB Makeup\",\"isPartOf\":{\"@id\":\"https:\\\/\\\/daniellebeatrizmakeup.com.br\\\/loja\\\/#website\"},\"primaryImageOfPage\":{\"@id\":\"https:\\\/\\\/daniellebeatrizmakeup.com.br\\\/loja\\\/sombra-individual-maria-margarida\\\/#primaryimage\"},\"image\":{\"@id\":\"https:\\\/\\\/daniellebeatrizmakeup.com.br\\\/loja\\\/sombra-individual-maria-margarida\\\/#primaryimage\"},\"thumbnailUrl\":\"https:\\\/\\\/daniellebeatrizmakeup.com.br\\\/loja\\\/wp-content\\\/uploads\\\/2020\\\/07\\\/sombra-unitaria-maria-margarida.jpg\",\"datePublished\":\"2020-07-08T15:34:09+00:00\",\"dateModified\":\"2023-12-06T08:24:29+00:00\",\"description\":\"A sombra individual da Maria Margarida \u00e9 uma cole\u00e7\u00e3o de cores super pigmentadas com acabamento matte, metalizado e cintilante.\",\"breadcrumb\":{\"@id\":\"https:\\\/\\\/daniellebeatrizmakeup.com.br\\\/loja\\\/sombra-individual-maria-margarida\\\/#breadcrumb\"},\"inLanguage\":\"pt-BR\",\"potentialAction\":[{\"@type\":\"ReadAction\",\"target\":[\"https:\\\/\\\/daniellebeatrizmakeup.com.br\\\/loja\\\/sombra-individual-maria-margarida\\\/\"]}]},{\"@type\":\"ImageObject\",\"inLanguage\":\"pt-BR\",\"@id\":\"https:\\\/\\\/daniellebeatrizmakeup.com.br\\\/loja\\\/sombra-individual-maria-margarida\\\/#primaryimage\",\"url\":\"https:\\\/\\\/daniellebeatrizmakeup.com.br\\\/loja\\\/wp-content\\\/uploads\\\/2020\\\/07\\\/sombra-unitaria-maria-margarida.jpg\",\"contentUrl\":\"https:\\\/\\\/daniellebeatrizmakeup.com.br\\\/loja\\\/wp-content\\\/uploads\\\/2020\\\/07\\\/sombra-unitaria-maria-margarida.jpg\",\"width\":854,\"height\":853,\"caption\":\"Sombra unit\u00e1ria Maria Margarida\"},{\"@type\":\"BreadcrumbList\",\"@id\":\"https:\\\/\\\/daniellebeatrizmakeup.com.br\\\/loja\\\/sombra-individual-maria-margarida\\\/#breadcrumb\",\"itemListElement\":[{\"@type\":\"ListItem\",\"position\":1,\"name\":\"In\u00edcio\",\"item\":\"https:\\\/\\\/daniellebeatrizmakeup.com.br\\\/loja\\\/\"},{\"@type\":\"ListItem\",\"position\":2,\"name\":\"Todos\",\"item\":\"https:\\\/\\\/daniellebeatrizmakeup.com.br\\\/loja\\\/todos\\\/\"},{\"@type\":\"ListItem\",\"position\":3,\"name\":\"Sombra Unit\u00e1ria Maria Margarida\"}]},{\"@type\":\"WebSite\",\"@id\":\"https:\\\/\\\/daniellebeatrizmakeup.com.br\\\/loja\\\/#website\",\"url\":\"https:\\\/\\\/daniellebeatrizmakeup.com.br\\\/loja\\\/\",\"name\":\"Loja DB Makeup\",\"description\":\"A melhor loja de maquiagem para real\u00e7ar a sua beleza\",\"publisher\":{\"@id\":\"https:\\\/\\\/daniellebeatrizmakeup.com.br\\\/loja\\\/#organization\"},\"potentialAction\":[{\"@type\":\"SearchAction\",\"target\":{\"@type\":\"EntryPoint\",\"urlTemplate\":\"https:\\\/\\\/daniellebeatrizmakeup.com.br\\\/loja\\\/?s={search_term_string}\"},\"query-input\":{\"@type\":\"PropertyValueSpecification\",\"valueRequired\":true,\"valueName\":\"search_term_string\"}}],\"inLanguage\":\"pt-BR\"},{\"@type\":\"Organization\",\"@id\":\"https:\\\/\\\/daniellebeatrizmakeup.com.br\\\/loja\\\/#organization\",\"name\":\"Danielle Beatriz Makeup\",\"url\":\"https:\\\/\\\/daniellebeatrizmakeup.com.br\\\/loja\\\/\",\"logo\":{\"@type\":\"ImageObject\",\"inLanguage\":\"pt-BR\",\"@id\":\"https:\\\/\\\/daniellebeatrizmakeup.com.br\\\/loja\\\/#\\\/schema\\\/logo\\\/image\\\/\",\"url\":\"https:\\\/\\\/daniellebeatrizmakeup.com.br\\\/loja\\\/wp-content\\\/uploads\\\/2020\\\/10\\\/logo-loja-db-makeup.png\",\"contentUrl\":\"https:\\\/\\\/daniellebeatrizmakeup.com.br\\\/loja\\\/wp-content\\\/uploads\\\/2020\\\/10\\\/logo-loja-db-makeup.png\",\"width\":500,\"height\":110,\"caption\":\"Danielle Beatriz Makeup\"},\"image\":{\"@id\":\"https:\\\/\\\/daniellebeatrizmakeup.com.br\\\/loja\\\/#\\\/schema\\\/logo\\\/image\\\/\"},\"sameAs\":[\"https:\\\/\\\/www.facebook.com\\\/daniellebeatrizmakeup\",\"https:\\\/\\\/x.com\\\/danibetriz\",\"https:\\\/\\\/www.instagram.com\\\/daniellebeatrizmakeup\",\"https:\\\/\\\/pinterest.com\\\/daniellebeatrizmakeup\",\"https:\\\/\\\/www.youtube.com\\\/DanielleBeatriz\"]}]}<\/script>\n<!-- \/ Yoast SEO plugin. -->","yoast_head_json":{"title":"Sombra Unit\u00e1ria Maria Margarida - Loja DB Makeup","description":"A sombra individual da Maria Margarida \u00e9 uma cole\u00e7\u00e3o de cores super pigmentadas com acabamento matte, metalizado e cintilante.","robots":{"index":"index","follow":"follow","max-snippet":"max-snippet:-1","max-image-preview":"max-image-preview:large","max-video-preview":"max-video-preview:-1"},"canonical":"https:\/\/daniellebeatrizmakeup.com.br\/loja\/sombra-individual-maria-margarida\/","og_locale":"pt_BR","og_type":"article","og_title":"Sombra Unit\u00e1ria Maria Margarida - Loja DB Makeup","og_description":"A sombra individual da Maria Margarida \u00e9 uma cole\u00e7\u00e3o de cores super pigmentadas com acabamento matte, metalizado e cintilante.","og_url":"https:\/\/daniellebeatrizmakeup.com.br\/loja\/sombra-individual-maria-margarida\/","og_site_name":"Loja DB Makeup","article_publisher":"https:\/\/www.facebook.com\/daniellebeatrizmakeup","article_modified_time":"2023-12-06T08:24:29+00:00","og_image":[{"width":854,"height":853,"url":"https:\/\/daniellebeatrizmakeup.com.br\/loja\/wp-content\/uploads\/2020\/07\/sombra-unitaria-maria-margarida.jpg","type":"image\/jpeg"}],"twitter_card":"summary_large_image","twitter_site":"@danibetriz","twitter_misc":{"Est. tempo de leitura":"4 minutos"},"schema":{"@context":"https:\/\/schema.org","@graph":[{"@type":"WebPage","@id":"https:\/\/daniellebeatrizmakeup.com.br\/loja\/sombra-individual-maria-margarida\/","url":"https:\/\/daniellebeatrizmakeup.com.br\/loja\/sombra-individual-maria-margarida\/","name":"Sombra Unit\u00e1ria Maria Margarida - Loja DB Makeup","isPartOf":{"@id":"https:\/\/daniellebeatrizmakeup.com.br\/loja\/#website"},"primaryImageOfPage":{"@id":"https:\/\/daniellebeatrizmakeup.com.br\/loja\/sombra-individual-maria-margarida\/#primaryimage"},"image":{"@id":"https:\/\/daniellebeatrizmakeup.com.br\/loja\/sombra-individual-maria-margarida\/#primaryimage"},"thumbnailUrl":"https:\/\/daniellebeatrizmakeup.com.br\/loja\/wp-content\/uploads\/2020\/07\/sombra-unitaria-maria-margarida.jpg","datePublished":"2020-07-08T15:34:09+00:00","dateModified":"2023-12-06T08:24:29+00:00","description":"A sombra individual da Maria Margarida \u00e9 uma cole\u00e7\u00e3o de cores super pigmentadas com acabamento matte, metalizado e cintilante.","breadcrumb":{"@id":"https:\/\/daniellebeatrizmakeup.com.br\/loja\/sombra-individual-maria-margarida\/#breadcrumb"},"inLanguage":"pt-BR","potentialAction":[{"@type":"ReadAction","target":["https:\/\/daniellebeatrizmakeup.com.br\/loja\/sombra-individual-maria-margarida\/"]}]},{"@type":"ImageObject","inLanguage":"pt-BR","@id":"https:\/\/daniellebeatrizmakeup.com.br\/loja\/sombra-individual-maria-margarida\/#primaryimage","url":"https:\/\/daniellebeatrizmakeup.com.br\/loja\/wp-content\/uploads\/2020\/07\/sombra-unitaria-maria-margarida.jpg","contentUrl":"https:\/\/daniellebeatrizmakeup.com.br\/loja\/wp-content\/uploads\/2020\/07\/sombra-unitaria-maria-margarida.jpg","width":854,"height":853,"caption":"Sombra unit\u00e1ria Maria Margarida"},{"@type":"BreadcrumbList","@id":"https:\/\/daniellebeatrizmakeup.com.br\/loja\/sombra-individual-maria-margarida\/#breadcrumb","itemListElement":[{"@type":"ListItem","position":1,"name":"In\u00edcio","item":"https:\/\/daniellebeatrizmakeup.com.br\/loja\/"},{"@type":"ListItem","position":2,"name":"Todos","item":"https:\/\/daniellebeatrizmakeup.com.br\/loja\/todos\/"},{"@type":"ListItem","position":3,"name":"Sombra Unit\u00e1ria Maria Margarida"}]},{"@type":"WebSite","@id":"https:\/\/daniellebeatrizmakeup.com.br\/loja\/#website","url":"https:\/\/daniellebeatrizmakeup.com.br\/loja\/","name":"Loja DB Makeup","description":"A melhor loja de maquiagem para real\u00e7ar a sua beleza","publisher":{"@id":"https:\/\/daniellebeatrizmakeup.com.br\/loja\/#organization"},"potentialAction":[{"@type":"SearchAction","target":{"@type":"EntryPoint","urlTemplate":"https:\/\/daniellebeatrizmakeup.com.br\/loja\/?s={search_term_string}"},"query-input":{"@type":"PropertyValueSpecification","valueRequired":true,"valueName":"search_term_string"}}],"inLanguage":"pt-BR"},{"@type":"Organization","@id":"https:\/\/daniellebeatrizmakeup.com.br\/loja\/#organization","name":"Danielle Beatriz Makeup","url":"https:\/\/daniellebeatrizmakeup.com.br\/loja\/","logo":{"@type":"ImageObject","inLanguage":"pt-BR","@id":"https:\/\/daniellebeatrizmakeup.com.br\/loja\/#\/schema\/logo\/image\/","url":"https:\/\/daniellebeatrizmakeup.com.br\/loja\/wp-content\/uploads\/2020\/10\/logo-loja-db-makeup.png","contentUrl":"https:\/\/daniellebeatrizmakeup.com.br\/loja\/wp-content\/uploads\/2020\/10\/logo-loja-db-makeup.png","width":500,"height":110,"caption":"Danielle Beatriz Makeup"},"image":{"@id":"https:\/\/daniellebeatrizmakeup.com.br\/loja\/#\/schema\/logo\/image\/"},"sameAs":["https:\/\/www.facebook.com\/daniellebeatrizmakeup","https:\/\/x.com\/danibetriz","https:\/\/www.instagram.com\/daniellebeatrizmakeup","https:\/\/pinterest.com\/daniellebeatrizmakeup","https:\/\/www.youtube.com\/DanielleBeatriz"]}]}},"jetpack_sharing_enabled":true,"_links":{"self":[{"href":"https:\/\/daniellebeatrizmakeup.com.br\/loja\/wp-json\/wp\/v2\/product\/1153","targetHints":{"allow":["GET"]}}],"collection":[{"href":"https:\/\/daniellebeatrizmakeup.com.br\/loja\/wp-json\/wp\/v2\/product"}],"about":[{"href":"https:\/\/daniellebeatrizmakeup.com.br\/loja\/wp-json\/wp\/v2\/types\/product"}],"replies":[{"embeddable":true,"href":"https:\/\/daniellebeatrizmakeup.com.br\/loja\/wp-json\/wp\/v2\/comments?post=1153"}],"version-history":[{"count":8,"href":"https:\/\/daniellebeatrizmakeup.com.br\/loja\/wp-json\/wp\/v2\/product\/1153\/revisions"}],"predecessor-version":[{"id":55357,"href":"https:\/\/daniellebeatrizmakeup.com.br\/loja\/wp-json\/wp\/v2\/product\/1153\/revisions\/55357"}],"wp:featuredmedia":[{"embeddable":true,"href":"https:\/\/daniellebeatrizmakeup.com.br\/loja\/wp-json\/wp\/v2\/media\/1433"}],"wp:attachment":[{"href":"https:\/\/daniellebeatrizmakeup.com.br\/loja\/wp-json\/wp\/v2\/media?parent=1153"}],"wp:term":[{"taxonomy":"product_brand","embeddable":true,"href":"https:\/\/daniellebeatrizmakeup.com.br\/loja\/wp-json\/wp\/v2\/product_brand?post=1153"},{"taxonomy":"product_cat","embeddable":true,"href":"https:\/\/daniellebeatrizmakeup.com.br\/loja\/wp-json\/wp\/v2\/product_cat?post=1153"},{"taxonomy":"product_tag","embeddable":true,"href":"https:\/\/daniellebeatrizmakeup.com.br\/loja\/wp-json\/wp\/v2\/product_tag?post=1153"},{"taxonomy":"woo-feed-brand","embeddable":true,"href":"https:\/\/daniellebeatrizmakeup.com.br\/loja\/wp-json\/wp\/v2\/woo-feed-brand?post=1153"}],"curies":[{"name":"wp","href":"https:\/\/api.w.org\/{rel}","templated":true}]}}