{"id":1152,"date":"2020-07-08T12:34:08","date_gmt":"2020-07-08T15:34:08","guid":{"rendered":"https:\/\/loja.daniellebeatrizmakeup.com.br\/index.php\/produto\/import-placeholder-for-1009\/"},"modified":"2023-12-06T05:41:55","modified_gmt":"2023-12-06T08:41:55","slug":"paleta-cheek-glow-studio-ruby-rose","status":"publish","type":"product","link":"https:\/\/daniellebeatrizmakeup.com.br\/loja\/paleta-cheek-glow-studio-ruby-rose\/","title":{"rendered":"Paleta Cheek Glow Studio &#8211; Ruby Rose"},"content":{"rendered":"<p>A Paleta Cheek Glow Studio da Ruby Rose disp\u00f5e de quatro produtos incr\u00edveis, sendo eles:<\/p>\n<ul>\n<li>P\u00f3 Iluminador cor champanhe<\/li>\n<li>Blush cor Goiaba<\/li>\n<li>P\u00f3 para contorno cor Bronze<\/li>\n<li>P\u00f3 Iluminador cor Rose Gold<\/li>\n<\/ul>\n<p>Todos em p\u00f3, que proporcionam uma maquiagem mais cl\u00e1ssica e sofisticada, e tudo isso nessa maravilhosa Paleta! O mix de cores acetinadas pode ser usadas tanto de dia quanto \u00e0 noite, deixando sua maquiagem ainda mais elaborada e moderna.<\/p>\n<p>Sugest\u00f5es de aplica\u00e7\u00e3o:<\/p>\n<ul>\n<li>Com a pele limpa, fa\u00e7a a aplica\u00e7\u00e3o da base e em seguida utilize a paleta.<\/li>\n<li>Lembre-se que cores claras real\u00e7am e cores escuras afinam.<\/li>\n<li>Aplique com pincel apropriado que lhe ajude a obter melhores resultados e um acabamento perfeito.<\/li>\n<\/ul>\n<p>Precau\u00e7\u00f5es: Uso externo. N\u00e3o aplique sobre a pele irritada ou lesionada. Se houver qualquer sinal de irrita\u00e7\u00e3o, descontinue o uso do produto. Evite calor excessivo. Mantenha a embalagem bem fechada e fora do alcance de crian\u00e7as.<\/p>\n","protected":false},"excerpt":{"rendered":"<p><br data-mce-bogus=\"1\"><\/p>\n","protected":false},"featured_media":1499,"comment_status":"open","ping_status":"closed","template":"","meta":{"_mbp_gutenberg_autopost":false},"product_brand":[],"product_cat":[74,78,574,125,130],"product_tag":[86,201,200,199,156,198,106,805],"woo-feed-brand":[],"class_list":{"0":"post-1152","1":"product","2":"type-product","3":"status-publish","4":"has-post-thumbnail","6":"product_cat-ruby-rose","7":"product_cat-rosto","8":"product_cat-blush","9":"product_cat-iluminador","10":"product_cat-po","11":"product_tag-aveludado","12":"product_tag-blush","13":"product_tag-bronzer","14":"product_tag-iluminador","15":"product_tag-kit","16":"product_tag-paleta","17":"product_tag-pele","18":"product_tag-ruby-rose","19":"yith_product_brand-ruby-rose","21":"first","22":"outofstock","23":"shipping-taxable","24":"purchasable","25":"product-type-simple"},"yoast_head":"<!-- This site is optimized with the Yoast SEO plugin v26.6 - https:\/\/yoast.com\/wordpress\/plugins\/seo\/ -->\n<title>Paleta Cheek Glow Studio - Ruby Rose - Loja DB Makeup<\/title>\n<meta name=\"robots\" content=\"index, follow, max-snippet:-1, max-image-preview:large, max-video-preview:-1\" \/>\n<link rel=\"canonical\" href=\"https:\/\/daniellebeatrizmakeup.com.br\/loja\/paleta-cheek-glow-studio-ruby-rose\/\" \/>\n<meta property=\"og:locale\" content=\"pt_BR\" \/>\n<meta property=\"og:type\" content=\"article\" \/>\n<meta property=\"og:title\" content=\"Paleta Cheek Glow Studio - Ruby Rose - Loja DB Makeup\" \/>\n<meta property=\"og:url\" content=\"https:\/\/daniellebeatrizmakeup.com.br\/loja\/paleta-cheek-glow-studio-ruby-rose\/\" \/>\n<meta property=\"og:site_name\" content=\"Loja DB Makeup\" \/>\n<meta property=\"article:publisher\" content=\"https:\/\/www.facebook.com\/daniellebeatrizmakeup\" \/>\n<meta property=\"article:modified_time\" content=\"2023-12-06T08:41:55+00:00\" \/>\n<meta property=\"og:image\" content=\"https:\/\/daniellebeatrizmakeup.com.br\/loja\/wp-content\/uploads\/2020\/07\/paleta-cheek-glow-studio.jpg\" \/>\n\t<meta property=\"og:image:width\" content=\"600\" \/>\n\t<meta property=\"og:image:height\" content=\"600\" \/>\n\t<meta property=\"og:image:type\" content=\"image\/jpeg\" \/>\n<meta name=\"twitter:card\" content=\"summary_large_image\" \/>\n<meta name=\"twitter:site\" content=\"@danibetriz\" \/>\n<meta name=\"twitter:label1\" content=\"Est. tempo de leitura\" \/>\n\t<meta name=\"twitter:data1\" content=\"1 minuto\" \/>\n<script type=\"application\/ld+json\" class=\"yoast-schema-graph\">{\"@context\":\"https:\/\/schema.org\",\"@graph\":[{\"@type\":\"WebPage\",\"@id\":\"https:\/\/daniellebeatrizmakeup.com.br\/loja\/paleta-cheek-glow-studio-ruby-rose\/\",\"url\":\"https:\/\/daniellebeatrizmakeup.com.br\/loja\/paleta-cheek-glow-studio-ruby-rose\/\",\"name\":\"Paleta Cheek Glow Studio - Ruby Rose - Loja DB Makeup\",\"isPartOf\":{\"@id\":\"https:\/\/daniellebeatrizmakeup.com.br\/loja\/#website\"},\"primaryImageOfPage\":{\"@id\":\"https:\/\/daniellebeatrizmakeup.com.br\/loja\/paleta-cheek-glow-studio-ruby-rose\/#primaryimage\"},\"image\":{\"@id\":\"https:\/\/daniellebeatrizmakeup.com.br\/loja\/paleta-cheek-glow-studio-ruby-rose\/#primaryimage\"},\"thumbnailUrl\":\"https:\/\/daniellebeatrizmakeup.com.br\/loja\/wp-content\/uploads\/2020\/07\/paleta-cheek-glow-studio.jpg\",\"datePublished\":\"2020-07-08T15:34:08+00:00\",\"dateModified\":\"2023-12-06T08:41:55+00:00\",\"breadcrumb\":{\"@id\":\"https:\/\/daniellebeatrizmakeup.com.br\/loja\/paleta-cheek-glow-studio-ruby-rose\/#breadcrumb\"},\"inLanguage\":\"pt-BR\",\"potentialAction\":[{\"@type\":\"ReadAction\",\"target\":[\"https:\/\/daniellebeatrizmakeup.com.br\/loja\/paleta-cheek-glow-studio-ruby-rose\/\"]}]},{\"@type\":\"ImageObject\",\"inLanguage\":\"pt-BR\",\"@id\":\"https:\/\/daniellebeatrizmakeup.com.br\/loja\/paleta-cheek-glow-studio-ruby-rose\/#primaryimage\",\"url\":\"https:\/\/daniellebeatrizmakeup.com.br\/loja\/wp-content\/uploads\/2020\/07\/paleta-cheek-glow-studio.jpg\",\"contentUrl\":\"https:\/\/daniellebeatrizmakeup.com.br\/loja\/wp-content\/uploads\/2020\/07\/paleta-cheek-glow-studio.jpg\",\"width\":600,\"height\":600},{\"@type\":\"BreadcrumbList\",\"@id\":\"https:\/\/daniellebeatrizmakeup.com.br\/loja\/paleta-cheek-glow-studio-ruby-rose\/#breadcrumb\",\"itemListElement\":[{\"@type\":\"ListItem\",\"position\":1,\"name\":\"In\u00edcio\",\"item\":\"https:\/\/daniellebeatrizmakeup.com.br\/loja\/\"},{\"@type\":\"ListItem\",\"position\":2,\"name\":\"Todos\",\"item\":\"https:\/\/daniellebeatrizmakeup.com.br\/loja\/todos\/\"},{\"@type\":\"ListItem\",\"position\":3,\"name\":\"Paleta Cheek Glow Studio &#8211; Ruby Rose\"}]},{\"@type\":\"WebSite\",\"@id\":\"https:\/\/daniellebeatrizmakeup.com.br\/loja\/#website\",\"url\":\"https:\/\/daniellebeatrizmakeup.com.br\/loja\/\",\"name\":\"Loja DB Makeup\",\"description\":\"A melhor loja de maquiagem para real\u00e7ar a sua beleza\",\"publisher\":{\"@id\":\"https:\/\/daniellebeatrizmakeup.com.br\/loja\/#organization\"},\"potentialAction\":[{\"@type\":\"SearchAction\",\"target\":{\"@type\":\"EntryPoint\",\"urlTemplate\":\"https:\/\/daniellebeatrizmakeup.com.br\/loja\/?s={search_term_string}\"},\"query-input\":{\"@type\":\"PropertyValueSpecification\",\"valueRequired\":true,\"valueName\":\"search_term_string\"}}],\"inLanguage\":\"pt-BR\"},{\"@type\":\"Organization\",\"@id\":\"https:\/\/daniellebeatrizmakeup.com.br\/loja\/#organization\",\"name\":\"Danielle Beatriz Makeup\",\"url\":\"https:\/\/daniellebeatrizmakeup.com.br\/loja\/\",\"logo\":{\"@type\":\"ImageObject\",\"inLanguage\":\"pt-BR\",\"@id\":\"https:\/\/daniellebeatrizmakeup.com.br\/loja\/#\/schema\/logo\/image\/\",\"url\":\"https:\/\/daniellebeatrizmakeup.com.br\/loja\/wp-content\/uploads\/2020\/10\/logo-loja-db-makeup.png\",\"contentUrl\":\"https:\/\/daniellebeatrizmakeup.com.br\/loja\/wp-content\/uploads\/2020\/10\/logo-loja-db-makeup.png\",\"width\":500,\"height\":110,\"caption\":\"Danielle Beatriz Makeup\"},\"image\":{\"@id\":\"https:\/\/daniellebeatrizmakeup.com.br\/loja\/#\/schema\/logo\/image\/\"},\"sameAs\":[\"https:\/\/www.facebook.com\/daniellebeatrizmakeup\",\"https:\/\/x.com\/danibetriz\",\"https:\/\/www.instagram.com\/daniellebeatrizmakeup\",\"https:\/\/pinterest.com\/daniellebeatrizmakeup\",\"https:\/\/www.youtube.com\/DanielleBeatriz\"]}]}<\/script>\n<!-- \/ Yoast SEO plugin. -->","yoast_head_json":{"title":"Paleta Cheek Glow Studio - Ruby Rose - Loja DB Makeup","robots":{"index":"index","follow":"follow","max-snippet":"max-snippet:-1","max-image-preview":"max-image-preview:large","max-video-preview":"max-video-preview:-1"},"canonical":"https:\/\/daniellebeatrizmakeup.com.br\/loja\/paleta-cheek-glow-studio-ruby-rose\/","og_locale":"pt_BR","og_type":"article","og_title":"Paleta Cheek Glow Studio - Ruby Rose - Loja DB Makeup","og_url":"https:\/\/daniellebeatrizmakeup.com.br\/loja\/paleta-cheek-glow-studio-ruby-rose\/","og_site_name":"Loja DB Makeup","article_publisher":"https:\/\/www.facebook.com\/daniellebeatrizmakeup","article_modified_time":"2023-12-06T08:41:55+00:00","og_image":[{"width":600,"height":600,"url":"https:\/\/daniellebeatrizmakeup.com.br\/loja\/wp-content\/uploads\/2020\/07\/paleta-cheek-glow-studio.jpg","type":"image\/jpeg"}],"twitter_card":"summary_large_image","twitter_site":"@danibetriz","twitter_misc":{"Est. tempo de leitura":"1 minuto"},"schema":{"@context":"https:\/\/schema.org","@graph":[{"@type":"WebPage","@id":"https:\/\/daniellebeatrizmakeup.com.br\/loja\/paleta-cheek-glow-studio-ruby-rose\/","url":"https:\/\/daniellebeatrizmakeup.com.br\/loja\/paleta-cheek-glow-studio-ruby-rose\/","name":"Paleta Cheek Glow Studio - Ruby Rose - Loja DB Makeup","isPartOf":{"@id":"https:\/\/daniellebeatrizmakeup.com.br\/loja\/#website"},"primaryImageOfPage":{"@id":"https:\/\/daniellebeatrizmakeup.com.br\/loja\/paleta-cheek-glow-studio-ruby-rose\/#primaryimage"},"image":{"@id":"https:\/\/daniellebeatrizmakeup.com.br\/loja\/paleta-cheek-glow-studio-ruby-rose\/#primaryimage"},"thumbnailUrl":"https:\/\/daniellebeatrizmakeup.com.br\/loja\/wp-content\/uploads\/2020\/07\/paleta-cheek-glow-studio.jpg","datePublished":"2020-07-08T15:34:08+00:00","dateModified":"2023-12-06T08:41:55+00:00","breadcrumb":{"@id":"https:\/\/daniellebeatrizmakeup.com.br\/loja\/paleta-cheek-glow-studio-ruby-rose\/#breadcrumb"},"inLanguage":"pt-BR","potentialAction":[{"@type":"ReadAction","target":["https:\/\/daniellebeatrizmakeup.com.br\/loja\/paleta-cheek-glow-studio-ruby-rose\/"]}]},{"@type":"ImageObject","inLanguage":"pt-BR","@id":"https:\/\/daniellebeatrizmakeup.com.br\/loja\/paleta-cheek-glow-studio-ruby-rose\/#primaryimage","url":"https:\/\/daniellebeatrizmakeup.com.br\/loja\/wp-content\/uploads\/2020\/07\/paleta-cheek-glow-studio.jpg","contentUrl":"https:\/\/daniellebeatrizmakeup.com.br\/loja\/wp-content\/uploads\/2020\/07\/paleta-cheek-glow-studio.jpg","width":600,"height":600},{"@type":"BreadcrumbList","@id":"https:\/\/daniellebeatrizmakeup.com.br\/loja\/paleta-cheek-glow-studio-ruby-rose\/#breadcrumb","itemListElement":[{"@type":"ListItem","position":1,"name":"In\u00edcio","item":"https:\/\/daniellebeatrizmakeup.com.br\/loja\/"},{"@type":"ListItem","position":2,"name":"Todos","item":"https:\/\/daniellebeatrizmakeup.com.br\/loja\/todos\/"},{"@type":"ListItem","position":3,"name":"Paleta Cheek Glow Studio &#8211; Ruby Rose"}]},{"@type":"WebSite","@id":"https:\/\/daniellebeatrizmakeup.com.br\/loja\/#website","url":"https:\/\/daniellebeatrizmakeup.com.br\/loja\/","name":"Loja DB Makeup","description":"A melhor loja de maquiagem para real\u00e7ar a sua beleza","publisher":{"@id":"https:\/\/daniellebeatrizmakeup.com.br\/loja\/#organization"},"potentialAction":[{"@type":"SearchAction","target":{"@type":"EntryPoint","urlTemplate":"https:\/\/daniellebeatrizmakeup.com.br\/loja\/?s={search_term_string}"},"query-input":{"@type":"PropertyValueSpecification","valueRequired":true,"valueName":"search_term_string"}}],"inLanguage":"pt-BR"},{"@type":"Organization","@id":"https:\/\/daniellebeatrizmakeup.com.br\/loja\/#organization","name":"Danielle Beatriz Makeup","url":"https:\/\/daniellebeatrizmakeup.com.br\/loja\/","logo":{"@type":"ImageObject","inLanguage":"pt-BR","@id":"https:\/\/daniellebeatrizmakeup.com.br\/loja\/#\/schema\/logo\/image\/","url":"https:\/\/daniellebeatrizmakeup.com.br\/loja\/wp-content\/uploads\/2020\/10\/logo-loja-db-makeup.png","contentUrl":"https:\/\/daniellebeatrizmakeup.com.br\/loja\/wp-content\/uploads\/2020\/10\/logo-loja-db-makeup.png","width":500,"height":110,"caption":"Danielle Beatriz Makeup"},"image":{"@id":"https:\/\/daniellebeatrizmakeup.com.br\/loja\/#\/schema\/logo\/image\/"},"sameAs":["https:\/\/www.facebook.com\/daniellebeatrizmakeup","https:\/\/x.com\/danibetriz","https:\/\/www.instagram.com\/daniellebeatrizmakeup","https:\/\/pinterest.com\/daniellebeatrizmakeup","https:\/\/www.youtube.com\/DanielleBeatriz"]}]}},"jetpack_sharing_enabled":true,"_links":{"self":[{"href":"https:\/\/daniellebeatrizmakeup.com.br\/loja\/wp-json\/wp\/v2\/product\/1152","targetHints":{"allow":["GET"]}}],"collection":[{"href":"https:\/\/daniellebeatrizmakeup.com.br\/loja\/wp-json\/wp\/v2\/product"}],"about":[{"href":"https:\/\/daniellebeatrizmakeup.com.br\/loja\/wp-json\/wp\/v2\/types\/product"}],"replies":[{"embeddable":true,"href":"https:\/\/daniellebeatrizmakeup.com.br\/loja\/wp-json\/wp\/v2\/comments?post=1152"}],"version-history":[{"count":3,"href":"https:\/\/daniellebeatrizmakeup.com.br\/loja\/wp-json\/wp\/v2\/product\/1152\/revisions"}],"predecessor-version":[{"id":56001,"href":"https:\/\/daniellebeatrizmakeup.com.br\/loja\/wp-json\/wp\/v2\/product\/1152\/revisions\/56001"}],"wp:featuredmedia":[{"embeddable":true,"href":"https:\/\/daniellebeatrizmakeup.com.br\/loja\/wp-json\/wp\/v2\/media\/1499"}],"wp:attachment":[{"href":"https:\/\/daniellebeatrizmakeup.com.br\/loja\/wp-json\/wp\/v2\/media?parent=1152"}],"wp:term":[{"taxonomy":"product_brand","embeddable":true,"href":"https:\/\/daniellebeatrizmakeup.com.br\/loja\/wp-json\/wp\/v2\/product_brand?post=1152"},{"taxonomy":"product_cat","embeddable":true,"href":"https:\/\/daniellebeatrizmakeup.com.br\/loja\/wp-json\/wp\/v2\/product_cat?post=1152"},{"taxonomy":"product_tag","embeddable":true,"href":"https:\/\/daniellebeatrizmakeup.com.br\/loja\/wp-json\/wp\/v2\/product_tag?post=1152"},{"taxonomy":"woo-feed-brand","embeddable":true,"href":"https:\/\/daniellebeatrizmakeup.com.br\/loja\/wp-json\/wp\/v2\/woo-feed-brand?post=1152"}],"curies":[{"name":"wp","href":"https:\/\/api.w.org\/{rel}","templated":true}]}}