{"id":1094,"date":"2020-07-08T12:33:55","date_gmt":"2020-07-08T15:33:55","guid":{"rendered":"https:\/\/loja.daniellebeatrizmakeup.com.br\/index.php\/produto\/import-placeholder-for-951\/"},"modified":"2023-06-24T20:15:23","modified_gmt":"2023-06-24T23:15:23","slug":"lagrimas-de-unicornio-oil-free-cat-make","status":"publish","type":"product","link":"https:\/\/daniellebeatrizmakeup.com.br\/loja\/lagrimas-de-unicornio-oil-free-cat-make\/","title":{"rendered":"L\u00e1grimas de Unic\u00f3rnio Oil Free Cat Make"},"content":{"rendered":"<p>O L\u00e1grimas de Unic\u00f3rnio Oil Free \u00e9 um s\u00e9rum enriquecido com \u00e1gua de coco e extrato de ma\u00e7\u00e3 verde. Cont\u00e9m propriedades naturais, \u00e9 rico em sais minerais (P, Ca e K), sacar\u00eddeos, pectina, vitaminas (C e Complexo B) e tanino. Hidrata, revitaliza, refresca a pele, tem a\u00e7\u00e3o adstringente na pele, atuando em peles oleosas e acneicas, atrav\u00e9s da presen\u00e7a dos taninos g\u00e1licos.<\/p>\n<p>Dicas de uso<\/p>\n<p>Pode ser usado como primer. Com a pele limpa, aplique o uma gota em cada \u00e1rea da zona T da face, massageie em movimentos circulares at\u00e9 a completa absor\u00e7\u00e3o. Seguir com a maquiagem, o hidratante ou filtro solar de sua prefer\u00eancia.<\/p>\n<p>Composi\u00e7\u00e3o<\/p>\n<p>AQUA, COCOS NUCIFERA (COCONUT) GYCERIN, COCOS NUCIFERA FRUIT JUIC, PYRUS MALUS (APPLE) FRUIT EXTRACT, ACRYLANTES COPOLYMER, AMINOMETHYL PROPANOL, GLYCERIN DISODIUM EDTA, METHYLISOTHIAZOLINONE, METHYLCHLOROISOTHIAZOLINONE MICA, CI 77891, CI 75470, PARFUM (BUTYLPHENYL METHYL PROPIONAL, BENZYL SALICILATE, CITRAL, HYDROXYCITONELLAL, HYDROXYISOHEXIL 3-CYCLOHEXENE-CARBOXALDEHYDE).<\/p>\n<p>Precau\u00e7\u00f5es<\/p>\n<p>Este produto \u00e9 de uso adulto. Evite a \u00e1rea dos olhos. Mantenha fora do alcance de crian\u00e7as. Em caso de ingest\u00e3o procure auxilio m\u00e9dico. Mantenha em local seco, fresco e ao abrigo da luz e calor. Uso externo.<\/p>\n<p>L\u00e1grimas de Unic\u00f3rnio Oil Free \u00e9 um produto Cruelty Free &#8211; n\u00e3o \u00e9 testado em animais.<\/p>\n<p>&nbsp;<\/p>\n<p>&nbsp;<\/p>\n<p>&nbsp;<\/p>\n","protected":false},"excerpt":{"rendered":"<p>&nbsp;<\/p>\n<p>&nbsp;<\/p>\n<p>&nbsp;<\/p>\n","protected":false},"featured_media":1403,"comment_status":"open","ping_status":"closed","template":"","meta":{"_mbp_gutenberg_autopost":false},"product_brand":[],"product_cat":[127,712,78,750,111],"product_tag":[174,193,106,188,186,194],"woo-feed-brand":[],"class_list":{"0":"post-1094","1":"product","2":"type-product","3":"status-publish","4":"has-post-thumbnail","6":"product_cat-cat-make","7":"product_cat-hidratante-facial","8":"product_cat-rosto","9":"product_cat-serum","10":"product_cat-skincare","11":"product_tag-hidratante","12":"product_tag-hidratante-facial","13":"product_tag-pele","14":"product_tag-pele-oleosa","15":"product_tag-primer","16":"product_tag-serum","18":"first","19":"outofstock","20":"shipping-taxable","21":"purchasable","22":"product-type-simple"},"yoast_head":"<!-- This site is optimized with the Yoast SEO plugin v27.3 - https:\/\/yoast.com\/product\/yoast-seo-wordpress\/ -->\n<title>L\u00e1grimas de Unic\u00f3rnio Oil Free Cat Make - Loja DB Makeup<\/title>\n<meta name=\"robots\" content=\"index, follow, max-snippet:-1, max-image-preview:large, max-video-preview:-1\" \/>\n<link rel=\"canonical\" href=\"https:\/\/daniellebeatrizmakeup.com.br\/loja\/lagrimas-de-unicornio-oil-free-cat-make\/\" \/>\n<meta property=\"og:locale\" content=\"pt_BR\" \/>\n<meta property=\"og:type\" content=\"article\" \/>\n<meta property=\"og:title\" content=\"L\u00e1grimas de Unic\u00f3rnio Oil Free Cat Make - Loja DB Makeup\" \/>\n<meta property=\"og:description\" content=\"&nbsp;  &nbsp;  &nbsp;\" \/>\n<meta property=\"og:url\" content=\"https:\/\/daniellebeatrizmakeup.com.br\/loja\/lagrimas-de-unicornio-oil-free-cat-make\/\" \/>\n<meta property=\"og:site_name\" content=\"Loja DB Makeup\" \/>\n<meta property=\"article:publisher\" content=\"https:\/\/www.facebook.com\/daniellebeatrizmakeup\" \/>\n<meta property=\"article:modified_time\" content=\"2023-06-24T23:15:23+00:00\" \/>\n<meta property=\"og:image\" content=\"https:\/\/daniellebeatrizmakeup.com.br\/loja\/wp-content\/uploads\/2020\/07\/3a9a983c93.png\" \/>\n\t<meta property=\"og:image:width\" content=\"1000\" \/>\n\t<meta property=\"og:image:height\" content=\"1000\" \/>\n\t<meta property=\"og:image:type\" content=\"image\/png\" \/>\n<meta name=\"twitter:card\" content=\"summary_large_image\" \/>\n<meta name=\"twitter:site\" content=\"@danibetriz\" \/>\n<meta name=\"twitter:label1\" content=\"Est. tempo de leitura\" \/>\n\t<meta name=\"twitter:data1\" content=\"1 minuto\" \/>\n<script type=\"application\/ld+json\" class=\"yoast-schema-graph\">{\"@context\":\"https:\\\/\\\/schema.org\",\"@graph\":[{\"@type\":\"WebPage\",\"@id\":\"https:\\\/\\\/daniellebeatrizmakeup.com.br\\\/loja\\\/lagrimas-de-unicornio-oil-free-cat-make\\\/\",\"url\":\"https:\\\/\\\/daniellebeatrizmakeup.com.br\\\/loja\\\/lagrimas-de-unicornio-oil-free-cat-make\\\/\",\"name\":\"L\u00e1grimas de Unic\u00f3rnio Oil Free Cat Make - Loja DB Makeup\",\"isPartOf\":{\"@id\":\"https:\\\/\\\/daniellebeatrizmakeup.com.br\\\/loja\\\/#website\"},\"primaryImageOfPage\":{\"@id\":\"https:\\\/\\\/daniellebeatrizmakeup.com.br\\\/loja\\\/lagrimas-de-unicornio-oil-free-cat-make\\\/#primaryimage\"},\"image\":{\"@id\":\"https:\\\/\\\/daniellebeatrizmakeup.com.br\\\/loja\\\/lagrimas-de-unicornio-oil-free-cat-make\\\/#primaryimage\"},\"thumbnailUrl\":\"https:\\\/\\\/daniellebeatrizmakeup.com.br\\\/loja\\\/wp-content\\\/uploads\\\/2020\\\/07\\\/3a9a983c93.png\",\"datePublished\":\"2020-07-08T15:33:55+00:00\",\"dateModified\":\"2023-06-24T23:15:23+00:00\",\"breadcrumb\":{\"@id\":\"https:\\\/\\\/daniellebeatrizmakeup.com.br\\\/loja\\\/lagrimas-de-unicornio-oil-free-cat-make\\\/#breadcrumb\"},\"inLanguage\":\"pt-BR\",\"potentialAction\":[{\"@type\":\"ReadAction\",\"target\":[\"https:\\\/\\\/daniellebeatrizmakeup.com.br\\\/loja\\\/lagrimas-de-unicornio-oil-free-cat-make\\\/\"]}]},{\"@type\":\"ImageObject\",\"inLanguage\":\"pt-BR\",\"@id\":\"https:\\\/\\\/daniellebeatrizmakeup.com.br\\\/loja\\\/lagrimas-de-unicornio-oil-free-cat-make\\\/#primaryimage\",\"url\":\"https:\\\/\\\/daniellebeatrizmakeup.com.br\\\/loja\\\/wp-content\\\/uploads\\\/2020\\\/07\\\/3a9a983c93.png\",\"contentUrl\":\"https:\\\/\\\/daniellebeatrizmakeup.com.br\\\/loja\\\/wp-content\\\/uploads\\\/2020\\\/07\\\/3a9a983c93.png\",\"width\":1000,\"height\":1000},{\"@type\":\"BreadcrumbList\",\"@id\":\"https:\\\/\\\/daniellebeatrizmakeup.com.br\\\/loja\\\/lagrimas-de-unicornio-oil-free-cat-make\\\/#breadcrumb\",\"itemListElement\":[{\"@type\":\"ListItem\",\"position\":1,\"name\":\"In\u00edcio\",\"item\":\"https:\\\/\\\/daniellebeatrizmakeup.com.br\\\/loja\\\/\"},{\"@type\":\"ListItem\",\"position\":2,\"name\":\"Todos\",\"item\":\"https:\\\/\\\/daniellebeatrizmakeup.com.br\\\/loja\\\/todos\\\/\"},{\"@type\":\"ListItem\",\"position\":3,\"name\":\"L\u00e1grimas de Unic\u00f3rnio Oil Free Cat Make\"}]},{\"@type\":\"WebSite\",\"@id\":\"https:\\\/\\\/daniellebeatrizmakeup.com.br\\\/loja\\\/#website\",\"url\":\"https:\\\/\\\/daniellebeatrizmakeup.com.br\\\/loja\\\/\",\"name\":\"Loja DB Makeup\",\"description\":\"A melhor loja de maquiagem para real\u00e7ar a sua beleza\",\"publisher\":{\"@id\":\"https:\\\/\\\/daniellebeatrizmakeup.com.br\\\/loja\\\/#organization\"},\"potentialAction\":[{\"@type\":\"SearchAction\",\"target\":{\"@type\":\"EntryPoint\",\"urlTemplate\":\"https:\\\/\\\/daniellebeatrizmakeup.com.br\\\/loja\\\/?s={search_term_string}\"},\"query-input\":{\"@type\":\"PropertyValueSpecification\",\"valueRequired\":true,\"valueName\":\"search_term_string\"}}],\"inLanguage\":\"pt-BR\"},{\"@type\":\"Organization\",\"@id\":\"https:\\\/\\\/daniellebeatrizmakeup.com.br\\\/loja\\\/#organization\",\"name\":\"Danielle Beatriz Makeup\",\"url\":\"https:\\\/\\\/daniellebeatrizmakeup.com.br\\\/loja\\\/\",\"logo\":{\"@type\":\"ImageObject\",\"inLanguage\":\"pt-BR\",\"@id\":\"https:\\\/\\\/daniellebeatrizmakeup.com.br\\\/loja\\\/#\\\/schema\\\/logo\\\/image\\\/\",\"url\":\"https:\\\/\\\/daniellebeatrizmakeup.com.br\\\/loja\\\/wp-content\\\/uploads\\\/2020\\\/10\\\/logo-loja-db-makeup.png\",\"contentUrl\":\"https:\\\/\\\/daniellebeatrizmakeup.com.br\\\/loja\\\/wp-content\\\/uploads\\\/2020\\\/10\\\/logo-loja-db-makeup.png\",\"width\":500,\"height\":110,\"caption\":\"Danielle Beatriz Makeup\"},\"image\":{\"@id\":\"https:\\\/\\\/daniellebeatrizmakeup.com.br\\\/loja\\\/#\\\/schema\\\/logo\\\/image\\\/\"},\"sameAs\":[\"https:\\\/\\\/www.facebook.com\\\/daniellebeatrizmakeup\",\"https:\\\/\\\/x.com\\\/danibetriz\",\"https:\\\/\\\/www.instagram.com\\\/daniellebeatrizmakeup\",\"https:\\\/\\\/pinterest.com\\\/daniellebeatrizmakeup\",\"https:\\\/\\\/www.youtube.com\\\/DanielleBeatriz\"]}]}<\/script>\n<!-- \/ Yoast SEO plugin. -->","yoast_head_json":{"title":"L\u00e1grimas de Unic\u00f3rnio Oil Free Cat Make - Loja DB Makeup","robots":{"index":"index","follow":"follow","max-snippet":"max-snippet:-1","max-image-preview":"max-image-preview:large","max-video-preview":"max-video-preview:-1"},"canonical":"https:\/\/daniellebeatrizmakeup.com.br\/loja\/lagrimas-de-unicornio-oil-free-cat-make\/","og_locale":"pt_BR","og_type":"article","og_title":"L\u00e1grimas de Unic\u00f3rnio Oil Free Cat Make - Loja DB Makeup","og_description":"&nbsp;  &nbsp;  &nbsp;","og_url":"https:\/\/daniellebeatrizmakeup.com.br\/loja\/lagrimas-de-unicornio-oil-free-cat-make\/","og_site_name":"Loja DB Makeup","article_publisher":"https:\/\/www.facebook.com\/daniellebeatrizmakeup","article_modified_time":"2023-06-24T23:15:23+00:00","og_image":[{"width":1000,"height":1000,"url":"https:\/\/daniellebeatrizmakeup.com.br\/loja\/wp-content\/uploads\/2020\/07\/3a9a983c93.png","type":"image\/png"}],"twitter_card":"summary_large_image","twitter_site":"@danibetriz","twitter_misc":{"Est. tempo de leitura":"1 minuto"},"schema":{"@context":"https:\/\/schema.org","@graph":[{"@type":"WebPage","@id":"https:\/\/daniellebeatrizmakeup.com.br\/loja\/lagrimas-de-unicornio-oil-free-cat-make\/","url":"https:\/\/daniellebeatrizmakeup.com.br\/loja\/lagrimas-de-unicornio-oil-free-cat-make\/","name":"L\u00e1grimas de Unic\u00f3rnio Oil Free Cat Make - Loja DB Makeup","isPartOf":{"@id":"https:\/\/daniellebeatrizmakeup.com.br\/loja\/#website"},"primaryImageOfPage":{"@id":"https:\/\/daniellebeatrizmakeup.com.br\/loja\/lagrimas-de-unicornio-oil-free-cat-make\/#primaryimage"},"image":{"@id":"https:\/\/daniellebeatrizmakeup.com.br\/loja\/lagrimas-de-unicornio-oil-free-cat-make\/#primaryimage"},"thumbnailUrl":"https:\/\/daniellebeatrizmakeup.com.br\/loja\/wp-content\/uploads\/2020\/07\/3a9a983c93.png","datePublished":"2020-07-08T15:33:55+00:00","dateModified":"2023-06-24T23:15:23+00:00","breadcrumb":{"@id":"https:\/\/daniellebeatrizmakeup.com.br\/loja\/lagrimas-de-unicornio-oil-free-cat-make\/#breadcrumb"},"inLanguage":"pt-BR","potentialAction":[{"@type":"ReadAction","target":["https:\/\/daniellebeatrizmakeup.com.br\/loja\/lagrimas-de-unicornio-oil-free-cat-make\/"]}]},{"@type":"ImageObject","inLanguage":"pt-BR","@id":"https:\/\/daniellebeatrizmakeup.com.br\/loja\/lagrimas-de-unicornio-oil-free-cat-make\/#primaryimage","url":"https:\/\/daniellebeatrizmakeup.com.br\/loja\/wp-content\/uploads\/2020\/07\/3a9a983c93.png","contentUrl":"https:\/\/daniellebeatrizmakeup.com.br\/loja\/wp-content\/uploads\/2020\/07\/3a9a983c93.png","width":1000,"height":1000},{"@type":"BreadcrumbList","@id":"https:\/\/daniellebeatrizmakeup.com.br\/loja\/lagrimas-de-unicornio-oil-free-cat-make\/#breadcrumb","itemListElement":[{"@type":"ListItem","position":1,"name":"In\u00edcio","item":"https:\/\/daniellebeatrizmakeup.com.br\/loja\/"},{"@type":"ListItem","position":2,"name":"Todos","item":"https:\/\/daniellebeatrizmakeup.com.br\/loja\/todos\/"},{"@type":"ListItem","position":3,"name":"L\u00e1grimas de Unic\u00f3rnio Oil Free Cat Make"}]},{"@type":"WebSite","@id":"https:\/\/daniellebeatrizmakeup.com.br\/loja\/#website","url":"https:\/\/daniellebeatrizmakeup.com.br\/loja\/","name":"Loja DB Makeup","description":"A melhor loja de maquiagem para real\u00e7ar a sua beleza","publisher":{"@id":"https:\/\/daniellebeatrizmakeup.com.br\/loja\/#organization"},"potentialAction":[{"@type":"SearchAction","target":{"@type":"EntryPoint","urlTemplate":"https:\/\/daniellebeatrizmakeup.com.br\/loja\/?s={search_term_string}"},"query-input":{"@type":"PropertyValueSpecification","valueRequired":true,"valueName":"search_term_string"}}],"inLanguage":"pt-BR"},{"@type":"Organization","@id":"https:\/\/daniellebeatrizmakeup.com.br\/loja\/#organization","name":"Danielle Beatriz Makeup","url":"https:\/\/daniellebeatrizmakeup.com.br\/loja\/","logo":{"@type":"ImageObject","inLanguage":"pt-BR","@id":"https:\/\/daniellebeatrizmakeup.com.br\/loja\/#\/schema\/logo\/image\/","url":"https:\/\/daniellebeatrizmakeup.com.br\/loja\/wp-content\/uploads\/2020\/10\/logo-loja-db-makeup.png","contentUrl":"https:\/\/daniellebeatrizmakeup.com.br\/loja\/wp-content\/uploads\/2020\/10\/logo-loja-db-makeup.png","width":500,"height":110,"caption":"Danielle Beatriz Makeup"},"image":{"@id":"https:\/\/daniellebeatrizmakeup.com.br\/loja\/#\/schema\/logo\/image\/"},"sameAs":["https:\/\/www.facebook.com\/daniellebeatrizmakeup","https:\/\/x.com\/danibetriz","https:\/\/www.instagram.com\/daniellebeatrizmakeup","https:\/\/pinterest.com\/daniellebeatrizmakeup","https:\/\/www.youtube.com\/DanielleBeatriz"]}]}},"jetpack_sharing_enabled":true,"_links":{"self":[{"href":"https:\/\/daniellebeatrizmakeup.com.br\/loja\/wp-json\/wp\/v2\/product\/1094","targetHints":{"allow":["GET"]}}],"collection":[{"href":"https:\/\/daniellebeatrizmakeup.com.br\/loja\/wp-json\/wp\/v2\/product"}],"about":[{"href":"https:\/\/daniellebeatrizmakeup.com.br\/loja\/wp-json\/wp\/v2\/types\/product"}],"replies":[{"embeddable":true,"href":"https:\/\/daniellebeatrizmakeup.com.br\/loja\/wp-json\/wp\/v2\/comments?post=1094"}],"version-history":[{"count":2,"href":"https:\/\/daniellebeatrizmakeup.com.br\/loja\/wp-json\/wp\/v2\/product\/1094\/revisions"}],"predecessor-version":[{"id":53168,"href":"https:\/\/daniellebeatrizmakeup.com.br\/loja\/wp-json\/wp\/v2\/product\/1094\/revisions\/53168"}],"wp:featuredmedia":[{"embeddable":true,"href":"https:\/\/daniellebeatrizmakeup.com.br\/loja\/wp-json\/wp\/v2\/media\/1403"}],"wp:attachment":[{"href":"https:\/\/daniellebeatrizmakeup.com.br\/loja\/wp-json\/wp\/v2\/media?parent=1094"}],"wp:term":[{"taxonomy":"product_brand","embeddable":true,"href":"https:\/\/daniellebeatrizmakeup.com.br\/loja\/wp-json\/wp\/v2\/product_brand?post=1094"},{"taxonomy":"product_cat","embeddable":true,"href":"https:\/\/daniellebeatrizmakeup.com.br\/loja\/wp-json\/wp\/v2\/product_cat?post=1094"},{"taxonomy":"product_tag","embeddable":true,"href":"https:\/\/daniellebeatrizmakeup.com.br\/loja\/wp-json\/wp\/v2\/product_tag?post=1094"},{"taxonomy":"woo-feed-brand","embeddable":true,"href":"https:\/\/daniellebeatrizmakeup.com.br\/loja\/wp-json\/wp\/v2\/woo-feed-brand?post=1094"}],"curies":[{"name":"wp","href":"https:\/\/api.w.org\/{rel}","templated":true}]}}