{"id":1077,"date":"2020-07-08T12:33:53","date_gmt":"2020-07-08T15:33:53","guid":{"rendered":"https:\/\/loja.daniellebeatrizmakeup.com.br\/index.php\/produto\/import-placeholder-for-934\/"},"modified":"2025-12-18T18:20:39","modified_gmt":"2025-12-18T21:20:39","slug":"serum-hidra-explosion-maria-margarida","status":"publish","type":"product","link":"https:\/\/daniellebeatrizmakeup.com.br\/loja\/serum-hidra-explosion-maria-margarida\/","title":{"rendered":"Hidra Explosion Maria Margarida"},"content":{"rendered":"<p>O Hidra Explosion da <a href=\"https:\/\/daniellebeatrizmakeup.com.br\/loja\/maria-margarida\/\">Maria Margarida<\/a> \u00e9 uma verdadeira explos\u00e3o de hidrata\u00e7\u00e3o! Sua f\u00f3rmula baseada em \u00c1cido Hialur\u00f4nico, Panthenol e Argan \u00e9 um verdadeiro potencializador da pele.<\/p>\n<p>O \u00c1cido Hialur\u00f4nico \u00e9 uma subst\u00e2ncia essencial para a sa\u00fade da pele. Al\u00e9m de promover alta hidrata\u00e7\u00e3o, j\u00e1 que atrai as mol\u00e9culas de \u00e1gua, ainda \u00e9 essencial para a sustenta\u00e7\u00e3o e elasticidade da pele, prevenindo o aparecimento de rugas e linhas de express\u00e3o.<\/p>\n<p>Por sua vez, o Panthenol tem entre seus benef\u00edcios a capacidade de atrair e reter umidade. Tamb\u00e9m conhecido como Vitamina B5, o Panthenol ajuda na preven\u00e7\u00e3o dos sinais do envelhecimento precoce, porque aumenta o n\u00edvel de glutationa, considerada a rainha dos antioxidantes, nas c\u00e9lulas. Al\u00e9m disso, auxilia na cicatriza\u00e7\u00e3o e renova\u00e7\u00e3o da pele, quando apresenta feridas, marcas de acne, descama\u00e7\u00f5es e outros machucados.<\/p>\n<p>J\u00e1 o Extrato de Argan, extra\u00eddo de uma \u00e1rvore t\u00edpica do Marrocos, \u00e9 rico em vitamina E, polifen\u00f3is e \u00e1cidos graxos essenciais, como o \u00f4mega 6 e 9, exercendo a fun\u00e7\u00e3o de um poderoso antioxidante e anti-idade. O ingrediente de origem vegetal tem ainda o poder de regenerar a membrana de prote\u00e7\u00e3o da pele, favorecendo a nutri\u00e7\u00e3o e a renova\u00e7\u00e3o celular. Quando aplicado na pele, o extrato de argan cria uma esp\u00e9cie de \ufb01lme protetor que impede a \u00e1gua de sair da derme, mantendo-a mais hidratada, macia e vi\u00e7osa.<\/p>\n<p><strong>Modo de usar<\/strong><\/p>\n<ul>\n<li><strong>Preparando a pele para receber a make:<\/strong> Por ser ultra hidratante, basta aplicar 3 gotinhas por todo o rosto antes de aplicar a make. O Hidra Explosion tamb\u00e9m \u00e9 o melhor amigo da sens\u00edvel regi\u00e3o ao redor dos olhos. Basta uma \ufb01na camada para garantir um acabamento perfeito para make nessa regi\u00e3o que costuma ter alguns probleminhas.<\/li>\n<li><strong>Na rotina de cuidados di\u00e1rios com a pele:<\/strong> O Hidra Explosion pode ser utilizado diariamente para devolver hidrata\u00e7\u00e3o, vi\u00e7o e elasticidade \u00e0 pele. Algumas gotinhas pela manh\u00e3 e antes de dormir e prontinho, pele perfeita de uma verdadeira Margarida!<\/li>\n<\/ul>\n<p><strong>Para quais tipos de pele o Hidra Explosion \u00e9 indicado?<\/strong><\/p>\n<p>O Hidra Explosion \u00e9 indicado para todos os tipos de pele! Da seca \u00e0 oleosa! De jovem \u00e0 madura! Assim que aplicado, voc\u00ea sente um leve \u201cefeito grudinho\u201d, caracter\u00edstico do \u00c1cido Hialur\u00f4nico. Em alguns segundos ele seca, deixando um toque aveludado e bem sequinho! A verdadeira perfei\u00e7\u00e3o em gotinhas!<\/p>\n","protected":false},"excerpt":{"rendered":"<p>O Hidra Explosion da Maria Margarida \u00e9 uma verdadeira explos\u00e3o de hidrata\u00e7\u00e3o! Sua f\u00f3rmula baseada em \u00c1cido Hialur\u00f4nico, Panthenol e Argan \u00e9 um verdadeiro potencializador da pele.<\/p>\n","protected":false},"featured_media":56818,"comment_status":"open","ping_status":"closed","template":"","meta":{"_mbp_gutenberg_autopost":false},"product_brand":[],"product_cat":[839,712,73,78,111],"product_tag":[191,174,193,145,106,220,219,188,218,194],"woo-feed-brand":[],"class_list":{"0":"post-1077","1":"product","2":"type-product","3":"status-publish","4":"has-post-thumbnail","6":"product_cat-hidra-makeup","7":"product_cat-hidratante-facial","8":"product_cat-maria-margarida","9":"product_cat-rosto","10":"product_cat-skincare","11":"product_tag-cuidados-com-a-pele","12":"product_tag-hidratante","13":"product_tag-hidratante-facial","14":"product_tag-maria-margarida","15":"product_tag-pele","16":"product_tag-pele-mista","17":"product_tag-pele-normal","18":"product_tag-pele-oleosa","19":"product_tag-pele-seca","20":"product_tag-serum","21":"yith_product_brand-maria-margarida","23":"first","24":"outofstock","25":"sale","26":"shipping-taxable","27":"purchasable","28":"product-type-simple"},"yoast_head":"<!-- This site is optimized with the Yoast SEO plugin v27.3 - https:\/\/yoast.com\/product\/yoast-seo-wordpress\/ -->\n<title>S\u00e9rum Hidra Explosion Maria Margarida - Loja DB Makeup<\/title>\n<meta name=\"description\" content=\"O S\u00e9rum Hidra Explosion \u00e9 uma explos\u00e3o de hidrata\u00e7\u00e3o! Sua f\u00f3rmula baseada em \u00c1cido Hialur\u00f4nico, Panthenol e Argan.\" \/>\n<meta name=\"robots\" content=\"index, follow, max-snippet:-1, max-image-preview:large, max-video-preview:-1\" \/>\n<link rel=\"canonical\" href=\"https:\/\/daniellebeatrizmakeup.com.br\/loja\/serum-hidra-explosion-maria-margarida\/\" \/>\n<meta property=\"og:locale\" content=\"pt_BR\" \/>\n<meta property=\"og:type\" content=\"article\" \/>\n<meta property=\"og:title\" content=\"S\u00e9rum Hidra Explosion Maria Margarida - Loja DB Makeup\" \/>\n<meta property=\"og:description\" content=\"O S\u00e9rum Hidra Explosion \u00e9 uma explos\u00e3o de hidrata\u00e7\u00e3o! Sua f\u00f3rmula baseada em \u00c1cido Hialur\u00f4nico, Panthenol e Argan.\" \/>\n<meta property=\"og:url\" content=\"https:\/\/daniellebeatrizmakeup.com.br\/loja\/serum-hidra-explosion-maria-margarida\/\" \/>\n<meta property=\"og:site_name\" content=\"Loja DB Makeup\" \/>\n<meta property=\"article:publisher\" content=\"https:\/\/www.facebook.com\/daniellebeatrizmakeup\" \/>\n<meta property=\"article:modified_time\" content=\"2025-12-18T21:20:39+00:00\" \/>\n<meta property=\"og:image\" content=\"https:\/\/daniellebeatrizmakeup.com.br\/loja\/wp-content\/uploads\/2020\/07\/serum-hidra-explosion-maria-margarida-1-scaled-e1687325810875.jpg\" \/>\n\t<meta property=\"og:image:width\" content=\"1280\" \/>\n\t<meta property=\"og:image:height\" content=\"1707\" \/>\n\t<meta property=\"og:image:type\" content=\"image\/jpeg\" \/>\n<meta name=\"twitter:card\" content=\"summary_large_image\" \/>\n<meta name=\"twitter:site\" content=\"@danibetriz\" \/>\n<meta name=\"twitter:label1\" content=\"Est. tempo de leitura\" \/>\n\t<meta name=\"twitter:data1\" content=\"2 minutos\" \/>\n<script type=\"application\/ld+json\" class=\"yoast-schema-graph\">{\"@context\":\"https:\\\/\\\/schema.org\",\"@graph\":[{\"@type\":\"WebPage\",\"@id\":\"https:\\\/\\\/daniellebeatrizmakeup.com.br\\\/loja\\\/serum-hidra-explosion-maria-margarida\\\/\",\"url\":\"https:\\\/\\\/daniellebeatrizmakeup.com.br\\\/loja\\\/serum-hidra-explosion-maria-margarida\\\/\",\"name\":\"S\u00e9rum Hidra Explosion Maria Margarida - Loja DB Makeup\",\"isPartOf\":{\"@id\":\"https:\\\/\\\/daniellebeatrizmakeup.com.br\\\/loja\\\/#website\"},\"primaryImageOfPage\":{\"@id\":\"https:\\\/\\\/daniellebeatrizmakeup.com.br\\\/loja\\\/serum-hidra-explosion-maria-margarida\\\/#primaryimage\"},\"image\":{\"@id\":\"https:\\\/\\\/daniellebeatrizmakeup.com.br\\\/loja\\\/serum-hidra-explosion-maria-margarida\\\/#primaryimage\"},\"thumbnailUrl\":\"https:\\\/\\\/daniellebeatrizmakeup.com.br\\\/loja\\\/wp-content\\\/uploads\\\/2020\\\/07\\\/serum-hidra-explosion-maria-margarida-1-scaled-e1687325810875.jpg\",\"datePublished\":\"2020-07-08T15:33:53+00:00\",\"dateModified\":\"2025-12-18T21:20:39+00:00\",\"description\":\"O S\u00e9rum Hidra Explosion \u00e9 uma explos\u00e3o de hidrata\u00e7\u00e3o! Sua f\u00f3rmula baseada em \u00c1cido Hialur\u00f4nico, Panthenol e Argan.\",\"breadcrumb\":{\"@id\":\"https:\\\/\\\/daniellebeatrizmakeup.com.br\\\/loja\\\/serum-hidra-explosion-maria-margarida\\\/#breadcrumb\"},\"inLanguage\":\"pt-BR\",\"potentialAction\":[{\"@type\":\"ReadAction\",\"target\":[\"https:\\\/\\\/daniellebeatrizmakeup.com.br\\\/loja\\\/serum-hidra-explosion-maria-margarida\\\/\"]}]},{\"@type\":\"ImageObject\",\"inLanguage\":\"pt-BR\",\"@id\":\"https:\\\/\\\/daniellebeatrizmakeup.com.br\\\/loja\\\/serum-hidra-explosion-maria-margarida\\\/#primaryimage\",\"url\":\"https:\\\/\\\/daniellebeatrizmakeup.com.br\\\/loja\\\/wp-content\\\/uploads\\\/2020\\\/07\\\/serum-hidra-explosion-maria-margarida-1-scaled-e1687325810875.jpg\",\"contentUrl\":\"https:\\\/\\\/daniellebeatrizmakeup.com.br\\\/loja\\\/wp-content\\\/uploads\\\/2020\\\/07\\\/serum-hidra-explosion-maria-margarida-1-scaled-e1687325810875.jpg\",\"width\":1280,\"height\":1707},{\"@type\":\"BreadcrumbList\",\"@id\":\"https:\\\/\\\/daniellebeatrizmakeup.com.br\\\/loja\\\/serum-hidra-explosion-maria-margarida\\\/#breadcrumb\",\"itemListElement\":[{\"@type\":\"ListItem\",\"position\":1,\"name\":\"In\u00edcio\",\"item\":\"https:\\\/\\\/daniellebeatrizmakeup.com.br\\\/loja\\\/\"},{\"@type\":\"ListItem\",\"position\":2,\"name\":\"Todos\",\"item\":\"https:\\\/\\\/daniellebeatrizmakeup.com.br\\\/loja\\\/todos\\\/\"},{\"@type\":\"ListItem\",\"position\":3,\"name\":\"Hidra Explosion Maria Margarida\"}]},{\"@type\":\"WebSite\",\"@id\":\"https:\\\/\\\/daniellebeatrizmakeup.com.br\\\/loja\\\/#website\",\"url\":\"https:\\\/\\\/daniellebeatrizmakeup.com.br\\\/loja\\\/\",\"name\":\"Loja DB Makeup\",\"description\":\"A melhor loja de maquiagem para real\u00e7ar a sua beleza\",\"publisher\":{\"@id\":\"https:\\\/\\\/daniellebeatrizmakeup.com.br\\\/loja\\\/#organization\"},\"potentialAction\":[{\"@type\":\"SearchAction\",\"target\":{\"@type\":\"EntryPoint\",\"urlTemplate\":\"https:\\\/\\\/daniellebeatrizmakeup.com.br\\\/loja\\\/?s={search_term_string}\"},\"query-input\":{\"@type\":\"PropertyValueSpecification\",\"valueRequired\":true,\"valueName\":\"search_term_string\"}}],\"inLanguage\":\"pt-BR\"},{\"@type\":\"Organization\",\"@id\":\"https:\\\/\\\/daniellebeatrizmakeup.com.br\\\/loja\\\/#organization\",\"name\":\"Danielle Beatriz Makeup\",\"url\":\"https:\\\/\\\/daniellebeatrizmakeup.com.br\\\/loja\\\/\",\"logo\":{\"@type\":\"ImageObject\",\"inLanguage\":\"pt-BR\",\"@id\":\"https:\\\/\\\/daniellebeatrizmakeup.com.br\\\/loja\\\/#\\\/schema\\\/logo\\\/image\\\/\",\"url\":\"https:\\\/\\\/daniellebeatrizmakeup.com.br\\\/loja\\\/wp-content\\\/uploads\\\/2020\\\/10\\\/logo-loja-db-makeup.png\",\"contentUrl\":\"https:\\\/\\\/daniellebeatrizmakeup.com.br\\\/loja\\\/wp-content\\\/uploads\\\/2020\\\/10\\\/logo-loja-db-makeup.png\",\"width\":500,\"height\":110,\"caption\":\"Danielle Beatriz Makeup\"},\"image\":{\"@id\":\"https:\\\/\\\/daniellebeatrizmakeup.com.br\\\/loja\\\/#\\\/schema\\\/logo\\\/image\\\/\"},\"sameAs\":[\"https:\\\/\\\/www.facebook.com\\\/daniellebeatrizmakeup\",\"https:\\\/\\\/x.com\\\/danibetriz\",\"https:\\\/\\\/www.instagram.com\\\/daniellebeatrizmakeup\",\"https:\\\/\\\/pinterest.com\\\/daniellebeatrizmakeup\",\"https:\\\/\\\/www.youtube.com\\\/DanielleBeatriz\"]}]}<\/script>\n<!-- \/ Yoast SEO plugin. -->","yoast_head_json":{"title":"S\u00e9rum Hidra Explosion Maria Margarida - Loja DB Makeup","description":"O S\u00e9rum Hidra Explosion \u00e9 uma explos\u00e3o de hidrata\u00e7\u00e3o! Sua f\u00f3rmula baseada em \u00c1cido Hialur\u00f4nico, Panthenol e Argan.","robots":{"index":"index","follow":"follow","max-snippet":"max-snippet:-1","max-image-preview":"max-image-preview:large","max-video-preview":"max-video-preview:-1"},"canonical":"https:\/\/daniellebeatrizmakeup.com.br\/loja\/serum-hidra-explosion-maria-margarida\/","og_locale":"pt_BR","og_type":"article","og_title":"S\u00e9rum Hidra Explosion Maria Margarida - Loja DB Makeup","og_description":"O S\u00e9rum Hidra Explosion \u00e9 uma explos\u00e3o de hidrata\u00e7\u00e3o! Sua f\u00f3rmula baseada em \u00c1cido Hialur\u00f4nico, Panthenol e Argan.","og_url":"https:\/\/daniellebeatrizmakeup.com.br\/loja\/serum-hidra-explosion-maria-margarida\/","og_site_name":"Loja DB Makeup","article_publisher":"https:\/\/www.facebook.com\/daniellebeatrizmakeup","article_modified_time":"2025-12-18T21:20:39+00:00","og_image":[{"width":1280,"height":1707,"url":"https:\/\/daniellebeatrizmakeup.com.br\/loja\/wp-content\/uploads\/2020\/07\/serum-hidra-explosion-maria-margarida-1-scaled-e1687325810875.jpg","type":"image\/jpeg"}],"twitter_card":"summary_large_image","twitter_site":"@danibetriz","twitter_misc":{"Est. tempo de leitura":"2 minutos"},"schema":{"@context":"https:\/\/schema.org","@graph":[{"@type":"WebPage","@id":"https:\/\/daniellebeatrizmakeup.com.br\/loja\/serum-hidra-explosion-maria-margarida\/","url":"https:\/\/daniellebeatrizmakeup.com.br\/loja\/serum-hidra-explosion-maria-margarida\/","name":"S\u00e9rum Hidra Explosion Maria Margarida - Loja DB Makeup","isPartOf":{"@id":"https:\/\/daniellebeatrizmakeup.com.br\/loja\/#website"},"primaryImageOfPage":{"@id":"https:\/\/daniellebeatrizmakeup.com.br\/loja\/serum-hidra-explosion-maria-margarida\/#primaryimage"},"image":{"@id":"https:\/\/daniellebeatrizmakeup.com.br\/loja\/serum-hidra-explosion-maria-margarida\/#primaryimage"},"thumbnailUrl":"https:\/\/daniellebeatrizmakeup.com.br\/loja\/wp-content\/uploads\/2020\/07\/serum-hidra-explosion-maria-margarida-1-scaled-e1687325810875.jpg","datePublished":"2020-07-08T15:33:53+00:00","dateModified":"2025-12-18T21:20:39+00:00","description":"O S\u00e9rum Hidra Explosion \u00e9 uma explos\u00e3o de hidrata\u00e7\u00e3o! Sua f\u00f3rmula baseada em \u00c1cido Hialur\u00f4nico, Panthenol e Argan.","breadcrumb":{"@id":"https:\/\/daniellebeatrizmakeup.com.br\/loja\/serum-hidra-explosion-maria-margarida\/#breadcrumb"},"inLanguage":"pt-BR","potentialAction":[{"@type":"ReadAction","target":["https:\/\/daniellebeatrizmakeup.com.br\/loja\/serum-hidra-explosion-maria-margarida\/"]}]},{"@type":"ImageObject","inLanguage":"pt-BR","@id":"https:\/\/daniellebeatrizmakeup.com.br\/loja\/serum-hidra-explosion-maria-margarida\/#primaryimage","url":"https:\/\/daniellebeatrizmakeup.com.br\/loja\/wp-content\/uploads\/2020\/07\/serum-hidra-explosion-maria-margarida-1-scaled-e1687325810875.jpg","contentUrl":"https:\/\/daniellebeatrizmakeup.com.br\/loja\/wp-content\/uploads\/2020\/07\/serum-hidra-explosion-maria-margarida-1-scaled-e1687325810875.jpg","width":1280,"height":1707},{"@type":"BreadcrumbList","@id":"https:\/\/daniellebeatrizmakeup.com.br\/loja\/serum-hidra-explosion-maria-margarida\/#breadcrumb","itemListElement":[{"@type":"ListItem","position":1,"name":"In\u00edcio","item":"https:\/\/daniellebeatrizmakeup.com.br\/loja\/"},{"@type":"ListItem","position":2,"name":"Todos","item":"https:\/\/daniellebeatrizmakeup.com.br\/loja\/todos\/"},{"@type":"ListItem","position":3,"name":"Hidra Explosion Maria Margarida"}]},{"@type":"WebSite","@id":"https:\/\/daniellebeatrizmakeup.com.br\/loja\/#website","url":"https:\/\/daniellebeatrizmakeup.com.br\/loja\/","name":"Loja DB Makeup","description":"A melhor loja de maquiagem para real\u00e7ar a sua beleza","publisher":{"@id":"https:\/\/daniellebeatrizmakeup.com.br\/loja\/#organization"},"potentialAction":[{"@type":"SearchAction","target":{"@type":"EntryPoint","urlTemplate":"https:\/\/daniellebeatrizmakeup.com.br\/loja\/?s={search_term_string}"},"query-input":{"@type":"PropertyValueSpecification","valueRequired":true,"valueName":"search_term_string"}}],"inLanguage":"pt-BR"},{"@type":"Organization","@id":"https:\/\/daniellebeatrizmakeup.com.br\/loja\/#organization","name":"Danielle Beatriz Makeup","url":"https:\/\/daniellebeatrizmakeup.com.br\/loja\/","logo":{"@type":"ImageObject","inLanguage":"pt-BR","@id":"https:\/\/daniellebeatrizmakeup.com.br\/loja\/#\/schema\/logo\/image\/","url":"https:\/\/daniellebeatrizmakeup.com.br\/loja\/wp-content\/uploads\/2020\/10\/logo-loja-db-makeup.png","contentUrl":"https:\/\/daniellebeatrizmakeup.com.br\/loja\/wp-content\/uploads\/2020\/10\/logo-loja-db-makeup.png","width":500,"height":110,"caption":"Danielle Beatriz Makeup"},"image":{"@id":"https:\/\/daniellebeatrizmakeup.com.br\/loja\/#\/schema\/logo\/image\/"},"sameAs":["https:\/\/www.facebook.com\/daniellebeatrizmakeup","https:\/\/x.com\/danibetriz","https:\/\/www.instagram.com\/daniellebeatrizmakeup","https:\/\/pinterest.com\/daniellebeatrizmakeup","https:\/\/www.youtube.com\/DanielleBeatriz"]}]}},"jetpack_sharing_enabled":true,"_links":{"self":[{"href":"https:\/\/daniellebeatrizmakeup.com.br\/loja\/wp-json\/wp\/v2\/product\/1077","targetHints":{"allow":["GET"]}}],"collection":[{"href":"https:\/\/daniellebeatrizmakeup.com.br\/loja\/wp-json\/wp\/v2\/product"}],"about":[{"href":"https:\/\/daniellebeatrizmakeup.com.br\/loja\/wp-json\/wp\/v2\/types\/product"}],"replies":[{"embeddable":true,"href":"https:\/\/daniellebeatrizmakeup.com.br\/loja\/wp-json\/wp\/v2\/comments?post=1077"}],"version-history":[{"count":5,"href":"https:\/\/daniellebeatrizmakeup.com.br\/loja\/wp-json\/wp\/v2\/product\/1077\/revisions"}],"predecessor-version":[{"id":1658,"href":"https:\/\/daniellebeatrizmakeup.com.br\/loja\/wp-json\/wp\/v2\/product\/1077\/revisions\/1658"}],"wp:featuredmedia":[{"embeddable":true,"href":"https:\/\/daniellebeatrizmakeup.com.br\/loja\/wp-json\/wp\/v2\/media\/56818"}],"wp:attachment":[{"href":"https:\/\/daniellebeatrizmakeup.com.br\/loja\/wp-json\/wp\/v2\/media?parent=1077"}],"wp:term":[{"taxonomy":"product_brand","embeddable":true,"href":"https:\/\/daniellebeatrizmakeup.com.br\/loja\/wp-json\/wp\/v2\/product_brand?post=1077"},{"taxonomy":"product_cat","embeddable":true,"href":"https:\/\/daniellebeatrizmakeup.com.br\/loja\/wp-json\/wp\/v2\/product_cat?post=1077"},{"taxonomy":"product_tag","embeddable":true,"href":"https:\/\/daniellebeatrizmakeup.com.br\/loja\/wp-json\/wp\/v2\/product_tag?post=1077"},{"taxonomy":"woo-feed-brand","embeddable":true,"href":"https:\/\/daniellebeatrizmakeup.com.br\/loja\/wp-json\/wp\/v2\/woo-feed-brand?post=1077"}],"curies":[{"name":"wp","href":"https:\/\/api.w.org\/{rel}","templated":true}]}}