{"id":1075,"date":"2020-07-08T12:33:53","date_gmt":"2020-07-08T15:33:53","guid":{"rendered":"https:\/\/loja.daniellebeatrizmakeup.com.br\/index.php\/produto\/import-placeholder-for-932\/"},"modified":"2023-12-06T05:24:33","modified_gmt":"2023-12-06T08:24:33","slug":"pincel-delineador-chanfrado-o14-maria-margarida","status":"publish","type":"product","link":"https:\/\/daniellebeatrizmakeup.com.br\/loja\/pincel-delineador-chanfrado-o14-maria-margarida\/","title":{"rendered":"Pincel Delineador Chanfrado O14 Maria Margarida"},"content":{"rendered":"<p>Com cerdas sint\u00e9ticas de alta qualidade, o Pincel Delineador Chandrado O14 da <a href=\"https:\/\/daniellebeatrizmakeup.com.br\/loja\/maria-margarida\/\">Maria Margarida<\/a> \u00e9 ideal para a aplica\u00e7\u00e3o de delineador rente aos c\u00edlios. Voc\u00ea pode utiliz\u00e1-lo com delineadores l\u00edquidos ou em gel. Voc\u00ea ainda pode utilizar para preencher a sobrancelha com seu produto preferido, iluminar ao redor da sobrancelha com um produto levemente mais claro que sua base ou ent\u00e3o marcar a linha dos c\u00edlios inferiores e superiores com sombra.<\/p>\n<p>Todos os produtos Maria Margarida s\u00e3o feitos manualmente por artes\u00e3os especializados e com mat\u00e9ria prima de alta qualidade. Com muito carinho e dedica\u00e7\u00e3o para voc\u00ea!<\/p>\n<p>Caracter\u00edsticas: Formato chanfrado e cerdas sint\u00e9ticas.<\/p>\n<p>Fun\u00e7\u00e3o: aplicar delineador e preencher sobrancelha.<\/p>\n<p>Tamanho: Comprimento (14,6cm), Comprimento Cerdas (0,7cm), Largura Cerdas (0,7cm).<\/p>\n<p><strong>Dicas de Cuidados<\/strong><\/p>\n<ul>\n<li>Manter a higieniza\u00e7\u00e3o dos pinc\u00e9is com produtos adequados, para que as cerdas continuem sempre macias e livres de fungos e bact\u00e9rias.<\/li>\n<li>Com as cerdas para baixo lavar com sab\u00e3o neutro, e deixar secar na posi\u00e7\u00e3o horizontal, evitando molhar o cabo.<\/li>\n<\/ul>\n","protected":false},"excerpt":{"rendered":"<p>Com cerdas sint\u00e9ticas de alta qualidade, o Pincel Delineador Chandrado O14 da Maria Margarida \u00e9 ideal para a aplica\u00e7\u00e3o de delineador rente aos c\u00edlios. Voc\u00ea pode utiliz\u00e1-lo com delineadores l\u00edquidos ou em gel. Voc\u00ea ainda pode utilizar para preencher a sobrancelha com seu produto preferido, iluminar ao redor da sobrancelha com um produto levemente mais claro que sua base ou ent\u00e3o marcar a linha dos c\u00edlios inferiores e superiores com sombra.<\/p>\n","protected":false},"featured_media":1360,"comment_status":"open","ping_status":"closed","template":"","meta":{"_mbp_gutenberg_autopost":false},"product_brand":[],"product_cat":[313,73,312,133,250],"product_tag":[140,178,145,143,144,151,164,166],"woo-feed-brand":[],"class_list":{"0":"post-1075","1":"product","2":"type-product","3":"status-publish","4":"has-post-thumbnail","6":"product_cat-pincel-individual","7":"product_cat-maria-margarida","8":"product_cat-pincel-para-olhos","9":"product_cat-pinceis","10":"product_cat-rubi","11":"product_tag-acessorio","12":"product_tag-delineador","13":"product_tag-maria-margarida","14":"product_tag-pincel","15":"product_tag-pincel-de-maquiagem","16":"product_tag-pincel-delineador","17":"product_tag-pincel-unitario","18":"product_tag-sobrancelha","19":"yith_product_brand-maria-margarida","21":"first","22":"outofstock","23":"shipping-taxable","24":"purchasable","25":"product-type-simple"},"yoast_head":"<!-- This site is optimized with the Yoast SEO plugin v27.3 - https:\/\/yoast.com\/product\/yoast-seo-wordpress\/ -->\n<title>Pincel Delineador Chanfrado O14 Maria Margarida - Loja DB Makeup<\/title>\n<meta name=\"description\" content=\"Com cerdas sint\u00e9ticas de alta qualidade, o Pincel Delineador Chandrado O14 \u00e9 ideal para a aplica\u00e7\u00e3o de delineador rente aos c\u00edlios.\" \/>\n<meta name=\"robots\" content=\"index, follow, max-snippet:-1, max-image-preview:large, max-video-preview:-1\" \/>\n<link rel=\"canonical\" href=\"https:\/\/daniellebeatrizmakeup.com.br\/loja\/pincel-delineador-chanfrado-o14-maria-margarida\/\" \/>\n<meta property=\"og:locale\" content=\"pt_BR\" \/>\n<meta property=\"og:type\" content=\"article\" \/>\n<meta property=\"og:title\" content=\"Pincel Delineador Chanfrado O14 Maria Margarida - Loja DB Makeup\" \/>\n<meta property=\"og:description\" content=\"Com cerdas sint\u00e9ticas de alta qualidade, o Pincel Delineador Chandrado O14 \u00e9 ideal para a aplica\u00e7\u00e3o de delineador rente aos c\u00edlios.\" \/>\n<meta property=\"og:url\" content=\"https:\/\/daniellebeatrizmakeup.com.br\/loja\/pincel-delineador-chanfrado-o14-maria-margarida\/\" \/>\n<meta property=\"og:site_name\" content=\"Loja DB Makeup\" \/>\n<meta property=\"article:publisher\" content=\"https:\/\/www.facebook.com\/daniellebeatrizmakeup\" \/>\n<meta property=\"article:modified_time\" content=\"2023-12-06T08:24:33+00:00\" \/>\n<meta property=\"og:image\" content=\"https:\/\/daniellebeatrizmakeup.com.br\/loja\/wp-content\/uploads\/2020\/07\/o14-pincel-delineador-chanfrado-maria-margarida-1.jpg\" \/>\n\t<meta property=\"og:image:width\" content=\"1200\" \/>\n\t<meta property=\"og:image:height\" content=\"1200\" \/>\n\t<meta property=\"og:image:type\" content=\"image\/jpeg\" \/>\n<meta name=\"twitter:card\" content=\"summary_large_image\" \/>\n<meta name=\"twitter:site\" content=\"@danibetriz\" \/>\n<meta name=\"twitter:label1\" content=\"Est. tempo de leitura\" \/>\n\t<meta name=\"twitter:data1\" content=\"1 minuto\" \/>\n<script type=\"application\/ld+json\" class=\"yoast-schema-graph\">{\"@context\":\"https:\\\/\\\/schema.org\",\"@graph\":[{\"@type\":\"WebPage\",\"@id\":\"https:\\\/\\\/daniellebeatrizmakeup.com.br\\\/loja\\\/pincel-delineador-chanfrado-o14-maria-margarida\\\/\",\"url\":\"https:\\\/\\\/daniellebeatrizmakeup.com.br\\\/loja\\\/pincel-delineador-chanfrado-o14-maria-margarida\\\/\",\"name\":\"Pincel Delineador Chanfrado O14 Maria Margarida - Loja DB Makeup\",\"isPartOf\":{\"@id\":\"https:\\\/\\\/daniellebeatrizmakeup.com.br\\\/loja\\\/#website\"},\"primaryImageOfPage\":{\"@id\":\"https:\\\/\\\/daniellebeatrizmakeup.com.br\\\/loja\\\/pincel-delineador-chanfrado-o14-maria-margarida\\\/#primaryimage\"},\"image\":{\"@id\":\"https:\\\/\\\/daniellebeatrizmakeup.com.br\\\/loja\\\/pincel-delineador-chanfrado-o14-maria-margarida\\\/#primaryimage\"},\"thumbnailUrl\":\"https:\\\/\\\/daniellebeatrizmakeup.com.br\\\/loja\\\/wp-content\\\/uploads\\\/2020\\\/07\\\/o14-pincel-delineador-chanfrado-maria-margarida-1.jpg\",\"datePublished\":\"2020-07-08T15:33:53+00:00\",\"dateModified\":\"2023-12-06T08:24:33+00:00\",\"description\":\"Com cerdas sint\u00e9ticas de alta qualidade, o Pincel Delineador Chandrado O14 \u00e9 ideal para a aplica\u00e7\u00e3o de delineador rente aos c\u00edlios.\",\"breadcrumb\":{\"@id\":\"https:\\\/\\\/daniellebeatrizmakeup.com.br\\\/loja\\\/pincel-delineador-chanfrado-o14-maria-margarida\\\/#breadcrumb\"},\"inLanguage\":\"pt-BR\",\"potentialAction\":[{\"@type\":\"ReadAction\",\"target\":[\"https:\\\/\\\/daniellebeatrizmakeup.com.br\\\/loja\\\/pincel-delineador-chanfrado-o14-maria-margarida\\\/\"]}]},{\"@type\":\"ImageObject\",\"inLanguage\":\"pt-BR\",\"@id\":\"https:\\\/\\\/daniellebeatrizmakeup.com.br\\\/loja\\\/pincel-delineador-chanfrado-o14-maria-margarida\\\/#primaryimage\",\"url\":\"https:\\\/\\\/daniellebeatrizmakeup.com.br\\\/loja\\\/wp-content\\\/uploads\\\/2020\\\/07\\\/o14-pincel-delineador-chanfrado-maria-margarida-1.jpg\",\"contentUrl\":\"https:\\\/\\\/daniellebeatrizmakeup.com.br\\\/loja\\\/wp-content\\\/uploads\\\/2020\\\/07\\\/o14-pincel-delineador-chanfrado-maria-margarida-1.jpg\",\"width\":1200,\"height\":1200,\"caption\":\"O14 Pincel Delineador Chanfrado Maria Margarida\"},{\"@type\":\"BreadcrumbList\",\"@id\":\"https:\\\/\\\/daniellebeatrizmakeup.com.br\\\/loja\\\/pincel-delineador-chanfrado-o14-maria-margarida\\\/#breadcrumb\",\"itemListElement\":[{\"@type\":\"ListItem\",\"position\":1,\"name\":\"In\u00edcio\",\"item\":\"https:\\\/\\\/daniellebeatrizmakeup.com.br\\\/loja\\\/\"},{\"@type\":\"ListItem\",\"position\":2,\"name\":\"Todos\",\"item\":\"https:\\\/\\\/daniellebeatrizmakeup.com.br\\\/loja\\\/todos\\\/\"},{\"@type\":\"ListItem\",\"position\":3,\"name\":\"Pincel Delineador Chanfrado O14 Maria Margarida\"}]},{\"@type\":\"WebSite\",\"@id\":\"https:\\\/\\\/daniellebeatrizmakeup.com.br\\\/loja\\\/#website\",\"url\":\"https:\\\/\\\/daniellebeatrizmakeup.com.br\\\/loja\\\/\",\"name\":\"Loja DB Makeup\",\"description\":\"A melhor loja de maquiagem para real\u00e7ar a sua beleza\",\"publisher\":{\"@id\":\"https:\\\/\\\/daniellebeatrizmakeup.com.br\\\/loja\\\/#organization\"},\"potentialAction\":[{\"@type\":\"SearchAction\",\"target\":{\"@type\":\"EntryPoint\",\"urlTemplate\":\"https:\\\/\\\/daniellebeatrizmakeup.com.br\\\/loja\\\/?s={search_term_string}\"},\"query-input\":{\"@type\":\"PropertyValueSpecification\",\"valueRequired\":true,\"valueName\":\"search_term_string\"}}],\"inLanguage\":\"pt-BR\"},{\"@type\":\"Organization\",\"@id\":\"https:\\\/\\\/daniellebeatrizmakeup.com.br\\\/loja\\\/#organization\",\"name\":\"Danielle Beatriz Makeup\",\"url\":\"https:\\\/\\\/daniellebeatrizmakeup.com.br\\\/loja\\\/\",\"logo\":{\"@type\":\"ImageObject\",\"inLanguage\":\"pt-BR\",\"@id\":\"https:\\\/\\\/daniellebeatrizmakeup.com.br\\\/loja\\\/#\\\/schema\\\/logo\\\/image\\\/\",\"url\":\"https:\\\/\\\/daniellebeatrizmakeup.com.br\\\/loja\\\/wp-content\\\/uploads\\\/2020\\\/10\\\/logo-loja-db-makeup.png\",\"contentUrl\":\"https:\\\/\\\/daniellebeatrizmakeup.com.br\\\/loja\\\/wp-content\\\/uploads\\\/2020\\\/10\\\/logo-loja-db-makeup.png\",\"width\":500,\"height\":110,\"caption\":\"Danielle Beatriz Makeup\"},\"image\":{\"@id\":\"https:\\\/\\\/daniellebeatrizmakeup.com.br\\\/loja\\\/#\\\/schema\\\/logo\\\/image\\\/\"},\"sameAs\":[\"https:\\\/\\\/www.facebook.com\\\/daniellebeatrizmakeup\",\"https:\\\/\\\/x.com\\\/danibetriz\",\"https:\\\/\\\/www.instagram.com\\\/daniellebeatrizmakeup\",\"https:\\\/\\\/pinterest.com\\\/daniellebeatrizmakeup\",\"https:\\\/\\\/www.youtube.com\\\/DanielleBeatriz\"]}]}<\/script>\n<!-- \/ Yoast SEO plugin. -->","yoast_head_json":{"title":"Pincel Delineador Chanfrado O14 Maria Margarida - Loja DB Makeup","description":"Com cerdas sint\u00e9ticas de alta qualidade, o Pincel Delineador Chandrado O14 \u00e9 ideal para a aplica\u00e7\u00e3o de delineador rente aos c\u00edlios.","robots":{"index":"index","follow":"follow","max-snippet":"max-snippet:-1","max-image-preview":"max-image-preview:large","max-video-preview":"max-video-preview:-1"},"canonical":"https:\/\/daniellebeatrizmakeup.com.br\/loja\/pincel-delineador-chanfrado-o14-maria-margarida\/","og_locale":"pt_BR","og_type":"article","og_title":"Pincel Delineador Chanfrado O14 Maria Margarida - Loja DB Makeup","og_description":"Com cerdas sint\u00e9ticas de alta qualidade, o Pincel Delineador Chandrado O14 \u00e9 ideal para a aplica\u00e7\u00e3o de delineador rente aos c\u00edlios.","og_url":"https:\/\/daniellebeatrizmakeup.com.br\/loja\/pincel-delineador-chanfrado-o14-maria-margarida\/","og_site_name":"Loja DB Makeup","article_publisher":"https:\/\/www.facebook.com\/daniellebeatrizmakeup","article_modified_time":"2023-12-06T08:24:33+00:00","og_image":[{"width":1200,"height":1200,"url":"https:\/\/daniellebeatrizmakeup.com.br\/loja\/wp-content\/uploads\/2020\/07\/o14-pincel-delineador-chanfrado-maria-margarida-1.jpg","type":"image\/jpeg"}],"twitter_card":"summary_large_image","twitter_site":"@danibetriz","twitter_misc":{"Est. tempo de leitura":"1 minuto"},"schema":{"@context":"https:\/\/schema.org","@graph":[{"@type":"WebPage","@id":"https:\/\/daniellebeatrizmakeup.com.br\/loja\/pincel-delineador-chanfrado-o14-maria-margarida\/","url":"https:\/\/daniellebeatrizmakeup.com.br\/loja\/pincel-delineador-chanfrado-o14-maria-margarida\/","name":"Pincel Delineador Chanfrado O14 Maria Margarida - Loja DB Makeup","isPartOf":{"@id":"https:\/\/daniellebeatrizmakeup.com.br\/loja\/#website"},"primaryImageOfPage":{"@id":"https:\/\/daniellebeatrizmakeup.com.br\/loja\/pincel-delineador-chanfrado-o14-maria-margarida\/#primaryimage"},"image":{"@id":"https:\/\/daniellebeatrizmakeup.com.br\/loja\/pincel-delineador-chanfrado-o14-maria-margarida\/#primaryimage"},"thumbnailUrl":"https:\/\/daniellebeatrizmakeup.com.br\/loja\/wp-content\/uploads\/2020\/07\/o14-pincel-delineador-chanfrado-maria-margarida-1.jpg","datePublished":"2020-07-08T15:33:53+00:00","dateModified":"2023-12-06T08:24:33+00:00","description":"Com cerdas sint\u00e9ticas de alta qualidade, o Pincel Delineador Chandrado O14 \u00e9 ideal para a aplica\u00e7\u00e3o de delineador rente aos c\u00edlios.","breadcrumb":{"@id":"https:\/\/daniellebeatrizmakeup.com.br\/loja\/pincel-delineador-chanfrado-o14-maria-margarida\/#breadcrumb"},"inLanguage":"pt-BR","potentialAction":[{"@type":"ReadAction","target":["https:\/\/daniellebeatrizmakeup.com.br\/loja\/pincel-delineador-chanfrado-o14-maria-margarida\/"]}]},{"@type":"ImageObject","inLanguage":"pt-BR","@id":"https:\/\/daniellebeatrizmakeup.com.br\/loja\/pincel-delineador-chanfrado-o14-maria-margarida\/#primaryimage","url":"https:\/\/daniellebeatrizmakeup.com.br\/loja\/wp-content\/uploads\/2020\/07\/o14-pincel-delineador-chanfrado-maria-margarida-1.jpg","contentUrl":"https:\/\/daniellebeatrizmakeup.com.br\/loja\/wp-content\/uploads\/2020\/07\/o14-pincel-delineador-chanfrado-maria-margarida-1.jpg","width":1200,"height":1200,"caption":"O14 Pincel Delineador Chanfrado Maria Margarida"},{"@type":"BreadcrumbList","@id":"https:\/\/daniellebeatrizmakeup.com.br\/loja\/pincel-delineador-chanfrado-o14-maria-margarida\/#breadcrumb","itemListElement":[{"@type":"ListItem","position":1,"name":"In\u00edcio","item":"https:\/\/daniellebeatrizmakeup.com.br\/loja\/"},{"@type":"ListItem","position":2,"name":"Todos","item":"https:\/\/daniellebeatrizmakeup.com.br\/loja\/todos\/"},{"@type":"ListItem","position":3,"name":"Pincel Delineador Chanfrado O14 Maria Margarida"}]},{"@type":"WebSite","@id":"https:\/\/daniellebeatrizmakeup.com.br\/loja\/#website","url":"https:\/\/daniellebeatrizmakeup.com.br\/loja\/","name":"Loja DB Makeup","description":"A melhor loja de maquiagem para real\u00e7ar a sua beleza","publisher":{"@id":"https:\/\/daniellebeatrizmakeup.com.br\/loja\/#organization"},"potentialAction":[{"@type":"SearchAction","target":{"@type":"EntryPoint","urlTemplate":"https:\/\/daniellebeatrizmakeup.com.br\/loja\/?s={search_term_string}"},"query-input":{"@type":"PropertyValueSpecification","valueRequired":true,"valueName":"search_term_string"}}],"inLanguage":"pt-BR"},{"@type":"Organization","@id":"https:\/\/daniellebeatrizmakeup.com.br\/loja\/#organization","name":"Danielle Beatriz Makeup","url":"https:\/\/daniellebeatrizmakeup.com.br\/loja\/","logo":{"@type":"ImageObject","inLanguage":"pt-BR","@id":"https:\/\/daniellebeatrizmakeup.com.br\/loja\/#\/schema\/logo\/image\/","url":"https:\/\/daniellebeatrizmakeup.com.br\/loja\/wp-content\/uploads\/2020\/10\/logo-loja-db-makeup.png","contentUrl":"https:\/\/daniellebeatrizmakeup.com.br\/loja\/wp-content\/uploads\/2020\/10\/logo-loja-db-makeup.png","width":500,"height":110,"caption":"Danielle Beatriz Makeup"},"image":{"@id":"https:\/\/daniellebeatrizmakeup.com.br\/loja\/#\/schema\/logo\/image\/"},"sameAs":["https:\/\/www.facebook.com\/daniellebeatrizmakeup","https:\/\/x.com\/danibetriz","https:\/\/www.instagram.com\/daniellebeatrizmakeup","https:\/\/pinterest.com\/daniellebeatrizmakeup","https:\/\/www.youtube.com\/DanielleBeatriz"]}]}},"jetpack_sharing_enabled":true,"_links":{"self":[{"href":"https:\/\/daniellebeatrizmakeup.com.br\/loja\/wp-json\/wp\/v2\/product\/1075","targetHints":{"allow":["GET"]}}],"collection":[{"href":"https:\/\/daniellebeatrizmakeup.com.br\/loja\/wp-json\/wp\/v2\/product"}],"about":[{"href":"https:\/\/daniellebeatrizmakeup.com.br\/loja\/wp-json\/wp\/v2\/types\/product"}],"replies":[{"embeddable":true,"href":"https:\/\/daniellebeatrizmakeup.com.br\/loja\/wp-json\/wp\/v2\/comments?post=1075"}],"version-history":[{"count":2,"href":"https:\/\/daniellebeatrizmakeup.com.br\/loja\/wp-json\/wp\/v2\/product\/1075\/revisions"}],"predecessor-version":[{"id":57504,"href":"https:\/\/daniellebeatrizmakeup.com.br\/loja\/wp-json\/wp\/v2\/product\/1075\/revisions\/57504"}],"wp:featuredmedia":[{"embeddable":true,"href":"https:\/\/daniellebeatrizmakeup.com.br\/loja\/wp-json\/wp\/v2\/media\/1360"}],"wp:attachment":[{"href":"https:\/\/daniellebeatrizmakeup.com.br\/loja\/wp-json\/wp\/v2\/media?parent=1075"}],"wp:term":[{"taxonomy":"product_brand","embeddable":true,"href":"https:\/\/daniellebeatrizmakeup.com.br\/loja\/wp-json\/wp\/v2\/product_brand?post=1075"},{"taxonomy":"product_cat","embeddable":true,"href":"https:\/\/daniellebeatrizmakeup.com.br\/loja\/wp-json\/wp\/v2\/product_cat?post=1075"},{"taxonomy":"product_tag","embeddable":true,"href":"https:\/\/daniellebeatrizmakeup.com.br\/loja\/wp-json\/wp\/v2\/product_tag?post=1075"},{"taxonomy":"woo-feed-brand","embeddable":true,"href":"https:\/\/daniellebeatrizmakeup.com.br\/loja\/wp-json\/wp\/v2\/woo-feed-brand?post=1075"}],"curies":[{"name":"wp","href":"https:\/\/api.w.org\/{rel}","templated":true}]}}