{"id":1068,"date":"2020-07-08T12:33:53","date_gmt":"2020-07-08T15:33:53","guid":{"rendered":"https:\/\/loja.daniellebeatrizmakeup.com.br\/index.php\/produto\/import-placeholder-for-925\/"},"modified":"2023-12-06T05:13:07","modified_gmt":"2023-12-06T08:13:07","slug":"paleta-the-saharan-ii-juvias-place","status":"publish","type":"product","link":"https:\/\/daniellebeatrizmakeup.com.br\/loja\/paleta-the-saharan-ii-juvias-place\/","title":{"rendered":"Paleta de Sombras The Saharan II Juvias Place"},"content":{"rendered":"<p>A paleta de sombras The Saharan II da <a href=\"https:\/\/daniellebeatrizmakeup.com.br\/loja\/juvias-place\/\">Juvias Place<\/a> \u00e9 muito pigmentada, quente e picante. Inspirado pelas cores ricas em especiarias marroquinas, ervas, cidades e padr\u00f5es ricos. Uma viagem \u00fanica no reino da beleza.<\/p>\n<p>Uma vibe cheia de pigmento, calor e um toque de picante, a paleta de sombras The Saharan II consiste em 9 tons entre met\u00e1licos muito pigmentados, cromo duplo e tons matte que ir\u00e3o transform\u00e1-lo em uma deusa real. Tons de alta pigmenta\u00e7\u00e3o e uma dose saud\u00e1vel de brilho tornam esta paleta de sombras perfeita para qualquer look de <a href=\"https:\/\/www.instagram.com\/daniellebeatrizmakeup\/\">maquiagem<\/a> .<\/p>\n<p>Cont\u00e9m: 9 sombras no total, 3 sombras matte e 6 sombras cintilantes.<\/p>\n<ol>\n<li>Marrakesh<\/li>\n<li>Aziza<\/li>\n<li>Hadiya<\/li>\n<li>Berber<\/li>\n<li>Nomad<\/li>\n<li>Chefchaquen<\/li>\n<li>Fez<\/li>\n<li>Zohra<\/li>\n<li>Taza<\/li>\n<\/ol>\n<p><strong>Paleta de sombras importada.<\/strong><\/p>\n<p>&nbsp;<\/p>\n<p>Tudo come\u00e7ou na \u00c1frica, onde a fundadora Chichi Eburu criou a Juvia&#8217;s Place. Ela lutou para encontrar a maquiagem adequada para seu tom de pele profundo. Ent\u00e3o a marca foi criada para celebrar os rebeldes, governantes e rainhas dos reinos africanos. Bem como honraram a beleza por meio de suas t\u00e9cnicas inovadoras e emocionantes que ainda usamos hoje. Dessa forma, a Juvia&#8217;s Place acredita na beleza inclusiva, com cores ricas, vibrante e muito pigmentadas.<\/p>\n<p>&nbsp;<\/p>\n<p><strong>Como usar as sombras met\u00e1licas<\/strong><\/p>\n<p>Obtenha a m\u00e1xima pigmenta\u00e7\u00e3o, nas sombras met\u00e1licas utilize \u00famidas ou secas com um pincel ou com as pontas dos dedos para colocar a sombra nas p\u00e1lpebras.<\/p>\n<p><strong>Para usar seco<\/strong><\/p>\n<p>Passe o pincel na sombra e d\u00ea batidinhas nas p\u00e1lpebras at\u00e9 atingir a cobertura desejada.<\/p>\n<p><strong>Para usar molhado<\/strong><\/p>\n<p>Basta borrifar uma bruma em seu pincel e passar na sombra met\u00e1lica. Coloque a sombra nas p\u00e1lpebras para m\u00e1xima cobertura.<\/p>\n","protected":false},"excerpt":{"rendered":"<p>A paleta de sombras The Saharan da Juvias Place \u00e9 altamente pigmentada, quente e picante. Inspirado pelas cores ricas em especiarias marroquinas, ervas, cidades e padr\u00f5es ricos. Uma viagem \u00fanica no reino da beleza.<\/p>\n","protected":false},"featured_media":1713,"comment_status":"open","ping_status":"closed","template":"","meta":{"_mbp_gutenberg_autopost":false},"product_brand":[],"product_cat":[113,79,326],"product_tag":[217,799,94,95,114,92,216],"woo-feed-brand":[],"class_list":{"0":"post-1068","1":"product","2":"type-product","3":"status-publish","4":"has-post-thumbnail","6":"product_cat-juvias-place","7":"product_cat-olhos","8":"product_cat-paleta-de-sombras","9":"product_tag-importado","10":"product_tag-juvias-place","11":"product_tag-olhos-coloridos","12":"product_tag-olhos-neutros","13":"product_tag-paleta-de-sombras","14":"product_tag-sombra","15":"product_tag-sombras","16":"yith_product_brand-juvias","18":"first","19":"outofstock","20":"shipping-taxable","21":"purchasable","22":"product-type-simple"},"yoast_head":"<!-- This site is optimized with the Yoast SEO plugin v27.3 - https:\/\/yoast.com\/product\/yoast-seo-wordpress\/ -->\n<title>Paleta de Sombras The Saharan II Juvias Place - Loja DB Makeup<\/title>\n<meta name=\"description\" content=\"Paleta de sombras The Saharan II da Juvias Place \u00e9 muito pigmentada, quente e picante. Inspirado pelas cores ricas em especiarias marroquinas.\" \/>\n<meta name=\"robots\" content=\"index, follow, max-snippet:-1, max-image-preview:large, max-video-preview:-1\" \/>\n<link rel=\"canonical\" href=\"https:\/\/daniellebeatrizmakeup.com.br\/loja\/paleta-the-saharan-ii-juvias-place\/\" \/>\n<meta property=\"og:locale\" content=\"pt_BR\" \/>\n<meta property=\"og:type\" content=\"article\" \/>\n<meta property=\"og:title\" content=\"Paleta de Sombras The Saharan II Juvias Place - Loja DB Makeup\" \/>\n<meta property=\"og:description\" content=\"Paleta de sombras The Saharan II da Juvias Place \u00e9 muito pigmentada, quente e picante. Inspirado pelas cores ricas em especiarias marroquinas.\" \/>\n<meta property=\"og:url\" content=\"https:\/\/daniellebeatrizmakeup.com.br\/loja\/paleta-the-saharan-ii-juvias-place\/\" \/>\n<meta property=\"og:site_name\" content=\"Loja DB Makeup\" \/>\n<meta property=\"article:publisher\" content=\"https:\/\/www.facebook.com\/daniellebeatrizmakeup\" \/>\n<meta property=\"article:modified_time\" content=\"2023-12-06T08:13:07+00:00\" \/>\n<meta property=\"og:image\" content=\"https:\/\/daniellebeatrizmakeup.com.br\/loja\/wp-content\/uploads\/2020\/07\/paleta-sombras-the-saharan-2-juvias-place.jpg\" \/>\n\t<meta property=\"og:image:width\" content=\"1024\" \/>\n\t<meta property=\"og:image:height\" content=\"1024\" \/>\n\t<meta property=\"og:image:type\" content=\"image\/jpeg\" \/>\n<meta name=\"twitter:card\" content=\"summary_large_image\" \/>\n<meta name=\"twitter:site\" content=\"@danibetriz\" \/>\n<meta name=\"twitter:label1\" content=\"Est. tempo de leitura\" \/>\n\t<meta name=\"twitter:data1\" content=\"2 minutos\" \/>\n<script type=\"application\/ld+json\" class=\"yoast-schema-graph\">{\"@context\":\"https:\\\/\\\/schema.org\",\"@graph\":[{\"@type\":\"WebPage\",\"@id\":\"https:\\\/\\\/daniellebeatrizmakeup.com.br\\\/loja\\\/paleta-the-saharan-ii-juvias-place\\\/\",\"url\":\"https:\\\/\\\/daniellebeatrizmakeup.com.br\\\/loja\\\/paleta-the-saharan-ii-juvias-place\\\/\",\"name\":\"Paleta de Sombras The Saharan II Juvias Place - Loja DB Makeup\",\"isPartOf\":{\"@id\":\"https:\\\/\\\/daniellebeatrizmakeup.com.br\\\/loja\\\/#website\"},\"primaryImageOfPage\":{\"@id\":\"https:\\\/\\\/daniellebeatrizmakeup.com.br\\\/loja\\\/paleta-the-saharan-ii-juvias-place\\\/#primaryimage\"},\"image\":{\"@id\":\"https:\\\/\\\/daniellebeatrizmakeup.com.br\\\/loja\\\/paleta-the-saharan-ii-juvias-place\\\/#primaryimage\"},\"thumbnailUrl\":\"https:\\\/\\\/daniellebeatrizmakeup.com.br\\\/loja\\\/wp-content\\\/uploads\\\/2020\\\/07\\\/paleta-sombras-the-saharan-2-juvias-place.jpg\",\"datePublished\":\"2020-07-08T15:33:53+00:00\",\"dateModified\":\"2023-12-06T08:13:07+00:00\",\"description\":\"Paleta de sombras The Saharan II da Juvias Place \u00e9 muito pigmentada, quente e picante. Inspirado pelas cores ricas em especiarias marroquinas.\",\"breadcrumb\":{\"@id\":\"https:\\\/\\\/daniellebeatrizmakeup.com.br\\\/loja\\\/paleta-the-saharan-ii-juvias-place\\\/#breadcrumb\"},\"inLanguage\":\"pt-BR\",\"potentialAction\":[{\"@type\":\"ReadAction\",\"target\":[\"https:\\\/\\\/daniellebeatrizmakeup.com.br\\\/loja\\\/paleta-the-saharan-ii-juvias-place\\\/\"]}]},{\"@type\":\"ImageObject\",\"inLanguage\":\"pt-BR\",\"@id\":\"https:\\\/\\\/daniellebeatrizmakeup.com.br\\\/loja\\\/paleta-the-saharan-ii-juvias-place\\\/#primaryimage\",\"url\":\"https:\\\/\\\/daniellebeatrizmakeup.com.br\\\/loja\\\/wp-content\\\/uploads\\\/2020\\\/07\\\/paleta-sombras-the-saharan-2-juvias-place.jpg\",\"contentUrl\":\"https:\\\/\\\/daniellebeatrizmakeup.com.br\\\/loja\\\/wp-content\\\/uploads\\\/2020\\\/07\\\/paleta-sombras-the-saharan-2-juvias-place.jpg\",\"width\":1024,\"height\":1024,\"caption\":\"Paleta de Sombras The Saharan II Juvia's Place\"},{\"@type\":\"BreadcrumbList\",\"@id\":\"https:\\\/\\\/daniellebeatrizmakeup.com.br\\\/loja\\\/paleta-the-saharan-ii-juvias-place\\\/#breadcrumb\",\"itemListElement\":[{\"@type\":\"ListItem\",\"position\":1,\"name\":\"In\u00edcio\",\"item\":\"https:\\\/\\\/daniellebeatrizmakeup.com.br\\\/loja\\\/\"},{\"@type\":\"ListItem\",\"position\":2,\"name\":\"Todos\",\"item\":\"https:\\\/\\\/daniellebeatrizmakeup.com.br\\\/loja\\\/todos\\\/\"},{\"@type\":\"ListItem\",\"position\":3,\"name\":\"Paleta de Sombras The Saharan II Juvias Place\"}]},{\"@type\":\"WebSite\",\"@id\":\"https:\\\/\\\/daniellebeatrizmakeup.com.br\\\/loja\\\/#website\",\"url\":\"https:\\\/\\\/daniellebeatrizmakeup.com.br\\\/loja\\\/\",\"name\":\"Loja DB Makeup\",\"description\":\"A melhor loja de maquiagem para real\u00e7ar a sua beleza\",\"publisher\":{\"@id\":\"https:\\\/\\\/daniellebeatrizmakeup.com.br\\\/loja\\\/#organization\"},\"potentialAction\":[{\"@type\":\"SearchAction\",\"target\":{\"@type\":\"EntryPoint\",\"urlTemplate\":\"https:\\\/\\\/daniellebeatrizmakeup.com.br\\\/loja\\\/?s={search_term_string}\"},\"query-input\":{\"@type\":\"PropertyValueSpecification\",\"valueRequired\":true,\"valueName\":\"search_term_string\"}}],\"inLanguage\":\"pt-BR\"},{\"@type\":\"Organization\",\"@id\":\"https:\\\/\\\/daniellebeatrizmakeup.com.br\\\/loja\\\/#organization\",\"name\":\"Danielle Beatriz Makeup\",\"url\":\"https:\\\/\\\/daniellebeatrizmakeup.com.br\\\/loja\\\/\",\"logo\":{\"@type\":\"ImageObject\",\"inLanguage\":\"pt-BR\",\"@id\":\"https:\\\/\\\/daniellebeatrizmakeup.com.br\\\/loja\\\/#\\\/schema\\\/logo\\\/image\\\/\",\"url\":\"https:\\\/\\\/daniellebeatrizmakeup.com.br\\\/loja\\\/wp-content\\\/uploads\\\/2020\\\/10\\\/logo-loja-db-makeup.png\",\"contentUrl\":\"https:\\\/\\\/daniellebeatrizmakeup.com.br\\\/loja\\\/wp-content\\\/uploads\\\/2020\\\/10\\\/logo-loja-db-makeup.png\",\"width\":500,\"height\":110,\"caption\":\"Danielle Beatriz Makeup\"},\"image\":{\"@id\":\"https:\\\/\\\/daniellebeatrizmakeup.com.br\\\/loja\\\/#\\\/schema\\\/logo\\\/image\\\/\"},\"sameAs\":[\"https:\\\/\\\/www.facebook.com\\\/daniellebeatrizmakeup\",\"https:\\\/\\\/x.com\\\/danibetriz\",\"https:\\\/\\\/www.instagram.com\\\/daniellebeatrizmakeup\",\"https:\\\/\\\/pinterest.com\\\/daniellebeatrizmakeup\",\"https:\\\/\\\/www.youtube.com\\\/DanielleBeatriz\"]}]}<\/script>\n<!-- \/ Yoast SEO plugin. -->","yoast_head_json":{"title":"Paleta de Sombras The Saharan II Juvias Place - Loja DB Makeup","description":"Paleta de sombras The Saharan II da Juvias Place \u00e9 muito pigmentada, quente e picante. Inspirado pelas cores ricas em especiarias marroquinas.","robots":{"index":"index","follow":"follow","max-snippet":"max-snippet:-1","max-image-preview":"max-image-preview:large","max-video-preview":"max-video-preview:-1"},"canonical":"https:\/\/daniellebeatrizmakeup.com.br\/loja\/paleta-the-saharan-ii-juvias-place\/","og_locale":"pt_BR","og_type":"article","og_title":"Paleta de Sombras The Saharan II Juvias Place - Loja DB Makeup","og_description":"Paleta de sombras The Saharan II da Juvias Place \u00e9 muito pigmentada, quente e picante. Inspirado pelas cores ricas em especiarias marroquinas.","og_url":"https:\/\/daniellebeatrizmakeup.com.br\/loja\/paleta-the-saharan-ii-juvias-place\/","og_site_name":"Loja DB Makeup","article_publisher":"https:\/\/www.facebook.com\/daniellebeatrizmakeup","article_modified_time":"2023-12-06T08:13:07+00:00","og_image":[{"width":1024,"height":1024,"url":"https:\/\/daniellebeatrizmakeup.com.br\/loja\/wp-content\/uploads\/2020\/07\/paleta-sombras-the-saharan-2-juvias-place.jpg","type":"image\/jpeg"}],"twitter_card":"summary_large_image","twitter_site":"@danibetriz","twitter_misc":{"Est. tempo de leitura":"2 minutos"},"schema":{"@context":"https:\/\/schema.org","@graph":[{"@type":"WebPage","@id":"https:\/\/daniellebeatrizmakeup.com.br\/loja\/paleta-the-saharan-ii-juvias-place\/","url":"https:\/\/daniellebeatrizmakeup.com.br\/loja\/paleta-the-saharan-ii-juvias-place\/","name":"Paleta de Sombras The Saharan II Juvias Place - Loja DB Makeup","isPartOf":{"@id":"https:\/\/daniellebeatrizmakeup.com.br\/loja\/#website"},"primaryImageOfPage":{"@id":"https:\/\/daniellebeatrizmakeup.com.br\/loja\/paleta-the-saharan-ii-juvias-place\/#primaryimage"},"image":{"@id":"https:\/\/daniellebeatrizmakeup.com.br\/loja\/paleta-the-saharan-ii-juvias-place\/#primaryimage"},"thumbnailUrl":"https:\/\/daniellebeatrizmakeup.com.br\/loja\/wp-content\/uploads\/2020\/07\/paleta-sombras-the-saharan-2-juvias-place.jpg","datePublished":"2020-07-08T15:33:53+00:00","dateModified":"2023-12-06T08:13:07+00:00","description":"Paleta de sombras The Saharan II da Juvias Place \u00e9 muito pigmentada, quente e picante. Inspirado pelas cores ricas em especiarias marroquinas.","breadcrumb":{"@id":"https:\/\/daniellebeatrizmakeup.com.br\/loja\/paleta-the-saharan-ii-juvias-place\/#breadcrumb"},"inLanguage":"pt-BR","potentialAction":[{"@type":"ReadAction","target":["https:\/\/daniellebeatrizmakeup.com.br\/loja\/paleta-the-saharan-ii-juvias-place\/"]}]},{"@type":"ImageObject","inLanguage":"pt-BR","@id":"https:\/\/daniellebeatrizmakeup.com.br\/loja\/paleta-the-saharan-ii-juvias-place\/#primaryimage","url":"https:\/\/daniellebeatrizmakeup.com.br\/loja\/wp-content\/uploads\/2020\/07\/paleta-sombras-the-saharan-2-juvias-place.jpg","contentUrl":"https:\/\/daniellebeatrizmakeup.com.br\/loja\/wp-content\/uploads\/2020\/07\/paleta-sombras-the-saharan-2-juvias-place.jpg","width":1024,"height":1024,"caption":"Paleta de Sombras The Saharan II Juvia's Place"},{"@type":"BreadcrumbList","@id":"https:\/\/daniellebeatrizmakeup.com.br\/loja\/paleta-the-saharan-ii-juvias-place\/#breadcrumb","itemListElement":[{"@type":"ListItem","position":1,"name":"In\u00edcio","item":"https:\/\/daniellebeatrizmakeup.com.br\/loja\/"},{"@type":"ListItem","position":2,"name":"Todos","item":"https:\/\/daniellebeatrizmakeup.com.br\/loja\/todos\/"},{"@type":"ListItem","position":3,"name":"Paleta de Sombras The Saharan II Juvias Place"}]},{"@type":"WebSite","@id":"https:\/\/daniellebeatrizmakeup.com.br\/loja\/#website","url":"https:\/\/daniellebeatrizmakeup.com.br\/loja\/","name":"Loja DB Makeup","description":"A melhor loja de maquiagem para real\u00e7ar a sua beleza","publisher":{"@id":"https:\/\/daniellebeatrizmakeup.com.br\/loja\/#organization"},"potentialAction":[{"@type":"SearchAction","target":{"@type":"EntryPoint","urlTemplate":"https:\/\/daniellebeatrizmakeup.com.br\/loja\/?s={search_term_string}"},"query-input":{"@type":"PropertyValueSpecification","valueRequired":true,"valueName":"search_term_string"}}],"inLanguage":"pt-BR"},{"@type":"Organization","@id":"https:\/\/daniellebeatrizmakeup.com.br\/loja\/#organization","name":"Danielle Beatriz Makeup","url":"https:\/\/daniellebeatrizmakeup.com.br\/loja\/","logo":{"@type":"ImageObject","inLanguage":"pt-BR","@id":"https:\/\/daniellebeatrizmakeup.com.br\/loja\/#\/schema\/logo\/image\/","url":"https:\/\/daniellebeatrizmakeup.com.br\/loja\/wp-content\/uploads\/2020\/10\/logo-loja-db-makeup.png","contentUrl":"https:\/\/daniellebeatrizmakeup.com.br\/loja\/wp-content\/uploads\/2020\/10\/logo-loja-db-makeup.png","width":500,"height":110,"caption":"Danielle Beatriz Makeup"},"image":{"@id":"https:\/\/daniellebeatrizmakeup.com.br\/loja\/#\/schema\/logo\/image\/"},"sameAs":["https:\/\/www.facebook.com\/daniellebeatrizmakeup","https:\/\/x.com\/danibetriz","https:\/\/www.instagram.com\/daniellebeatrizmakeup","https:\/\/pinterest.com\/daniellebeatrizmakeup","https:\/\/www.youtube.com\/DanielleBeatriz"]}]}},"jetpack_sharing_enabled":true,"_links":{"self":[{"href":"https:\/\/daniellebeatrizmakeup.com.br\/loja\/wp-json\/wp\/v2\/product\/1068","targetHints":{"allow":["GET"]}}],"collection":[{"href":"https:\/\/daniellebeatrizmakeup.com.br\/loja\/wp-json\/wp\/v2\/product"}],"about":[{"href":"https:\/\/daniellebeatrizmakeup.com.br\/loja\/wp-json\/wp\/v2\/types\/product"}],"replies":[{"embeddable":true,"href":"https:\/\/daniellebeatrizmakeup.com.br\/loja\/wp-json\/wp\/v2\/comments?post=1068"}],"version-history":[{"count":2,"href":"https:\/\/daniellebeatrizmakeup.com.br\/loja\/wp-json\/wp\/v2\/product\/1068\/revisions"}],"predecessor-version":[{"id":51469,"href":"https:\/\/daniellebeatrizmakeup.com.br\/loja\/wp-json\/wp\/v2\/product\/1068\/revisions\/51469"}],"wp:featuredmedia":[{"embeddable":true,"href":"https:\/\/daniellebeatrizmakeup.com.br\/loja\/wp-json\/wp\/v2\/media\/1713"}],"wp:attachment":[{"href":"https:\/\/daniellebeatrizmakeup.com.br\/loja\/wp-json\/wp\/v2\/media?parent=1068"}],"wp:term":[{"taxonomy":"product_brand","embeddable":true,"href":"https:\/\/daniellebeatrizmakeup.com.br\/loja\/wp-json\/wp\/v2\/product_brand?post=1068"},{"taxonomy":"product_cat","embeddable":true,"href":"https:\/\/daniellebeatrizmakeup.com.br\/loja\/wp-json\/wp\/v2\/product_cat?post=1068"},{"taxonomy":"product_tag","embeddable":true,"href":"https:\/\/daniellebeatrizmakeup.com.br\/loja\/wp-json\/wp\/v2\/product_tag?post=1068"},{"taxonomy":"woo-feed-brand","embeddable":true,"href":"https:\/\/daniellebeatrizmakeup.com.br\/loja\/wp-json\/wp\/v2\/woo-feed-brand?post=1068"}],"curies":[{"name":"wp","href":"https:\/\/api.w.org\/{rel}","templated":true}]}}