{"id":1067,"date":"2020-07-08T12:33:53","date_gmt":"2020-07-08T15:33:53","guid":{"rendered":"https:\/\/loja.daniellebeatrizmakeup.com.br\/index.php\/produto\/import-placeholder-for-924\/"},"modified":"2025-04-08T15:30:22","modified_gmt":"2025-04-08T18:30:22","slug":"paleta-the-festival-juvias-place","status":"publish","type":"product","link":"https:\/\/daniellebeatrizmakeup.com.br\/loja\/paleta-the-festival-juvias-place\/","title":{"rendered":"Paleta de Sombras The Festival Juvias Place"},"content":{"rendered":"<p>A paleta de sombras The Festival da <a href=\"https:\/\/daniellebeatrizmakeup.com.br\/loja\/juvias-place\/\">Juvias Place<\/a> \u00e9 muito pigmentada. Uma celebra\u00e7\u00e3o de cores ousadas. Uma bela mistura de cores para fazer todos os dias festivos.<\/p>\n<p>A paleta de sombras The Festival n\u00e3o \u00e9 para os fracos de cora\u00e7\u00e3o. The Festival \u00e9 uma cole\u00e7\u00e3o ousada e ardente de 9 tons impressionantes, incluindo coral ousado, vermelho deslumbrante e neutros brilhantes. Tons de alta pigmenta\u00e7\u00e3o e uma dose saud\u00e1vel de brilho tornam esta paleta de sombras o complemento perfeito para cada look de <a href=\"https:\/\/www.instagram.com\/daniellebeatrizmakeup\/\">maquiagem<\/a> e para qualquer deusa que saiba marchar no ritmo de seu pr\u00f3prio tambor.<\/p>\n<p>Cont\u00e9m: 9 sombras no total, 5 sombras matte e 4 sombras cintilantes.<\/p>\n<ol>\n<li>Izafa \u00e9 um carmim matte<\/li>\n<li>Uli \u00e9 um gelo cintilante<\/li>\n<li>Ofala \u00e9 um fogo matte<\/li>\n<li>Mmanwu \u00e9 um coral matte<\/li>\n<li>Iri ji \u00e9 um f\u00facsia brilhante matte<\/li>\n<li>Oro \u00e9 um mel matte<\/li>\n<li>Keleke \u00e9 um metal escuro cintilante<\/li>\n<li>Aba \u00e9 um oceano azul-esverdeado escuro matte<\/li>\n<li>Odogwu \u00e9 uma s\u00e9pia brilhante<\/li>\n<\/ol>\n<p><strong>Paleta de sombras importada.<\/strong><\/p>\n<p>\u00a0<\/p>\n<p>Tudo come\u00e7ou na \u00c1frica, onde a fundadora Chichi Eburu criou a Juvia&#8217;s Place. Ela lutou para encontrar a maquiagem adequada para seu tom de pele profundo. Ent\u00e3o a marca foi criada para celebrar os rebeldes, governantes e rainhas dos reinos africanos. Bem como honraram a beleza por meio de suas t\u00e9cnicas inovadoras e emocionantes que ainda usamos hoje. Dessa forma, a Juvia&#8217;s Place acredita na beleza inclusiva, com cores ricas, vibrante e altamente pigmentadas.<\/p>\n","protected":false},"excerpt":{"rendered":"<p>A paleta de sombras The Festival da Juvias Place \u00e9 altamente pigmentada. Uma celebra\u00e7\u00e3o de cores ousadas. Uma bela mistura de cores para fazer todos os dias festivos.<\/p>\n","protected":false},"featured_media":1710,"comment_status":"open","ping_status":"closed","template":"","meta":{"_mbp_gutenberg_autopost":false},"product_brand":[],"product_cat":[722,113,79,326],"product_tag":[799,94,95,114,92],"woo-feed-brand":[],"class_list":{"0":"post-1067","1":"product","2":"type-product","3":"status-publish","4":"has-post-thumbnail","6":"product_cat-promocao","7":"product_cat-juvias-place","8":"product_cat-olhos","9":"product_cat-paleta-de-sombras","10":"product_tag-juvias-place","11":"product_tag-olhos-coloridos","12":"product_tag-olhos-neutros","13":"product_tag-paleta-de-sombras","14":"product_tag-sombra","15":"yith_product_brand-juvias","17":"first","18":"instock","19":"sale","20":"shipping-taxable","21":"purchasable","22":"product-type-simple"},"yoast_head":"<!-- This site is optimized with the Yoast SEO plugin v26.6 - https:\/\/yoast.com\/wordpress\/plugins\/seo\/ -->\n<title>Paleta de Sombras The Festival Juvias Place - Loja DB Makeup<\/title>\n<meta name=\"description\" content=\"Paleta de sombras The Festival da Juvias Place \u00e9 altamente pigmentada. Uma bela mistura de cores para fazer todos os dias festivos. Importado\" \/>\n<meta name=\"robots\" content=\"index, follow, max-snippet:-1, max-image-preview:large, max-video-preview:-1\" \/>\n<link rel=\"canonical\" href=\"https:\/\/daniellebeatrizmakeup.com.br\/loja\/paleta-the-festival-juvias-place\/\" \/>\n<meta property=\"og:locale\" content=\"pt_BR\" \/>\n<meta property=\"og:type\" content=\"article\" \/>\n<meta property=\"og:title\" content=\"Paleta de Sombras The Festival Juvias Place - Loja DB Makeup\" \/>\n<meta property=\"og:description\" content=\"Paleta de sombras The Festival da Juvias Place \u00e9 altamente pigmentada. Uma bela mistura de cores para fazer todos os dias festivos. Importado\" \/>\n<meta property=\"og:url\" content=\"https:\/\/daniellebeatrizmakeup.com.br\/loja\/paleta-the-festival-juvias-place\/\" \/>\n<meta property=\"og:site_name\" content=\"Loja DB Makeup\" \/>\n<meta property=\"article:publisher\" content=\"https:\/\/www.facebook.com\/daniellebeatrizmakeup\" \/>\n<meta property=\"article:modified_time\" content=\"2025-04-08T18:30:22+00:00\" \/>\n<meta property=\"og:image\" content=\"https:\/\/daniellebeatrizmakeup.com.br\/loja\/wp-content\/uploads\/2020\/07\/paleta-sombras-the-festival-juvias-place.jpg\" \/>\n\t<meta property=\"og:image:width\" content=\"835\" \/>\n\t<meta property=\"og:image:height\" content=\"835\" \/>\n\t<meta property=\"og:image:type\" content=\"image\/jpeg\" \/>\n<meta name=\"twitter:card\" content=\"summary_large_image\" \/>\n<meta name=\"twitter:site\" content=\"@danibetriz\" \/>\n<meta name=\"twitter:label1\" content=\"Est. tempo de leitura\" \/>\n\t<meta name=\"twitter:data1\" content=\"1 minuto\" \/>\n<script type=\"application\/ld+json\" class=\"yoast-schema-graph\">{\"@context\":\"https:\/\/schema.org\",\"@graph\":[{\"@type\":\"WebPage\",\"@id\":\"https:\/\/daniellebeatrizmakeup.com.br\/loja\/paleta-the-festival-juvias-place\/\",\"url\":\"https:\/\/daniellebeatrizmakeup.com.br\/loja\/paleta-the-festival-juvias-place\/\",\"name\":\"Paleta de Sombras The Festival Juvias Place - Loja DB Makeup\",\"isPartOf\":{\"@id\":\"https:\/\/daniellebeatrizmakeup.com.br\/loja\/#website\"},\"primaryImageOfPage\":{\"@id\":\"https:\/\/daniellebeatrizmakeup.com.br\/loja\/paleta-the-festival-juvias-place\/#primaryimage\"},\"image\":{\"@id\":\"https:\/\/daniellebeatrizmakeup.com.br\/loja\/paleta-the-festival-juvias-place\/#primaryimage\"},\"thumbnailUrl\":\"https:\/\/daniellebeatrizmakeup.com.br\/loja\/wp-content\/uploads\/2020\/07\/paleta-sombras-the-festival-juvias-place.jpg\",\"datePublished\":\"2020-07-08T15:33:53+00:00\",\"dateModified\":\"2025-04-08T18:30:22+00:00\",\"description\":\"Paleta de sombras The Festival da Juvias Place \u00e9 altamente pigmentada. Uma bela mistura de cores para fazer todos os dias festivos. Importado\",\"breadcrumb\":{\"@id\":\"https:\/\/daniellebeatrizmakeup.com.br\/loja\/paleta-the-festival-juvias-place\/#breadcrumb\"},\"inLanguage\":\"pt-BR\",\"potentialAction\":[{\"@type\":\"ReadAction\",\"target\":[\"https:\/\/daniellebeatrizmakeup.com.br\/loja\/paleta-the-festival-juvias-place\/\"]}]},{\"@type\":\"ImageObject\",\"inLanguage\":\"pt-BR\",\"@id\":\"https:\/\/daniellebeatrizmakeup.com.br\/loja\/paleta-the-festival-juvias-place\/#primaryimage\",\"url\":\"https:\/\/daniellebeatrizmakeup.com.br\/loja\/wp-content\/uploads\/2020\/07\/paleta-sombras-the-festival-juvias-place.jpg\",\"contentUrl\":\"https:\/\/daniellebeatrizmakeup.com.br\/loja\/wp-content\/uploads\/2020\/07\/paleta-sombras-the-festival-juvias-place.jpg\",\"width\":835,\"height\":835,\"caption\":\"Paleta de Sombras The Festival Juvia's Place\"},{\"@type\":\"BreadcrumbList\",\"@id\":\"https:\/\/daniellebeatrizmakeup.com.br\/loja\/paleta-the-festival-juvias-place\/#breadcrumb\",\"itemListElement\":[{\"@type\":\"ListItem\",\"position\":1,\"name\":\"In\u00edcio\",\"item\":\"https:\/\/daniellebeatrizmakeup.com.br\/loja\/\"},{\"@type\":\"ListItem\",\"position\":2,\"name\":\"Todos\",\"item\":\"https:\/\/daniellebeatrizmakeup.com.br\/loja\/todos\/\"},{\"@type\":\"ListItem\",\"position\":3,\"name\":\"Paleta de Sombras The Festival Juvias Place\"}]},{\"@type\":\"WebSite\",\"@id\":\"https:\/\/daniellebeatrizmakeup.com.br\/loja\/#website\",\"url\":\"https:\/\/daniellebeatrizmakeup.com.br\/loja\/\",\"name\":\"Loja DB Makeup\",\"description\":\"A melhor loja de maquiagem para real\u00e7ar a sua beleza\",\"publisher\":{\"@id\":\"https:\/\/daniellebeatrizmakeup.com.br\/loja\/#organization\"},\"potentialAction\":[{\"@type\":\"SearchAction\",\"target\":{\"@type\":\"EntryPoint\",\"urlTemplate\":\"https:\/\/daniellebeatrizmakeup.com.br\/loja\/?s={search_term_string}\"},\"query-input\":{\"@type\":\"PropertyValueSpecification\",\"valueRequired\":true,\"valueName\":\"search_term_string\"}}],\"inLanguage\":\"pt-BR\"},{\"@type\":\"Organization\",\"@id\":\"https:\/\/daniellebeatrizmakeup.com.br\/loja\/#organization\",\"name\":\"Danielle Beatriz Makeup\",\"url\":\"https:\/\/daniellebeatrizmakeup.com.br\/loja\/\",\"logo\":{\"@type\":\"ImageObject\",\"inLanguage\":\"pt-BR\",\"@id\":\"https:\/\/daniellebeatrizmakeup.com.br\/loja\/#\/schema\/logo\/image\/\",\"url\":\"https:\/\/daniellebeatrizmakeup.com.br\/loja\/wp-content\/uploads\/2020\/10\/logo-loja-db-makeup.png\",\"contentUrl\":\"https:\/\/daniellebeatrizmakeup.com.br\/loja\/wp-content\/uploads\/2020\/10\/logo-loja-db-makeup.png\",\"width\":500,\"height\":110,\"caption\":\"Danielle Beatriz Makeup\"},\"image\":{\"@id\":\"https:\/\/daniellebeatrizmakeup.com.br\/loja\/#\/schema\/logo\/image\/\"},\"sameAs\":[\"https:\/\/www.facebook.com\/daniellebeatrizmakeup\",\"https:\/\/x.com\/danibetriz\",\"https:\/\/www.instagram.com\/daniellebeatrizmakeup\",\"https:\/\/pinterest.com\/daniellebeatrizmakeup\",\"https:\/\/www.youtube.com\/DanielleBeatriz\"]}]}<\/script>\n<!-- \/ Yoast SEO plugin. -->","yoast_head_json":{"title":"Paleta de Sombras The Festival Juvias Place - Loja DB Makeup","description":"Paleta de sombras The Festival da Juvias Place \u00e9 altamente pigmentada. Uma bela mistura de cores para fazer todos os dias festivos. Importado","robots":{"index":"index","follow":"follow","max-snippet":"max-snippet:-1","max-image-preview":"max-image-preview:large","max-video-preview":"max-video-preview:-1"},"canonical":"https:\/\/daniellebeatrizmakeup.com.br\/loja\/paleta-the-festival-juvias-place\/","og_locale":"pt_BR","og_type":"article","og_title":"Paleta de Sombras The Festival Juvias Place - Loja DB Makeup","og_description":"Paleta de sombras The Festival da Juvias Place \u00e9 altamente pigmentada. Uma bela mistura de cores para fazer todos os dias festivos. Importado","og_url":"https:\/\/daniellebeatrizmakeup.com.br\/loja\/paleta-the-festival-juvias-place\/","og_site_name":"Loja DB Makeup","article_publisher":"https:\/\/www.facebook.com\/daniellebeatrizmakeup","article_modified_time":"2025-04-08T18:30:22+00:00","og_image":[{"width":835,"height":835,"url":"https:\/\/daniellebeatrizmakeup.com.br\/loja\/wp-content\/uploads\/2020\/07\/paleta-sombras-the-festival-juvias-place.jpg","type":"image\/jpeg"}],"twitter_card":"summary_large_image","twitter_site":"@danibetriz","twitter_misc":{"Est. tempo de leitura":"1 minuto"},"schema":{"@context":"https:\/\/schema.org","@graph":[{"@type":"WebPage","@id":"https:\/\/daniellebeatrizmakeup.com.br\/loja\/paleta-the-festival-juvias-place\/","url":"https:\/\/daniellebeatrizmakeup.com.br\/loja\/paleta-the-festival-juvias-place\/","name":"Paleta de Sombras The Festival Juvias Place - Loja DB Makeup","isPartOf":{"@id":"https:\/\/daniellebeatrizmakeup.com.br\/loja\/#website"},"primaryImageOfPage":{"@id":"https:\/\/daniellebeatrizmakeup.com.br\/loja\/paleta-the-festival-juvias-place\/#primaryimage"},"image":{"@id":"https:\/\/daniellebeatrizmakeup.com.br\/loja\/paleta-the-festival-juvias-place\/#primaryimage"},"thumbnailUrl":"https:\/\/daniellebeatrizmakeup.com.br\/loja\/wp-content\/uploads\/2020\/07\/paleta-sombras-the-festival-juvias-place.jpg","datePublished":"2020-07-08T15:33:53+00:00","dateModified":"2025-04-08T18:30:22+00:00","description":"Paleta de sombras The Festival da Juvias Place \u00e9 altamente pigmentada. Uma bela mistura de cores para fazer todos os dias festivos. Importado","breadcrumb":{"@id":"https:\/\/daniellebeatrizmakeup.com.br\/loja\/paleta-the-festival-juvias-place\/#breadcrumb"},"inLanguage":"pt-BR","potentialAction":[{"@type":"ReadAction","target":["https:\/\/daniellebeatrizmakeup.com.br\/loja\/paleta-the-festival-juvias-place\/"]}]},{"@type":"ImageObject","inLanguage":"pt-BR","@id":"https:\/\/daniellebeatrizmakeup.com.br\/loja\/paleta-the-festival-juvias-place\/#primaryimage","url":"https:\/\/daniellebeatrizmakeup.com.br\/loja\/wp-content\/uploads\/2020\/07\/paleta-sombras-the-festival-juvias-place.jpg","contentUrl":"https:\/\/daniellebeatrizmakeup.com.br\/loja\/wp-content\/uploads\/2020\/07\/paleta-sombras-the-festival-juvias-place.jpg","width":835,"height":835,"caption":"Paleta de Sombras The Festival Juvia's Place"},{"@type":"BreadcrumbList","@id":"https:\/\/daniellebeatrizmakeup.com.br\/loja\/paleta-the-festival-juvias-place\/#breadcrumb","itemListElement":[{"@type":"ListItem","position":1,"name":"In\u00edcio","item":"https:\/\/daniellebeatrizmakeup.com.br\/loja\/"},{"@type":"ListItem","position":2,"name":"Todos","item":"https:\/\/daniellebeatrizmakeup.com.br\/loja\/todos\/"},{"@type":"ListItem","position":3,"name":"Paleta de Sombras The Festival Juvias Place"}]},{"@type":"WebSite","@id":"https:\/\/daniellebeatrizmakeup.com.br\/loja\/#website","url":"https:\/\/daniellebeatrizmakeup.com.br\/loja\/","name":"Loja DB Makeup","description":"A melhor loja de maquiagem para real\u00e7ar a sua beleza","publisher":{"@id":"https:\/\/daniellebeatrizmakeup.com.br\/loja\/#organization"},"potentialAction":[{"@type":"SearchAction","target":{"@type":"EntryPoint","urlTemplate":"https:\/\/daniellebeatrizmakeup.com.br\/loja\/?s={search_term_string}"},"query-input":{"@type":"PropertyValueSpecification","valueRequired":true,"valueName":"search_term_string"}}],"inLanguage":"pt-BR"},{"@type":"Organization","@id":"https:\/\/daniellebeatrizmakeup.com.br\/loja\/#organization","name":"Danielle Beatriz Makeup","url":"https:\/\/daniellebeatrizmakeup.com.br\/loja\/","logo":{"@type":"ImageObject","inLanguage":"pt-BR","@id":"https:\/\/daniellebeatrizmakeup.com.br\/loja\/#\/schema\/logo\/image\/","url":"https:\/\/daniellebeatrizmakeup.com.br\/loja\/wp-content\/uploads\/2020\/10\/logo-loja-db-makeup.png","contentUrl":"https:\/\/daniellebeatrizmakeup.com.br\/loja\/wp-content\/uploads\/2020\/10\/logo-loja-db-makeup.png","width":500,"height":110,"caption":"Danielle Beatriz Makeup"},"image":{"@id":"https:\/\/daniellebeatrizmakeup.com.br\/loja\/#\/schema\/logo\/image\/"},"sameAs":["https:\/\/www.facebook.com\/daniellebeatrizmakeup","https:\/\/x.com\/danibetriz","https:\/\/www.instagram.com\/daniellebeatrizmakeup","https:\/\/pinterest.com\/daniellebeatrizmakeup","https:\/\/www.youtube.com\/DanielleBeatriz"]}]}},"jetpack_sharing_enabled":true,"_links":{"self":[{"href":"https:\/\/daniellebeatrizmakeup.com.br\/loja\/wp-json\/wp\/v2\/product\/1067","targetHints":{"allow":["GET"]}}],"collection":[{"href":"https:\/\/daniellebeatrizmakeup.com.br\/loja\/wp-json\/wp\/v2\/product"}],"about":[{"href":"https:\/\/daniellebeatrizmakeup.com.br\/loja\/wp-json\/wp\/v2\/types\/product"}],"replies":[{"embeddable":true,"href":"https:\/\/daniellebeatrizmakeup.com.br\/loja\/wp-json\/wp\/v2\/comments?post=1067"}],"version-history":[{"count":3,"href":"https:\/\/daniellebeatrizmakeup.com.br\/loja\/wp-json\/wp\/v2\/product\/1067\/revisions"}],"predecessor-version":[{"id":54522,"href":"https:\/\/daniellebeatrizmakeup.com.br\/loja\/wp-json\/wp\/v2\/product\/1067\/revisions\/54522"}],"wp:featuredmedia":[{"embeddable":true,"href":"https:\/\/daniellebeatrizmakeup.com.br\/loja\/wp-json\/wp\/v2\/media\/1710"}],"wp:attachment":[{"href":"https:\/\/daniellebeatrizmakeup.com.br\/loja\/wp-json\/wp\/v2\/media?parent=1067"}],"wp:term":[{"taxonomy":"product_brand","embeddable":true,"href":"https:\/\/daniellebeatrizmakeup.com.br\/loja\/wp-json\/wp\/v2\/product_brand?post=1067"},{"taxonomy":"product_cat","embeddable":true,"href":"https:\/\/daniellebeatrizmakeup.com.br\/loja\/wp-json\/wp\/v2\/product_cat?post=1067"},{"taxonomy":"product_tag","embeddable":true,"href":"https:\/\/daniellebeatrizmakeup.com.br\/loja\/wp-json\/wp\/v2\/product_tag?post=1067"},{"taxonomy":"woo-feed-brand","embeddable":true,"href":"https:\/\/daniellebeatrizmakeup.com.br\/loja\/wp-json\/wp\/v2\/woo-feed-brand?post=1067"}],"curies":[{"name":"wp","href":"https:\/\/api.w.org\/{rel}","templated":true}]}}