{"id":1025,"date":"2021-10-08T12:33:43","date_gmt":"2021-10-08T15:33:43","guid":{"rendered":"https:\/\/loja.daniellebeatrizmakeup.com.br\/index.php\/produto\/import-placeholder-for-882\/"},"modified":"2023-12-06T05:41:46","modified_gmt":"2023-12-06T08:41:46","slug":"agua-micelar-ultra-ruby-rose","status":"publish","type":"product","link":"https:\/\/daniellebeatrizmakeup.com.br\/loja\/agua-micelar-ultra-ruby-rose\/","title":{"rendered":"\u00c1gua Micelar Ultra Ruby Rose"},"content":{"rendered":"<p>\u00c1gua Micelar Ultra da <a href=\"https:\/\/daniellebeatrizmakeup.com.br\/loja\/ruby-rose\/\">Ruby Rose<\/a> proporciona uma pele limpa, tonificada e hidratada. Para todos os tipos de pele ele higieniza, suaviza, tonifica, hidrata e demaquila.<\/p>\n<p>Com uma f\u00f3rmula livre de oleosidade e alto poder de limpeza e higieniza\u00e7\u00e3o, a \u00c1gua Micelar Ultra elimina as impurezas e resqu\u00edcios de maquiagem, deixando a pele perfeitamente hidratada, suavizada sem agredi-la.<\/p>\n<p>Cont\u00e9m: 120ml<\/p>\n","protected":false},"excerpt":{"rendered":"<p>\u00c1gua Micelar Ultra da Ruby Rose proporciona uma pele limpa, tonificada e hidratada. Para todos os tipos de pele ele higieniza, suaviza, tonifica, hidrata e demaquila.<\/p>\n","protected":false},"featured_media":40763,"comment_status":"open","ping_status":"closed","template":"","meta":{"_mbp_gutenberg_autopost":false},"product_brand":[],"product_cat":[74,78,111,711,713],"product_tag":[225,191,181,106,188,805],"woo-feed-brand":[],"class_list":{"0":"post-1025","1":"product","2":"type-product","3":"status-publish","4":"has-post-thumbnail","6":"product_cat-ruby-rose","7":"product_cat-rosto","8":"product_cat-skincare","9":"product_cat-demaquilante","10":"product_cat-tonico","11":"product_tag-agua-micelar","12":"product_tag-cuidados-com-a-pele","13":"product_tag-demaquilante","14":"product_tag-pele","15":"product_tag-pele-oleosa","16":"product_tag-ruby-rose","17":"yith_product_brand-ruby-rose","19":"first","20":"outofstock","21":"shipping-taxable","22":"purchasable","23":"product-type-simple"},"yoast_head":"<!-- This site is optimized with the Yoast SEO plugin v26.6 - https:\/\/yoast.com\/wordpress\/plugins\/seo\/ -->\n<title>\u00c1gua Micelar Ultra Ruby Rose - Loja DB Makeup<\/title>\n<meta name=\"description\" content=\"\u00c1gua Micelar Ultra da Ruby Rose proporciona uma pele limpa, tonificada e hidratada. Para todos os tipos de pele.\" \/>\n<meta name=\"robots\" content=\"index, follow, max-snippet:-1, max-image-preview:large, max-video-preview:-1\" \/>\n<link rel=\"canonical\" href=\"https:\/\/daniellebeatrizmakeup.com.br\/loja\/agua-micelar-ultra-ruby-rose\/\" \/>\n<meta property=\"og:locale\" content=\"pt_BR\" \/>\n<meta property=\"og:type\" content=\"article\" \/>\n<meta property=\"og:title\" content=\"\u00c1gua Micelar Ultra Ruby Rose - Loja DB Makeup\" \/>\n<meta property=\"og:description\" content=\"\u00c1gua Micelar Ultra da Ruby Rose proporciona uma pele limpa, tonificada e hidratada. Para todos os tipos de pele.\" \/>\n<meta property=\"og:url\" content=\"https:\/\/daniellebeatrizmakeup.com.br\/loja\/agua-micelar-ultra-ruby-rose\/\" \/>\n<meta property=\"og:site_name\" content=\"Loja DB Makeup\" \/>\n<meta property=\"article:publisher\" content=\"https:\/\/www.facebook.com\/daniellebeatrizmakeup\" \/>\n<meta property=\"article:modified_time\" content=\"2023-12-06T08:41:46+00:00\" \/>\n<meta property=\"og:image\" content=\"https:\/\/daniellebeatrizmakeup.com.br\/loja\/wp-content\/uploads\/2020\/07\/agua-micelar-ruby-rose-scaled.jpg\" \/>\n\t<meta property=\"og:image:width\" content=\"2560\" \/>\n\t<meta property=\"og:image:height\" content=\"2560\" \/>\n\t<meta property=\"og:image:type\" content=\"image\/jpeg\" \/>\n<meta name=\"twitter:card\" content=\"summary_large_image\" \/>\n<meta name=\"twitter:site\" content=\"@danibetriz\" \/>\n<meta name=\"twitter:label1\" content=\"Est. tempo de leitura\" \/>\n\t<meta name=\"twitter:data1\" content=\"1 minuto\" \/>\n<script type=\"application\/ld+json\" class=\"yoast-schema-graph\">{\"@context\":\"https:\/\/schema.org\",\"@graph\":[{\"@type\":\"WebPage\",\"@id\":\"https:\/\/daniellebeatrizmakeup.com.br\/loja\/agua-micelar-ultra-ruby-rose\/\",\"url\":\"https:\/\/daniellebeatrizmakeup.com.br\/loja\/agua-micelar-ultra-ruby-rose\/\",\"name\":\"\u00c1gua Micelar Ultra Ruby Rose - Loja DB Makeup\",\"isPartOf\":{\"@id\":\"https:\/\/daniellebeatrizmakeup.com.br\/loja\/#website\"},\"primaryImageOfPage\":{\"@id\":\"https:\/\/daniellebeatrizmakeup.com.br\/loja\/agua-micelar-ultra-ruby-rose\/#primaryimage\"},\"image\":{\"@id\":\"https:\/\/daniellebeatrizmakeup.com.br\/loja\/agua-micelar-ultra-ruby-rose\/#primaryimage\"},\"thumbnailUrl\":\"https:\/\/daniellebeatrizmakeup.com.br\/loja\/wp-content\/uploads\/2020\/07\/agua-micelar-ruby-rose-scaled.jpg\",\"datePublished\":\"2021-10-08T15:33:43+00:00\",\"dateModified\":\"2023-12-06T08:41:46+00:00\",\"description\":\"\u00c1gua Micelar Ultra da Ruby Rose proporciona uma pele limpa, tonificada e hidratada. Para todos os tipos de pele.\",\"breadcrumb\":{\"@id\":\"https:\/\/daniellebeatrizmakeup.com.br\/loja\/agua-micelar-ultra-ruby-rose\/#breadcrumb\"},\"inLanguage\":\"pt-BR\",\"potentialAction\":[{\"@type\":\"ReadAction\",\"target\":[\"https:\/\/daniellebeatrizmakeup.com.br\/loja\/agua-micelar-ultra-ruby-rose\/\"]}]},{\"@type\":\"ImageObject\",\"inLanguage\":\"pt-BR\",\"@id\":\"https:\/\/daniellebeatrizmakeup.com.br\/loja\/agua-micelar-ultra-ruby-rose\/#primaryimage\",\"url\":\"https:\/\/daniellebeatrizmakeup.com.br\/loja\/wp-content\/uploads\/2020\/07\/agua-micelar-ruby-rose-scaled.jpg\",\"contentUrl\":\"https:\/\/daniellebeatrizmakeup.com.br\/loja\/wp-content\/uploads\/2020\/07\/agua-micelar-ruby-rose-scaled.jpg\",\"width\":2560,\"height\":2560},{\"@type\":\"BreadcrumbList\",\"@id\":\"https:\/\/daniellebeatrizmakeup.com.br\/loja\/agua-micelar-ultra-ruby-rose\/#breadcrumb\",\"itemListElement\":[{\"@type\":\"ListItem\",\"position\":1,\"name\":\"In\u00edcio\",\"item\":\"https:\/\/daniellebeatrizmakeup.com.br\/loja\/\"},{\"@type\":\"ListItem\",\"position\":2,\"name\":\"Todos\",\"item\":\"https:\/\/daniellebeatrizmakeup.com.br\/loja\/todos\/\"},{\"@type\":\"ListItem\",\"position\":3,\"name\":\"\u00c1gua Micelar Ultra Ruby Rose\"}]},{\"@type\":\"WebSite\",\"@id\":\"https:\/\/daniellebeatrizmakeup.com.br\/loja\/#website\",\"url\":\"https:\/\/daniellebeatrizmakeup.com.br\/loja\/\",\"name\":\"Loja DB Makeup\",\"description\":\"A melhor loja de maquiagem para real\u00e7ar a sua beleza\",\"publisher\":{\"@id\":\"https:\/\/daniellebeatrizmakeup.com.br\/loja\/#organization\"},\"potentialAction\":[{\"@type\":\"SearchAction\",\"target\":{\"@type\":\"EntryPoint\",\"urlTemplate\":\"https:\/\/daniellebeatrizmakeup.com.br\/loja\/?s={search_term_string}\"},\"query-input\":{\"@type\":\"PropertyValueSpecification\",\"valueRequired\":true,\"valueName\":\"search_term_string\"}}],\"inLanguage\":\"pt-BR\"},{\"@type\":\"Organization\",\"@id\":\"https:\/\/daniellebeatrizmakeup.com.br\/loja\/#organization\",\"name\":\"Danielle Beatriz Makeup\",\"url\":\"https:\/\/daniellebeatrizmakeup.com.br\/loja\/\",\"logo\":{\"@type\":\"ImageObject\",\"inLanguage\":\"pt-BR\",\"@id\":\"https:\/\/daniellebeatrizmakeup.com.br\/loja\/#\/schema\/logo\/image\/\",\"url\":\"https:\/\/daniellebeatrizmakeup.com.br\/loja\/wp-content\/uploads\/2020\/10\/logo-loja-db-makeup.png\",\"contentUrl\":\"https:\/\/daniellebeatrizmakeup.com.br\/loja\/wp-content\/uploads\/2020\/10\/logo-loja-db-makeup.png\",\"width\":500,\"height\":110,\"caption\":\"Danielle Beatriz Makeup\"},\"image\":{\"@id\":\"https:\/\/daniellebeatrizmakeup.com.br\/loja\/#\/schema\/logo\/image\/\"},\"sameAs\":[\"https:\/\/www.facebook.com\/daniellebeatrizmakeup\",\"https:\/\/x.com\/danibetriz\",\"https:\/\/www.instagram.com\/daniellebeatrizmakeup\",\"https:\/\/pinterest.com\/daniellebeatrizmakeup\",\"https:\/\/www.youtube.com\/DanielleBeatriz\"]}]}<\/script>\n<!-- \/ Yoast SEO plugin. -->","yoast_head_json":{"title":"\u00c1gua Micelar Ultra Ruby Rose - Loja DB Makeup","description":"\u00c1gua Micelar Ultra da Ruby Rose proporciona uma pele limpa, tonificada e hidratada. Para todos os tipos de pele.","robots":{"index":"index","follow":"follow","max-snippet":"max-snippet:-1","max-image-preview":"max-image-preview:large","max-video-preview":"max-video-preview:-1"},"canonical":"https:\/\/daniellebeatrizmakeup.com.br\/loja\/agua-micelar-ultra-ruby-rose\/","og_locale":"pt_BR","og_type":"article","og_title":"\u00c1gua Micelar Ultra Ruby Rose - Loja DB Makeup","og_description":"\u00c1gua Micelar Ultra da Ruby Rose proporciona uma pele limpa, tonificada e hidratada. Para todos os tipos de pele.","og_url":"https:\/\/daniellebeatrizmakeup.com.br\/loja\/agua-micelar-ultra-ruby-rose\/","og_site_name":"Loja DB Makeup","article_publisher":"https:\/\/www.facebook.com\/daniellebeatrizmakeup","article_modified_time":"2023-12-06T08:41:46+00:00","og_image":[{"width":2560,"height":2560,"url":"https:\/\/daniellebeatrizmakeup.com.br\/loja\/wp-content\/uploads\/2020\/07\/agua-micelar-ruby-rose-scaled.jpg","type":"image\/jpeg"}],"twitter_card":"summary_large_image","twitter_site":"@danibetriz","twitter_misc":{"Est. tempo de leitura":"1 minuto"},"schema":{"@context":"https:\/\/schema.org","@graph":[{"@type":"WebPage","@id":"https:\/\/daniellebeatrizmakeup.com.br\/loja\/agua-micelar-ultra-ruby-rose\/","url":"https:\/\/daniellebeatrizmakeup.com.br\/loja\/agua-micelar-ultra-ruby-rose\/","name":"\u00c1gua Micelar Ultra Ruby Rose - Loja DB Makeup","isPartOf":{"@id":"https:\/\/daniellebeatrizmakeup.com.br\/loja\/#website"},"primaryImageOfPage":{"@id":"https:\/\/daniellebeatrizmakeup.com.br\/loja\/agua-micelar-ultra-ruby-rose\/#primaryimage"},"image":{"@id":"https:\/\/daniellebeatrizmakeup.com.br\/loja\/agua-micelar-ultra-ruby-rose\/#primaryimage"},"thumbnailUrl":"https:\/\/daniellebeatrizmakeup.com.br\/loja\/wp-content\/uploads\/2020\/07\/agua-micelar-ruby-rose-scaled.jpg","datePublished":"2021-10-08T15:33:43+00:00","dateModified":"2023-12-06T08:41:46+00:00","description":"\u00c1gua Micelar Ultra da Ruby Rose proporciona uma pele limpa, tonificada e hidratada. Para todos os tipos de pele.","breadcrumb":{"@id":"https:\/\/daniellebeatrizmakeup.com.br\/loja\/agua-micelar-ultra-ruby-rose\/#breadcrumb"},"inLanguage":"pt-BR","potentialAction":[{"@type":"ReadAction","target":["https:\/\/daniellebeatrizmakeup.com.br\/loja\/agua-micelar-ultra-ruby-rose\/"]}]},{"@type":"ImageObject","inLanguage":"pt-BR","@id":"https:\/\/daniellebeatrizmakeup.com.br\/loja\/agua-micelar-ultra-ruby-rose\/#primaryimage","url":"https:\/\/daniellebeatrizmakeup.com.br\/loja\/wp-content\/uploads\/2020\/07\/agua-micelar-ruby-rose-scaled.jpg","contentUrl":"https:\/\/daniellebeatrizmakeup.com.br\/loja\/wp-content\/uploads\/2020\/07\/agua-micelar-ruby-rose-scaled.jpg","width":2560,"height":2560},{"@type":"BreadcrumbList","@id":"https:\/\/daniellebeatrizmakeup.com.br\/loja\/agua-micelar-ultra-ruby-rose\/#breadcrumb","itemListElement":[{"@type":"ListItem","position":1,"name":"In\u00edcio","item":"https:\/\/daniellebeatrizmakeup.com.br\/loja\/"},{"@type":"ListItem","position":2,"name":"Todos","item":"https:\/\/daniellebeatrizmakeup.com.br\/loja\/todos\/"},{"@type":"ListItem","position":3,"name":"\u00c1gua Micelar Ultra Ruby Rose"}]},{"@type":"WebSite","@id":"https:\/\/daniellebeatrizmakeup.com.br\/loja\/#website","url":"https:\/\/daniellebeatrizmakeup.com.br\/loja\/","name":"Loja DB Makeup","description":"A melhor loja de maquiagem para real\u00e7ar a sua beleza","publisher":{"@id":"https:\/\/daniellebeatrizmakeup.com.br\/loja\/#organization"},"potentialAction":[{"@type":"SearchAction","target":{"@type":"EntryPoint","urlTemplate":"https:\/\/daniellebeatrizmakeup.com.br\/loja\/?s={search_term_string}"},"query-input":{"@type":"PropertyValueSpecification","valueRequired":true,"valueName":"search_term_string"}}],"inLanguage":"pt-BR"},{"@type":"Organization","@id":"https:\/\/daniellebeatrizmakeup.com.br\/loja\/#organization","name":"Danielle Beatriz Makeup","url":"https:\/\/daniellebeatrizmakeup.com.br\/loja\/","logo":{"@type":"ImageObject","inLanguage":"pt-BR","@id":"https:\/\/daniellebeatrizmakeup.com.br\/loja\/#\/schema\/logo\/image\/","url":"https:\/\/daniellebeatrizmakeup.com.br\/loja\/wp-content\/uploads\/2020\/10\/logo-loja-db-makeup.png","contentUrl":"https:\/\/daniellebeatrizmakeup.com.br\/loja\/wp-content\/uploads\/2020\/10\/logo-loja-db-makeup.png","width":500,"height":110,"caption":"Danielle Beatriz Makeup"},"image":{"@id":"https:\/\/daniellebeatrizmakeup.com.br\/loja\/#\/schema\/logo\/image\/"},"sameAs":["https:\/\/www.facebook.com\/daniellebeatrizmakeup","https:\/\/x.com\/danibetriz","https:\/\/www.instagram.com\/daniellebeatrizmakeup","https:\/\/pinterest.com\/daniellebeatrizmakeup","https:\/\/www.youtube.com\/DanielleBeatriz"]}]}},"jetpack_sharing_enabled":true,"_links":{"self":[{"href":"https:\/\/daniellebeatrizmakeup.com.br\/loja\/wp-json\/wp\/v2\/product\/1025","targetHints":{"allow":["GET"]}}],"collection":[{"href":"https:\/\/daniellebeatrizmakeup.com.br\/loja\/wp-json\/wp\/v2\/product"}],"about":[{"href":"https:\/\/daniellebeatrizmakeup.com.br\/loja\/wp-json\/wp\/v2\/types\/product"}],"replies":[{"embeddable":true,"href":"https:\/\/daniellebeatrizmakeup.com.br\/loja\/wp-json\/wp\/v2\/comments?post=1025"}],"version-history":[{"count":5,"href":"https:\/\/daniellebeatrizmakeup.com.br\/loja\/wp-json\/wp\/v2\/product\/1025\/revisions"}],"predecessor-version":[{"id":56802,"href":"https:\/\/daniellebeatrizmakeup.com.br\/loja\/wp-json\/wp\/v2\/product\/1025\/revisions\/56802"}],"wp:featuredmedia":[{"embeddable":true,"href":"https:\/\/daniellebeatrizmakeup.com.br\/loja\/wp-json\/wp\/v2\/media\/40763"}],"wp:attachment":[{"href":"https:\/\/daniellebeatrizmakeup.com.br\/loja\/wp-json\/wp\/v2\/media?parent=1025"}],"wp:term":[{"taxonomy":"product_brand","embeddable":true,"href":"https:\/\/daniellebeatrizmakeup.com.br\/loja\/wp-json\/wp\/v2\/product_brand?post=1025"},{"taxonomy":"product_cat","embeddable":true,"href":"https:\/\/daniellebeatrizmakeup.com.br\/loja\/wp-json\/wp\/v2\/product_cat?post=1025"},{"taxonomy":"product_tag","embeddable":true,"href":"https:\/\/daniellebeatrizmakeup.com.br\/loja\/wp-json\/wp\/v2\/product_tag?post=1025"},{"taxonomy":"woo-feed-brand","embeddable":true,"href":"https:\/\/daniellebeatrizmakeup.com.br\/loja\/wp-json\/wp\/v2\/woo-feed-brand?post=1025"}],"curies":[{"name":"wp","href":"https:\/\/api.w.org\/{rel}","templated":true}]}}