{"id":3,"date":"2020-05-29T12:26:11","date_gmt":"2020-05-29T15:26:11","guid":{"rendered":"https:\/\/loja.daniellebeatrizmakeup.com.br\/?page_id=3"},"modified":"2021-04-07T00:39:14","modified_gmt":"2021-04-07T03:39:14","slug":"politica-privacidade","status":"publish","type":"page","link":"https:\/\/daniellebeatrizmakeup.com.br\/loja\/politica-privacidade\/","title":{"rendered":"Pol\u00edtica de Privacidade"},"content":{"rendered":"\n<p>A\u00a0Danielle Beatriz Makeup\u00a0respeita a privacidade de todos os usu\u00e1rios do site e age estritamente de acordo com o princ\u00edpio da boa-f\u00e9 e com os usos e costumes. Nesse sentido, a Pol\u00edtica de Privacidade deste site confirma o compromisso com a privacidade e a seguran\u00e7a dos dados pessoais coletados de nossos clientes.<\/p>\n\n\n\n<p>I. Informa\u00e7\u00f5es coletadas<\/p>\n\n\n\n<p>Com a anu\u00eancia, podemos coletar e processar as informa\u00e7\u00f5es a seguir quando do uso do site.<\/p>\n\n\n\n<p>Nome | Sobrenome | Sexo | Data de Nascimento | CEP | Endere\u00e7o (Comercial ou Residencial) | Rua\/N\u00famero\/Complemento | Bairro\/Cidade | Pais | Estado | Endere\u00e7o de e-mail | N\u00famero de Telefone (Comercial ou Residencial) | Feedback com rela\u00e7\u00e3o aos nossos produtos | Qualquer informa\u00e7\u00e3o espec\u00edfica recebida por n\u00f3s | Fotos, v\u00eddeos e textos compartilhados. Os dados acima elencados s\u00e3o fornecidos ao (i) preencher formul\u00e1rios, (ii) enviar informa\u00e7\u00f5es, (iii) assinar servi\u00e7os online (ex.: p\u00e1ginas nas redes sociais). Tamb\u00e9m podemos solicitar o preenchimento de pesquisas que usamos para fins de pesquisa e estat\u00edstica.<\/p>\n\n\n\n<p>I.I O endere\u00e7o IP e o tipo de Browser estar\u00e3o dispon\u00edveis para coleta para fins de configura\u00e7\u00e3o do site e\/ou para an\u00e1lise estat\u00edstica, sem identificar qualquer informa\u00e7\u00e3o individual. Utilizaremos cookies e demais informa\u00e7\u00f5es para fins estat\u00edsticos e para aperfei\u00e7oar o nosso servi\u00e7o, mantendo as informa\u00e7\u00f5es em absoluto sigilo.<\/p>\n\n\n\n<p>II. Como acessar seus dados<\/p>\n\n\n\n<p>Sinta-se \u00e0 vontade para nos questionar quais dados temos sobre voc\u00ea. Caso identifique algum erro ou omiss\u00e3o no seu cadastro, voc\u00ea ter\u00e1 o direito de solicitar retifica\u00e7\u00e3o.<\/p>\n\n\n\n<p>Ainda, poder\u00e1 solicitar que sejam apagados os dados que temos sobre voc\u00ea. Contudo, podemos manter registros de dados para fins de arquivamento (principalmente quando autorizados por lei).<\/p>\n\n\n\n<p>III. Onde os seus dados est\u00e3o armazenados<\/p>\n\n\n\n<p>Os seus dados est\u00e3o armazenados em nosso banco de dados e s\u00e3o acessados apenas por empregados e por prestadores de servi\u00e7os.<\/p>\n\n\n\n<p>IV. Comunica\u00e7\u00e3o<\/p>\n\n\n\n<p>N\u00f3s poderemos enviar correspond\u00eancias via e-mail sobre os produtos, promo\u00e7\u00f5es e informa\u00e7\u00f5es. Caso n\u00e3o tenha interesse, poder\u00e1 nos solicitar que descontinue o envio.<\/p>\n\n\n\n<p>V. Direito de usar o conte\u00fado enviado ao site<\/p>\n\n\n\n<p>O envio espont\u00e2neo de qualquer material ao site nos d\u00e1 o direito de utiliz\u00e1-lo sem restri\u00e7\u00e3o, at\u00e9 mesmo para uso promocional e\/ou para divulga\u00e7\u00e3o.<\/p>\n\n\n\n<p>VI. Altera\u00e7\u00e3o da Pol\u00edtica de Privacidade<\/p>\n\n\n\n<p>A Danielle Beatriz Makeup se reserva o direito de modificar a Pol\u00edtica de Privacidade, sempre consoante legisla\u00e7\u00e3o vigente. Caso n\u00e3o concorde com qualquer altera\u00e7\u00e3o na Pol\u00edtica de Privacidade, solicitamos, gentilmente, que n\u00e3o acesse ao Site e\/ou realize a compra dos nossos produtos. Caso assim o fa\u00e7a, estar\u00e1 concordando tacitamente com todas as modifica\u00e7\u00f5es<\/p>\n\n\n\n<p>O uso continuado de nosso site ser\u00e1 considerado como aceita\u00e7\u00e3o de nossas pr\u00e1ticas em torno de privacidade e informa\u00e7\u00f5es pessoais. Se voc\u00ea tiver alguma d\u00favida sobre como lidamos com dados do usu\u00e1rio e informa\u00e7\u00f5es pessoais, entre em contato conosco.<\/p>\n\n\n\n<p>A \u00faltima altera\u00e7\u00e3o na Pol\u00edtica de Privacidade foi publicada em 23 de novembro de 2020.<\/p>\n\n\n\n<p>\u00a9 2020 Danielle Beatriz Makeup, Todos os Direitos Reservados.<\/p>\n","protected":false},"excerpt":{"rendered":"<p>A\u00a0Danielle Beatriz Makeup\u00a0respeita a privacidade de todos os usu\u00e1rios do site e age estritamente de acordo com o princ\u00edpio da boa-f\u00e9 e com os usos e costumes. Nesse sentido, a Pol\u00edtica de Privacidade deste site confirma o compromisso com a privacidade e a seguran\u00e7a dos dados pessoais coletados de nossos [&hellip;]<\/p>\n","protected":false},"author":1,"featured_media":0,"parent":0,"menu_order":3,"comment_status":"closed","ping_status":"closed","template":"","meta":{"_mbp_gutenberg_autopost":false,"footnotes":""},"class_list":["post-3","page","type-page","status-publish","hentry"],"yoast_head":"<!-- This site is optimized with the Yoast SEO plugin v27.3 - https:\/\/yoast.com\/product\/yoast-seo-wordpress\/ -->\n<title>Pol\u00edtica de Privacidade - Loja DB Makeup<\/title>\n<meta name=\"robots\" content=\"index, follow, max-snippet:-1, max-image-preview:large, max-video-preview:-1\" \/>\n<link rel=\"canonical\" href=\"https:\/\/daniellebeatrizmakeup.com.br\/loja\/politica-privacidade\/\" \/>\n<meta property=\"og:locale\" content=\"pt_BR\" \/>\n<meta property=\"og:type\" content=\"article\" \/>\n<meta property=\"og:title\" content=\"Pol\u00edtica de Privacidade - Loja DB Makeup\" \/>\n<meta property=\"og:description\" content=\"A\u00a0Danielle Beatriz Makeup\u00a0respeita a privacidade de todos os usu\u00e1rios do site e age estritamente de acordo com o princ\u00edpio da boa-f\u00e9 e com os usos e costumes. Nesse sentido, a Pol\u00edtica de Privacidade deste site confirma o compromisso com a privacidade e a seguran\u00e7a dos dados pessoais coletados de nossos [&hellip;]\" \/>\n<meta property=\"og:url\" content=\"https:\/\/daniellebeatrizmakeup.com.br\/loja\/politica-privacidade\/\" \/>\n<meta property=\"og:site_name\" content=\"Loja DB Makeup\" \/>\n<meta property=\"article:publisher\" content=\"https:\/\/www.facebook.com\/daniellebeatrizmakeup\" \/>\n<meta property=\"article:modified_time\" content=\"2021-04-07T03:39:14+00:00\" \/>\n<meta name=\"twitter:card\" content=\"summary_large_image\" \/>\n<meta name=\"twitter:site\" content=\"@danibetriz\" \/>\n<meta name=\"twitter:label1\" content=\"Est. tempo de leitura\" \/>\n\t<meta name=\"twitter:data1\" content=\"3 minutos\" \/>\n<script type=\"application\/ld+json\" class=\"yoast-schema-graph\">{\"@context\":\"https:\\\/\\\/schema.org\",\"@graph\":[{\"@type\":\"WebPage\",\"@id\":\"https:\\\/\\\/daniellebeatrizmakeup.com.br\\\/loja\\\/politica-privacidade\\\/\",\"url\":\"https:\\\/\\\/daniellebeatrizmakeup.com.br\\\/loja\\\/politica-privacidade\\\/\",\"name\":\"Pol\u00edtica de Privacidade - Loja DB Makeup\",\"isPartOf\":{\"@id\":\"https:\\\/\\\/daniellebeatrizmakeup.com.br\\\/loja\\\/#website\"},\"datePublished\":\"2020-05-29T15:26:11+00:00\",\"dateModified\":\"2021-04-07T03:39:14+00:00\",\"breadcrumb\":{\"@id\":\"https:\\\/\\\/daniellebeatrizmakeup.com.br\\\/loja\\\/politica-privacidade\\\/#breadcrumb\"},\"inLanguage\":\"pt-BR\",\"potentialAction\":[{\"@type\":\"ReadAction\",\"target\":[\"https:\\\/\\\/daniellebeatrizmakeup.com.br\\\/loja\\\/politica-privacidade\\\/\"]}]},{\"@type\":\"BreadcrumbList\",\"@id\":\"https:\\\/\\\/daniellebeatrizmakeup.com.br\\\/loja\\\/politica-privacidade\\\/#breadcrumb\",\"itemListElement\":[{\"@type\":\"ListItem\",\"position\":1,\"name\":\"In\u00edcio\",\"item\":\"https:\\\/\\\/daniellebeatrizmakeup.com.br\\\/loja\\\/\"},{\"@type\":\"ListItem\",\"position\":2,\"name\":\"Pol\u00edtica de Privacidade\"}]},{\"@type\":\"WebSite\",\"@id\":\"https:\\\/\\\/daniellebeatrizmakeup.com.br\\\/loja\\\/#website\",\"url\":\"https:\\\/\\\/daniellebeatrizmakeup.com.br\\\/loja\\\/\",\"name\":\"Loja DB Makeup\",\"description\":\"A melhor loja de maquiagem para real\u00e7ar a sua beleza\",\"publisher\":{\"@id\":\"https:\\\/\\\/daniellebeatrizmakeup.com.br\\\/loja\\\/#organization\"},\"potentialAction\":[{\"@type\":\"SearchAction\",\"target\":{\"@type\":\"EntryPoint\",\"urlTemplate\":\"https:\\\/\\\/daniellebeatrizmakeup.com.br\\\/loja\\\/?s={search_term_string}\"},\"query-input\":{\"@type\":\"PropertyValueSpecification\",\"valueRequired\":true,\"valueName\":\"search_term_string\"}}],\"inLanguage\":\"pt-BR\"},{\"@type\":\"Organization\",\"@id\":\"https:\\\/\\\/daniellebeatrizmakeup.com.br\\\/loja\\\/#organization\",\"name\":\"Danielle Beatriz Makeup\",\"url\":\"https:\\\/\\\/daniellebeatrizmakeup.com.br\\\/loja\\\/\",\"logo\":{\"@type\":\"ImageObject\",\"inLanguage\":\"pt-BR\",\"@id\":\"https:\\\/\\\/daniellebeatrizmakeup.com.br\\\/loja\\\/#\\\/schema\\\/logo\\\/image\\\/\",\"url\":\"https:\\\/\\\/daniellebeatrizmakeup.com.br\\\/loja\\\/wp-content\\\/uploads\\\/2020\\\/10\\\/logo-loja-db-makeup.png\",\"contentUrl\":\"https:\\\/\\\/daniellebeatrizmakeup.com.br\\\/loja\\\/wp-content\\\/uploads\\\/2020\\\/10\\\/logo-loja-db-makeup.png\",\"width\":500,\"height\":110,\"caption\":\"Danielle Beatriz Makeup\"},\"image\":{\"@id\":\"https:\\\/\\\/daniellebeatrizmakeup.com.br\\\/loja\\\/#\\\/schema\\\/logo\\\/image\\\/\"},\"sameAs\":[\"https:\\\/\\\/www.facebook.com\\\/daniellebeatrizmakeup\",\"https:\\\/\\\/x.com\\\/danibetriz\",\"https:\\\/\\\/www.instagram.com\\\/daniellebeatrizmakeup\",\"https:\\\/\\\/pinterest.com\\\/daniellebeatrizmakeup\",\"https:\\\/\\\/www.youtube.com\\\/DanielleBeatriz\"]}]}<\/script>\n<!-- \/ Yoast SEO plugin. -->","yoast_head_json":{"title":"Pol\u00edtica de Privacidade - Loja DB Makeup","robots":{"index":"index","follow":"follow","max-snippet":"max-snippet:-1","max-image-preview":"max-image-preview:large","max-video-preview":"max-video-preview:-1"},"canonical":"https:\/\/daniellebeatrizmakeup.com.br\/loja\/politica-privacidade\/","og_locale":"pt_BR","og_type":"article","og_title":"Pol\u00edtica de Privacidade - Loja DB Makeup","og_description":"A\u00a0Danielle Beatriz Makeup\u00a0respeita a privacidade de todos os usu\u00e1rios do site e age estritamente de acordo com o princ\u00edpio da boa-f\u00e9 e com os usos e costumes. Nesse sentido, a Pol\u00edtica de Privacidade deste site confirma o compromisso com a privacidade e a seguran\u00e7a dos dados pessoais coletados de nossos [&hellip;]","og_url":"https:\/\/daniellebeatrizmakeup.com.br\/loja\/politica-privacidade\/","og_site_name":"Loja DB Makeup","article_publisher":"https:\/\/www.facebook.com\/daniellebeatrizmakeup","article_modified_time":"2021-04-07T03:39:14+00:00","twitter_card":"summary_large_image","twitter_site":"@danibetriz","twitter_misc":{"Est. tempo de leitura":"3 minutos"},"schema":{"@context":"https:\/\/schema.org","@graph":[{"@type":"WebPage","@id":"https:\/\/daniellebeatrizmakeup.com.br\/loja\/politica-privacidade\/","url":"https:\/\/daniellebeatrizmakeup.com.br\/loja\/politica-privacidade\/","name":"Pol\u00edtica de Privacidade - Loja DB Makeup","isPartOf":{"@id":"https:\/\/daniellebeatrizmakeup.com.br\/loja\/#website"},"datePublished":"2020-05-29T15:26:11+00:00","dateModified":"2021-04-07T03:39:14+00:00","breadcrumb":{"@id":"https:\/\/daniellebeatrizmakeup.com.br\/loja\/politica-privacidade\/#breadcrumb"},"inLanguage":"pt-BR","potentialAction":[{"@type":"ReadAction","target":["https:\/\/daniellebeatrizmakeup.com.br\/loja\/politica-privacidade\/"]}]},{"@type":"BreadcrumbList","@id":"https:\/\/daniellebeatrizmakeup.com.br\/loja\/politica-privacidade\/#breadcrumb","itemListElement":[{"@type":"ListItem","position":1,"name":"In\u00edcio","item":"https:\/\/daniellebeatrizmakeup.com.br\/loja\/"},{"@type":"ListItem","position":2,"name":"Pol\u00edtica de Privacidade"}]},{"@type":"WebSite","@id":"https:\/\/daniellebeatrizmakeup.com.br\/loja\/#website","url":"https:\/\/daniellebeatrizmakeup.com.br\/loja\/","name":"Loja DB Makeup","description":"A melhor loja de maquiagem para real\u00e7ar a sua beleza","publisher":{"@id":"https:\/\/daniellebeatrizmakeup.com.br\/loja\/#organization"},"potentialAction":[{"@type":"SearchAction","target":{"@type":"EntryPoint","urlTemplate":"https:\/\/daniellebeatrizmakeup.com.br\/loja\/?s={search_term_string}"},"query-input":{"@type":"PropertyValueSpecification","valueRequired":true,"valueName":"search_term_string"}}],"inLanguage":"pt-BR"},{"@type":"Organization","@id":"https:\/\/daniellebeatrizmakeup.com.br\/loja\/#organization","name":"Danielle Beatriz Makeup","url":"https:\/\/daniellebeatrizmakeup.com.br\/loja\/","logo":{"@type":"ImageObject","inLanguage":"pt-BR","@id":"https:\/\/daniellebeatrizmakeup.com.br\/loja\/#\/schema\/logo\/image\/","url":"https:\/\/daniellebeatrizmakeup.com.br\/loja\/wp-content\/uploads\/2020\/10\/logo-loja-db-makeup.png","contentUrl":"https:\/\/daniellebeatrizmakeup.com.br\/loja\/wp-content\/uploads\/2020\/10\/logo-loja-db-makeup.png","width":500,"height":110,"caption":"Danielle Beatriz Makeup"},"image":{"@id":"https:\/\/daniellebeatrizmakeup.com.br\/loja\/#\/schema\/logo\/image\/"},"sameAs":["https:\/\/www.facebook.com\/daniellebeatrizmakeup","https:\/\/x.com\/danibetriz","https:\/\/www.instagram.com\/daniellebeatrizmakeup","https:\/\/pinterest.com\/daniellebeatrizmakeup","https:\/\/www.youtube.com\/DanielleBeatriz"]}]}},"jetpack_sharing_enabled":true,"_links":{"self":[{"href":"https:\/\/daniellebeatrizmakeup.com.br\/loja\/wp-json\/wp\/v2\/pages\/3","targetHints":{"allow":["GET"]}}],"collection":[{"href":"https:\/\/daniellebeatrizmakeup.com.br\/loja\/wp-json\/wp\/v2\/pages"}],"about":[{"href":"https:\/\/daniellebeatrizmakeup.com.br\/loja\/wp-json\/wp\/v2\/types\/page"}],"author":[{"embeddable":true,"href":"https:\/\/daniellebeatrizmakeup.com.br\/loja\/wp-json\/wp\/v2\/users\/1"}],"replies":[{"embeddable":true,"href":"https:\/\/daniellebeatrizmakeup.com.br\/loja\/wp-json\/wp\/v2\/comments?post=3"}],"version-history":[{"count":4,"href":"https:\/\/daniellebeatrizmakeup.com.br\/loja\/wp-json\/wp\/v2\/pages\/3\/revisions"}],"predecessor-version":[{"id":2317,"href":"https:\/\/daniellebeatrizmakeup.com.br\/loja\/wp-json\/wp\/v2\/pages\/3\/revisions\/2317"}],"wp:attachment":[{"href":"https:\/\/daniellebeatrizmakeup.com.br\/loja\/wp-json\/wp\/v2\/media?parent=3"}],"curies":[{"name":"wp","href":"https:\/\/api.w.org\/{rel}","templated":true}]}}